{"id":11172,"date":"2018-03-28T19:55:00","date_gmt":"2018-03-28T17:55:00","guid":{"rendered":"http:\/\/ponteo.sk\/?page_id=11172"},"modified":"2020-02-06T08:59:46","modified_gmt":"2020-02-06T07:59:46","slug":"sport-fan-zone","status":"publish","type":"page","link":"https:\/\/www.ponteo.sk\/de\/bar-bowling\/sport-fan-zone\/","title":{"rendered":"Sport Fan Zone"},"content":{"rendered":"<p><img loading=\"lazy\" decoding=\"async\" class=\"aligncenter wp-image-18951 size-full lazyload\" data-src=\"https:\/\/ponteo.sk\/wp-content\/uploads\/2020\/01\/fan-z\u00f3na.jpg\" alt=\"\" width=\"950\" height=\"475\" data-srcset=\"https:\/\/www.ponteo.sk\/wp-content\/uploads\/2020\/01\/fan-z\u00f3na.jpg 950w, https:\/\/www.ponteo.sk\/wp-content\/uploads\/2020\/01\/fan-z\u00f3na-300x150.jpg 300w, https:\/\/www.ponteo.sk\/wp-content\/uploads\/2020\/01\/fan-z\u00f3na-768x384.jpg 768w\" data-sizes=\"(max-width: 950px) 100vw, 950px\" src=\"data:image\/gif;base64,R0lGODlhAQABAAAAACH5BAEKAAEALAAAAAABAAEAAAICTAEAOw==\" style=\"--smush-placeholder-width: 950px; --smush-placeholder-aspect-ratio: 950\/475;\" \/><noscript><img loading=\"lazy\" decoding=\"async\" class=\"aligncenter wp-image-18951 size-full\" src=\"https:\/\/ponteo.sk\/wp-content\/uploads\/2020\/01\/fan-z\u00f3na.jpg\" alt=\"\" width=\"950\" height=\"475\" srcset=\"https:\/\/www.ponteo.sk\/wp-content\/uploads\/2020\/01\/fan-z\u00f3na.jpg 950w, https:\/\/www.ponteo.sk\/wp-content\/uploads\/2020\/01\/fan-z\u00f3na-300x150.jpg 300w, https:\/\/www.ponteo.sk\/wp-content\/uploads\/2020\/01\/fan-z\u00f3na-768x384.jpg 768w\" sizes=\"(max-width: 950px) 100vw, 950px\" \/><\/noscript><\/p>\n<h1 style=\"text-align: center;\">Sport Fan Zone<\/h1>\n<h2 style=\"text-align: center;\">Wo Sie den Sport auf Hochtouren genie\u00dfen<\/h2>\n<p style=\"text-align: center;\">Die Sportfanzone bietet Ihnen ein komplettes Sporterlebnis und Geschmack.\u00a0<span style=\"color: #3e6a27;\">\u00a0<\/span>Sportfanzonen sind<strong><span style=\"color: #3e6a27;\">bequeme Boxen<\/span><\/strong> mit einer Kapazit\u00e4t <strong><span style=\"color: #3e6a27;\"> von 8-10 Personen<\/span><\/strong> mit <strong><span style=\"color: #3e6a27;\">4 gro\u00dfen Bildschirmen <\/span><\/strong> und\u00a0<strong><span style=\"color: #3e6a27;\">Projektion<\/span><\/strong>.<\/p>\n<p style=\"text-align: center;\">Auf gro\u00dfen Bildschirmen k\u00f6nnen Sie <strong><span style=\"color: #3e6a27;\">11 Sportkan\u00e4le in HD-Qualit\u00e4t ansehen<\/span><\/strong>. Das Sportsendungsprogramm, das Sie genie\u00dfen:<\/p>\n<p style=\"text-align: center;\"><a href=\"https:\/\/www.eurosport.cz\/tvschedule.shtml\" target=\"_blank\" rel=\"noopener noreferrer\">EUROSPORT 1 a 2 HD<\/a><\/p>\n<p style=\"text-align: center;\"><a href=\"https:\/\/www.digisport.sk\/program\/\" target=\"_blank\" rel=\"noopener noreferrer\"> DIGI SPORT 1, 2, 3, 4, 5 HD<\/a><\/p>\n<p style=\"text-align: center;\"><a href=\"http:\/\/www.sport1tv.cz\/PROGRAM\" target=\"_blank\" rel=\"noopener noreferrer\"> SPORT 1 a 2 HD<\/a><\/p>\n<p style=\"text-align: center;\"><a href=\"http:\/\/sport.tn.nova.cz\" target=\"_blank\" rel=\"noopener noreferrer\">NOVA SPORT 1 a 2 HD<\/a><\/p>\n<p style=\"text-align: center;\">Sport\u00fcbertragungen mit deinen Freunden in der Privatsph\u00e4re von komfortablen Boxen zu beobachten, wird noch mehr Spa\u00df machen unsere <strong><span style=\"color: #3e6a27;\">Gourmet-Vorspeisen<\/span><\/strong> und Angebot von Premium <strong><span style=\"color: #3e6a27;\">Bieren, Weinen, Rum und Mixgetr\u00e4nken.<\/span><\/strong>.<\/p>\n<p style=\"text-align: center;\">W\u00e4hlen Sie aus einer reichhaltigen Speisekarte mit Speisen und Getr\u00e4nken w\u00e4hlen Aus \u00a0<span style=\"color: #3e6a27;\"><a href=\"http:\/\/ponteo.sk\/de\/bowling\/bowling-menue\/\">PONTEO BAR &amp;\u00a0BOWLING MENU<\/a>\u00a0,\u00a0<a href=\"http:\/\/ponteo.sk\/de\/restaurant\/kulinariche-kalender\/\">KULINARICHE KALENDER <\/a>\u00a0,\u00a0<\/span>oder\u00a0<a href=\"http:\/\/ponteo.sk\/de\/restaurant\/menue\/\">STANDARTANGEBOT<\/a>\u00a0unseres Restaurants.<\/p>\n<h4 style=\"text-align: center;\">Genie\u00dfen Sie Sport in einer angehehmen Umgebung von Ponteo BAR &amp; Bowling<\/h4>\n<p style=\"text-align: center;\"><a class=\"vfbutton\" href=\"http:\/\/ponteo.sk\/galeria\/bar_bowling\/\">Galerie<\/a><\/p>\n<hr style=\"color: #b9d986; background-color: #b9d986; height: 1px;\" \/>\n","protected":false},"excerpt":{"rendered":"<p>Sport Fan Zone Wo Sie den Sport auf Hochtouren genie\u00dfen Die Sportfanzone bietet Ihnen ein komplettes Sporterlebnis und Geschmack.\u00a0\u00a0Sportfanzonen sindbequeme Boxen mit einer Kapazit\u00e4t von 8-10 Personen mit 4 gro\u00dfen Bildschirmen und\u00a0Projektion. Auf gro\u00dfen Bildschirmen k\u00f6nnen Sie 11 Sportkan\u00e4le in<\/p>\n","protected":false},"author":4,"featured_media":10316,"parent":4145,"menu_order":0,"comment_status":"closed","ping_status":"closed","template":"page-templates\/business-two.php","meta":{"footnotes":""},"yoast_head":"<!-- This site is optimized with the Yoast SEO plugin v23.2 - https:\/\/yoast.com\/wordpress\/plugins\/seo\/ -->\n<title>Sport Fan Zone | Ponteo Activity Park Bratislava - Rusovce<\/title>\n<meta name=\"description\" content=\"Sport Fan Zone Wo Sie den Sport auf Hochtouren genie\u00dfen Die Sportfanzone bietet Ihnen ein komplettes Sporterlebnis und Geschmack. Sportfanzonen sind bequeme Boxen mit einer Kapazit\u00e4t von 8-10 Personen mit 4 4 gro\u00dfen Bildschirmen und Projektion. Auf gro\u00dfen Bildschirmen k\u00f6nnen Sie 11 Sportkan\u00e4le in HD-Qualit\u00e4t ansehen.\" \/>\n<meta name=\"robots\" content=\"index, follow, max-snippet:-1, max-image-preview:large, max-video-preview:-1\" \/>\n<link rel=\"canonical\" href=\"https:\/\/www.ponteo.sk\/de\/bar-bowling\/sport-fan-zone\/\" \/>\n<meta property=\"og:locale\" content=\"de_DE\" \/>\n<meta property=\"og:type\" content=\"article\" \/>\n<meta property=\"og:title\" content=\"Sport Fan Zone | Ponteo Activity Park Bratislava - Rusovce\" \/>\n<meta property=\"og:description\" content=\"Sport Fan Zone Wo Sie den Sport auf Hochtouren genie\u00dfen Die Sportfanzone bietet Ihnen ein komplettes Sporterlebnis und Geschmack. Sportfanzonen sind bequeme Boxen mit einer Kapazit\u00e4t von 8-10 Personen mit 4 4 gro\u00dfen Bildschirmen und Projektion. Auf gro\u00dfen Bildschirmen k\u00f6nnen Sie 11 Sportkan\u00e4le in HD-Qualit\u00e4t ansehen.\" \/>\n<meta property=\"og:url\" content=\"https:\/\/www.ponteo.sk\/de\/bar-bowling\/sport-fan-zone\/\" \/>\n<meta property=\"og:site_name\" content=\"Hotel 4* PONTEO\" \/>\n<meta property=\"article:publisher\" content=\"https:\/\/www.facebook.com\/ponteo\/\" \/>\n<meta property=\"article:modified_time\" content=\"2020-02-06T07:59:46+00:00\" \/>\n<meta property=\"og:image\" content=\"https:\/\/www.ponteo.sk\/wp-content\/uploads\/2018\/02\/Sport-Fun-zona-1100x550-2-e1517430405291.jpg\" \/>\n\t<meta property=\"og:image:width\" content=\"340\" \/>\n\t<meta property=\"og:image:height\" content=\"230\" \/>\n\t<meta property=\"og:image:type\" content=\"image\/jpeg\" \/>\n<meta name=\"twitter:card\" content=\"summary_large_image\" \/>\n<meta name=\"twitter:label1\" content=\"Gesch\u00e4tzte Lesezeit\" \/>\n\t<meta name=\"twitter:data1\" content=\"1\u00a0Minute\" \/>\n<script type=\"application\/ld+json\" class=\"yoast-schema-graph\">{\"@context\":\"https:\/\/schema.org\",\"@graph\":[{\"@type\":\"WebPage\",\"@id\":\"https:\/\/www.ponteo.sk\/de\/bar-bowling\/sport-fan-zone\/\",\"url\":\"https:\/\/www.ponteo.sk\/de\/bar-bowling\/sport-fan-zone\/\",\"name\":\"Sport Fan Zone | Ponteo Activity Park Bratislava - Rusovce\",\"isPartOf\":{\"@id\":\"https:\/\/www.ponteo.sk\/#website\"},\"primaryImageOfPage\":{\"@id\":\"https:\/\/www.ponteo.sk\/de\/bar-bowling\/sport-fan-zone\/#primaryimage\"},\"image\":{\"@id\":\"https:\/\/www.ponteo.sk\/de\/bar-bowling\/sport-fan-zone\/#primaryimage\"},\"thumbnailUrl\":\"https:\/\/www.ponteo.sk\/wp-content\/uploads\/2018\/02\/Sport-Fun-zona-1100x550-2-e1517430405291.jpg\",\"datePublished\":\"2018-03-28T17:55:00+00:00\",\"dateModified\":\"2020-02-06T07:59:46+00:00\",\"description\":\"Sport Fan Zone Wo Sie den Sport auf Hochtouren genie\u00dfen Die Sportfanzone bietet Ihnen ein komplettes Sporterlebnis und Geschmack. Sportfanzonen sind bequeme Boxen mit einer Kapazit\u00e4t von 8-10 Personen mit 4 4 gro\u00dfen Bildschirmen und Projektion. Auf gro\u00dfen Bildschirmen k\u00f6nnen Sie 11 Sportkan\u00e4le in HD-Qualit\u00e4t ansehen.\",\"breadcrumb\":{\"@id\":\"https:\/\/www.ponteo.sk\/de\/bar-bowling\/sport-fan-zone\/#breadcrumb\"},\"inLanguage\":\"de\",\"potentialAction\":[{\"@type\":\"ReadAction\",\"target\":[\"https:\/\/www.ponteo.sk\/de\/bar-bowling\/sport-fan-zone\/\"]}]},{\"@type\":\"ImageObject\",\"inLanguage\":\"de\",\"@id\":\"https:\/\/www.ponteo.sk\/de\/bar-bowling\/sport-fan-zone\/#primaryimage\",\"url\":\"https:\/\/www.ponteo.sk\/wp-content\/uploads\/2018\/02\/Sport-Fun-zona-1100x550-2-e1517430405291.jpg\",\"contentUrl\":\"https:\/\/www.ponteo.sk\/wp-content\/uploads\/2018\/02\/Sport-Fun-zona-1100x550-2-e1517430405291.jpg\",\"width\":\"340\",\"height\":\"230\"},{\"@type\":\"BreadcrumbList\",\"@id\":\"https:\/\/www.ponteo.sk\/de\/bar-bowling\/sport-fan-zone\/#breadcrumb\",\"itemListElement\":[{\"@type\":\"ListItem\",\"position\":1,\"name\":\"Domov\",\"item\":\"https:\/\/www.ponteo.sk\/de\/\"},{\"@type\":\"ListItem\",\"position\":2,\"name\":\"Bar &#038; Bowling\",\"item\":\"https:\/\/www.ponteo.sk\/de\/bar-bowling\/\"},{\"@type\":\"ListItem\",\"position\":3,\"name\":\"Sport Fan Zone\"}]},{\"@type\":\"WebSite\",\"@id\":\"https:\/\/www.ponteo.sk\/#website\",\"url\":\"https:\/\/www.ponteo.sk\/\",\"name\":\"Hotel 4* PONTEO\",\"description\":\"Miesto, ktor\u00e9 v\u00e1m zostane v srdci\",\"potentialAction\":[{\"@type\":\"SearchAction\",\"target\":{\"@type\":\"EntryPoint\",\"urlTemplate\":\"https:\/\/www.ponteo.sk\/?s={search_term_string}\"},\"query-input\":\"required name=search_term_string\"}],\"inLanguage\":\"de\"}]}<\/script>\n<!-- \/ Yoast SEO plugin. -->","yoast_head_json":{"title":"Sport Fan Zone | Ponteo Activity Park Bratislava - Rusovce","description":"Sport Fan Zone Wo Sie den Sport auf Hochtouren genie\u00dfen Die Sportfanzone bietet Ihnen ein komplettes Sporterlebnis und Geschmack. Sportfanzonen sind bequeme Boxen mit einer Kapazit\u00e4t von 8-10 Personen mit 4 4 gro\u00dfen Bildschirmen und Projektion. Auf gro\u00dfen Bildschirmen k\u00f6nnen Sie 11 Sportkan\u00e4le in HD-Qualit\u00e4t ansehen.","robots":{"index":"index","follow":"follow","max-snippet":"max-snippet:-1","max-image-preview":"max-image-preview:large","max-video-preview":"max-video-preview:-1"},"canonical":"https:\/\/www.ponteo.sk\/de\/bar-bowling\/sport-fan-zone\/","og_locale":"de_DE","og_type":"article","og_title":"Sport Fan Zone | Ponteo Activity Park Bratislava - Rusovce","og_description":"Sport Fan Zone Wo Sie den Sport auf Hochtouren genie\u00dfen Die Sportfanzone bietet Ihnen ein komplettes Sporterlebnis und Geschmack. Sportfanzonen sind bequeme Boxen mit einer Kapazit\u00e4t von 8-10 Personen mit 4 4 gro\u00dfen Bildschirmen und Projektion. Auf gro\u00dfen Bildschirmen k\u00f6nnen Sie 11 Sportkan\u00e4le in HD-Qualit\u00e4t ansehen.","og_url":"https:\/\/www.ponteo.sk\/de\/bar-bowling\/sport-fan-zone\/","og_site_name":"Hotel 4* PONTEO","article_publisher":"https:\/\/www.facebook.com\/ponteo\/","article_modified_time":"2020-02-06T07:59:46+00:00","og_image":[{"width":340,"height":230,"url":"https:\/\/www.ponteo.sk\/wp-content\/uploads\/2018\/02\/Sport-Fun-zona-1100x550-2-e1517430405291.jpg","type":"image\/jpeg"}],"twitter_card":"summary_large_image","twitter_misc":{"Gesch\u00e4tzte Lesezeit":"1\u00a0Minute"},"schema":{"@context":"https:\/\/schema.org","@graph":[{"@type":"WebPage","@id":"https:\/\/www.ponteo.sk\/de\/bar-bowling\/sport-fan-zone\/","url":"https:\/\/www.ponteo.sk\/de\/bar-bowling\/sport-fan-zone\/","name":"Sport Fan Zone | Ponteo Activity Park Bratislava - Rusovce","isPartOf":{"@id":"https:\/\/www.ponteo.sk\/#website"},"primaryImageOfPage":{"@id":"https:\/\/www.ponteo.sk\/de\/bar-bowling\/sport-fan-zone\/#primaryimage"},"image":{"@id":"https:\/\/www.ponteo.sk\/de\/bar-bowling\/sport-fan-zone\/#primaryimage"},"thumbnailUrl":"https:\/\/www.ponteo.sk\/wp-content\/uploads\/2018\/02\/Sport-Fun-zona-1100x550-2-e1517430405291.jpg","datePublished":"2018-03-28T17:55:00+00:00","dateModified":"2020-02-06T07:59:46+00:00","description":"Sport Fan Zone Wo Sie den Sport auf Hochtouren genie\u00dfen Die Sportfanzone bietet Ihnen ein komplettes Sporterlebnis und Geschmack. Sportfanzonen sind bequeme Boxen mit einer Kapazit\u00e4t von 8-10 Personen mit 4 4 gro\u00dfen Bildschirmen und Projektion. Auf gro\u00dfen Bildschirmen k\u00f6nnen Sie 11 Sportkan\u00e4le in HD-Qualit\u00e4t ansehen.","breadcrumb":{"@id":"https:\/\/www.ponteo.sk\/de\/bar-bowling\/sport-fan-zone\/#breadcrumb"},"inLanguage":"de","potentialAction":[{"@type":"ReadAction","target":["https:\/\/www.ponteo.sk\/de\/bar-bowling\/sport-fan-zone\/"]}]},{"@type":"ImageObject","inLanguage":"de","@id":"https:\/\/www.ponteo.sk\/de\/bar-bowling\/sport-fan-zone\/#primaryimage","url":"https:\/\/www.ponteo.sk\/wp-content\/uploads\/2018\/02\/Sport-Fun-zona-1100x550-2-e1517430405291.jpg","contentUrl":"https:\/\/www.ponteo.sk\/wp-content\/uploads\/2018\/02\/Sport-Fun-zona-1100x550-2-e1517430405291.jpg","width":"340","height":"230"},{"@type":"BreadcrumbList","@id":"https:\/\/www.ponteo.sk\/de\/bar-bowling\/sport-fan-zone\/#breadcrumb","itemListElement":[{"@type":"ListItem","position":1,"name":"Domov","item":"https:\/\/www.ponteo.sk\/de\/"},{"@type":"ListItem","position":2,"name":"Bar &#038; Bowling","item":"https:\/\/www.ponteo.sk\/de\/bar-bowling\/"},{"@type":"ListItem","position":3,"name":"Sport Fan Zone"}]},{"@type":"WebSite","@id":"https:\/\/www.ponteo.sk\/#website","url":"https:\/\/www.ponteo.sk\/","name":"Hotel 4* PONTEO","description":"Miesto, ktor\u00e9 v\u00e1m zostane v srdci","potentialAction":[{"@type":"SearchAction","target":{"@type":"EntryPoint","urlTemplate":"https:\/\/www.ponteo.sk\/?s={search_term_string}"},"query-input":"required name=search_term_string"}],"inLanguage":"de"}]}},"_links":{"self":[{"href":"https:\/\/www.ponteo.sk\/de\/wp-json\/wp\/v2\/pages\/11172"}],"collection":[{"href":"https:\/\/www.ponteo.sk\/de\/wp-json\/wp\/v2\/pages"}],"about":[{"href":"https:\/\/www.ponteo.sk\/de\/wp-json\/wp\/v2\/types\/page"}],"author":[{"embeddable":true,"href":"https:\/\/www.ponteo.sk\/de\/wp-json\/wp\/v2\/users\/4"}],"replies":[{"embeddable":true,"href":"https:\/\/www.ponteo.sk\/de\/wp-json\/wp\/v2\/comments?post=11172"}],"version-history":[{"count":5,"href":"https:\/\/www.ponteo.sk\/de\/wp-json\/wp\/v2\/pages\/11172\/revisions"}],"predecessor-version":[{"id":19242,"href":"https:\/\/www.ponteo.sk\/de\/wp-json\/wp\/v2\/pages\/11172\/revisions\/19242"}],"up":[{"embeddable":true,"href":"https:\/\/www.ponteo.sk\/de\/wp-json\/wp\/v2\/pages\/4145"}],"wp:featuredmedia":[{"embeddable":true,"href":"https:\/\/www.ponteo.sk\/de\/wp-json\/wp\/v2\/media\/10316"}],"wp:attachment":[{"href":"https:\/\/www.ponteo.sk\/de\/wp-json\/wp\/v2\/media?parent=11172"}],"curies":[{"name":"wp","href":"https:\/\/api.w.org\/{rel}","templated":true}]}}