{"id":13024,"date":"2018-07-02T14:57:53","date_gmt":"2018-07-02T12:57:53","guid":{"rendered":"https:\/\/ponteo.sk\/?page_id=13024"},"modified":"2019-05-30T10:27:36","modified_gmt":"2019-05-30T08:27:36","slug":"gourmet-und-entspannung-aufenthaltspaket","status":"publish","type":"page","link":"https:\/\/www.ponteo.sk\/de\/hotel\/gourmet-und-entspannung-aufenthaltspaket\/","title":{"rendered":"Gourmet und Entspannung Aufenthaltspaket"},"content":{"rendered":"<p><img loading=\"lazy\" decoding=\"async\" class=\"aligncenter wp-image-12855 size-full lazyload\" data-src=\"https:\/\/ponteo.sk\/wp-content\/uploads\/2018\/06\/Gurm\u00e1nsko_relaxa\u010dn\u00fd-pobytov\u00fd-bal\u00ed\u010dek-1100x550.png\" alt=\"gurmansko relaxacny pobytovy balicek\" width=\"1100\" height=\"550\" data-srcset=\"https:\/\/www.ponteo.sk\/wp-content\/uploads\/2018\/06\/Gurm\u00e1nsko_relaxa\u010dn\u00fd-pobytov\u00fd-bal\u00ed\u010dek-1100x550.png 1100w, https:\/\/www.ponteo.sk\/wp-content\/uploads\/2018\/06\/Gurm\u00e1nsko_relaxa\u010dn\u00fd-pobytov\u00fd-bal\u00ed\u010dek-1100x550-300x150.png 300w, https:\/\/www.ponteo.sk\/wp-content\/uploads\/2018\/06\/Gurm\u00e1nsko_relaxa\u010dn\u00fd-pobytov\u00fd-bal\u00ed\u010dek-1100x550-768x384.png 768w, https:\/\/www.ponteo.sk\/wp-content\/uploads\/2018\/06\/Gurm\u00e1nsko_relaxa\u010dn\u00fd-pobytov\u00fd-bal\u00ed\u010dek-1100x550-1024x512.png 1024w\" data-sizes=\"(max-width: 1100px) 100vw, 1100px\" src=\"data:image\/gif;base64,R0lGODlhAQABAAAAACH5BAEKAAEALAAAAAABAAEAAAICTAEAOw==\" style=\"--smush-placeholder-width: 1100px; --smush-placeholder-aspect-ratio: 1100\/550;\" \/><noscript><img loading=\"lazy\" decoding=\"async\" class=\"aligncenter wp-image-12855 size-full\" src=\"https:\/\/ponteo.sk\/wp-content\/uploads\/2018\/06\/Gurm\u00e1nsko_relaxa\u010dn\u00fd-pobytov\u00fd-bal\u00ed\u010dek-1100x550.png\" alt=\"gurmansko relaxacny pobytovy balicek\" width=\"1100\" height=\"550\" srcset=\"https:\/\/www.ponteo.sk\/wp-content\/uploads\/2018\/06\/Gurm\u00e1nsko_relaxa\u010dn\u00fd-pobytov\u00fd-bal\u00ed\u010dek-1100x550.png 1100w, https:\/\/www.ponteo.sk\/wp-content\/uploads\/2018\/06\/Gurm\u00e1nsko_relaxa\u010dn\u00fd-pobytov\u00fd-bal\u00ed\u010dek-1100x550-300x150.png 300w, https:\/\/www.ponteo.sk\/wp-content\/uploads\/2018\/06\/Gurm\u00e1nsko_relaxa\u010dn\u00fd-pobytov\u00fd-bal\u00ed\u010dek-1100x550-768x384.png 768w, https:\/\/www.ponteo.sk\/wp-content\/uploads\/2018\/06\/Gurm\u00e1nsko_relaxa\u010dn\u00fd-pobytov\u00fd-bal\u00ed\u010dek-1100x550-1024x512.png 1024w\" sizes=\"(max-width: 1100px) 100vw, 1100px\" \/><\/noscript><\/p>\n<h1 style=\"text-align: center;\">Gourmet &#8211; Entspannung Aufenthaltspaket<\/h1>\n<p style=\"text-align: center;\">Genie\u00dfen Sie die Urlaubsatmosph\u00e4re. Genie\u00dfen Sie die perfekte Kombination aus exzellentem Essen und Entspannung.<\/p>\n<p style=\"text-align: center;\">Frischer Kokos als Willkommensgetr\u00e4nk, Degustationsmen\u00fc inspiriert von den Gourmet-Urlaubszielen und privates Wellness mit Saunen und Open-Air-Whirlpool.<\/p>\n<p style=\"text-align: center;\"><strong>Das Angebot ist von Montag bis Donnerstag begrenzt und kann bis sp\u00e4testens 29. August 2019 genutzt werden.<\/strong><\/p>\n<h4 style=\"text-align: center;\">Eine perfekte Kombination, die Ihre Sinne erfreuen wird.<\/h4>\n<p style=\"text-align: center;\"><a class=\"vfbutton2\" href=\"http:\/\/ponteo.sk\/rezervacny-formular\/\">Reservierung<\/a><\/p>\n<hr style=\"color: #b9d986; background-color: #b9d986; height: 1px;\" \/>\n<div class=\"csRow\">\n<div class=\"csColumnGap\" style=\"margin: 0px; padding: 0px; float: left; width: 3.13%;\"><img decoding=\"async\" style=\"border: none;\" data-src=\"https:\/\/ponteo.sk\/wp-content\/plugins\/advanced-wp-columns\/assets\/js\/plugins\/views\/img\/1x1-pixel.png\" src=\"data:image\/gif;base64,R0lGODlhAQABAAAAACH5BAEKAAEALAAAAAABAAEAAAICTAEAOw==\" class=\"lazyload\" \/><noscript><img decoding=\"async\" style=\"border: none;\" data-src=\"https:\/\/ponteo.sk\/wp-content\/plugins\/advanced-wp-columns\/assets\/js\/plugins\/views\/img\/1x1-pixel.png\" src=\"data:image\/gif;base64,R0lGODlhAQABAAAAACH5BAEKAAEALAAAAAABAAEAAAICTAEAOw==\" class=\"lazyload\" \/><noscript><img decoding=\"async\" style=\"border: none;\" data-src=\"https:\/\/ponteo.sk\/wp-content\/plugins\/advanced-wp-columns\/assets\/js\/plugins\/views\/img\/1x1-pixel.png\" src=\"data:image\/gif;base64,R0lGODlhAQABAAAAACH5BAEKAAEALAAAAAABAAEAAAICTAEAOw==\" class=\"lazyload\" \/><noscript><img decoding=\"async\" style=\"border: none;\" src=\"https:\/\/ponteo.sk\/wp-content\/plugins\/advanced-wp-columns\/assets\/js\/plugins\/views\/img\/1x1-pixel.png\" \/><\/noscript><\/noscript><\/noscript><\/div>\n<div class=\"csColumn\" style=\"margin: 0px; padding: 0px; float: left; width: 66.7%;\" data-csstartpoint=\"30\" data-csendpoint=\"670\" data-cswidth=\"66.7%\" data-csid=\"6a6b601f-0bab-90bf-a276-26e233a6360b\">\n<h2 style=\"text-align: left;\">Gourmet &#8211; Entspannung Aufenthaltspaket<\/h2>\n<h4 style=\"text-align: left;\">189,- Eur\/1 Nacht\/2Personen<\/h4>\n<p style=\"text-align: left;\"><strong>Paketpreis beinhaltet:<\/strong><\/p>\n<ul>\n<li style=\"list-style-type: none;\">\n<ul>\n<li style=\"list-style-type: none;\">\n<ul>\n<li style=\"list-style-type: none;\">\n<ul>\n<li><a href=\"&quot;https:\/\/ponteo.sk\/de\/hotel-ponteo\/zimmer-und-suiten\/&lt;\/a\"> f\u00fcr zwei Personen in einem Doppelzimmer <\/a><\/li>\n<li>Fr\u00fchst\u00fcck f\u00fcr zwei Personen<\/li>\n<li>Exotisch Frischer Kokos &#8211; Getr\u00e4nke zur Begr\u00fc\u00dfung f\u00fcr zwei Personen<\/li>\n<li>Verkostung Abendessen f\u00fcr 2 Personen nach dem aktuellen Angebot (Juni Spanische K\u00fcche, Juli Franz\u00f6sisch K\u00fcche und August Italienische K\u00fcche) in unserem in einem stilvollen Restaurant<\/li>\n<\/ul>\n<\/li>\n<\/ul>\n<\/li>\n<\/ul>\n<ul>\n<li>1 Stunde private Wellness f\u00fcr zwei in <a href=\"https:\/\/ponteo.sk\/de\/wellness\/\">Welnessbereich\u00a0<\/a>\/Finnische Sauna, Dampfsauna und Infrasauna\/ und Jacuzzi auf der Open-Air-Terrasse mit sch\u00f6ner Aussicht auf die Umgebung oder den Nachthimmelwellness<\/li>\n<\/ul>\n<\/li>\n<\/ul>\n<ul>\n<li>30 min.\u00a0<a href=\"https:\/\/ponteo.sk\/de\/wellness\/ichtyotherapie\/\">Ichtyotherapie<\/a>\u00a0f\u00fcr 2 Personen kostenlos<\/li>\n<li>Fitnesszentrum\u00a0kostenlos<\/li>\n<li>Wi-fi Gratis<\/li>\n<li>Parkplatz Gratis<\/li>\n<li>sp\u00e4ter Check-out, bis 15.00 Uhr (basierend auf Hotelbelegung)<\/li>\n<\/ul>\n<p style=\"text-align: center;\">Natur- und Waldliebhaber k\u00f6nnen einen romantischen Spaziergang im Waldpark Rusovce, oder die Seen \u010cu\u0148ovo oder Rusovce genie3en. Entdecken Sie die Sch\u00f6nheit der Naturschutzgebiete Dunajsk\u00e9 luhy und Ostrovn\u00e9 l\u00fa\u010dky.<a href=\"https:\/\/ponteo.sk\/de\/hotel-ponteo\/angebote-in-der-umgebung\/\"><br \/>\nAktivit\u00e4ten in der N\u00e4he<\/a><\/p>\n<p style=\"text-align: left;\">Der Paketpreis beinhaltet nicht lokales Geb\u00fchr \/1,70eur-Person undTag\/. Massagen sollten im voraus an der Hotelrezeption gebucht werden. W\u00e4hrend Ihres Aufenthalts k\u00f6nnen Sie das Restaurantservice, Massagen und andere Sport &#8211; und Entspannungsleistungen in Ponteo Activity Park nutzen, die nach der aktuellen Preisliste berechnet werden..<\/p>\n<\/div>\n<div class=\"csColumnGap\" style=\"margin: 0px; padding: 0px; float: left; width: 6.25%;\"><img decoding=\"async\" style=\"border: none;\" data-src=\"https:\/\/ponteo.sk\/wp-content\/plugins\/advanced-wp-columns\/assets\/js\/plugins\/views\/img\/1x1-pixel.png\" src=\"data:image\/gif;base64,R0lGODlhAQABAAAAACH5BAEKAAEALAAAAAABAAEAAAICTAEAOw==\" class=\"lazyload\" \/><noscript><img decoding=\"async\" style=\"border: none;\" data-src=\"https:\/\/ponteo.sk\/wp-content\/plugins\/advanced-wp-columns\/assets\/js\/plugins\/views\/img\/1x1-pixel.png\" src=\"data:image\/gif;base64,R0lGODlhAQABAAAAACH5BAEKAAEALAAAAAABAAEAAAICTAEAOw==\" class=\"lazyload\" \/><noscript><img decoding=\"async\" style=\"border: none;\" data-src=\"https:\/\/ponteo.sk\/wp-content\/plugins\/advanced-wp-columns\/assets\/js\/plugins\/views\/img\/1x1-pixel.png\" src=\"data:image\/gif;base64,R0lGODlhAQABAAAAACH5BAEKAAEALAAAAAABAAEAAAICTAEAOw==\" class=\"lazyload\" \/><noscript><img decoding=\"async\" style=\"border: none;\" src=\"https:\/\/ponteo.sk\/wp-content\/plugins\/advanced-wp-columns\/assets\/js\/plugins\/views\/img\/1x1-pixel.png\" \/><\/noscript><\/noscript><\/noscript><\/div>\n<div class=\"csColumn\" style=\"margin: 0px; padding: 0px; float: left; width: 20.8%;\" data-csstartpoint=\"730\" data-csendpoint=\"930\" data-cswidth=\"20.8%\" data-csid=\"affb8a57-7e96-e6a9-bb58-7755a73a2cc3\">\n<h3 style=\"text-align: left;\">Vorteile von Hotel Ponteo****<\/h3>\n<ul>\n<li style=\"list-style-type: none;\">\n<ul>\n<li style=\"text-align: left;\">\u2022 Die N\u00e4he des Flughafens Bratislava oder des Flughafens Wien-Schwechat<\/li>\n<li style=\"text-align: left;\">\u2022 Nichtraucherzimmer mit Balkon<\/li>\n<li style=\"text-align: left;\">\u2022 Individuelle Steuerung der Klimaanlage<\/li>\n<li style=\"text-align: left;\">\u2022 Room Service<\/li>\n<li style=\"text-align: left;\">\u2022 Fr\u00fchst\u00fccksbuffet<\/li>\n<li style=\"text-align: left;\">\u2022 Check Inn um 14,00Uhr,Check out um 11,00Uhr<\/li>\n<li style=\"text-align: left;\">\u2022 M\u00f6glichkeit eines Zusatzbettes<\/li>\n<li style=\"text-align: left;\">\u2022 Kostenlos das Kinderbett, auf Anfrage<\/li>\n<li style=\"text-align: left;\">\u2022 Wi-Fi in der gesamten Anlage kostenlos<\/li>\n<li style=\"text-align: left;\">\u2022 Parkplatz Gratis<\/li>\n<\/ul>\n<\/li>\n<\/ul>\n<\/div>\n<\/div>\n<div class=\"csColumnGap\" style=\"margin: 0px; padding: 0px; float: left; width: 3.13%;\"><img decoding=\"async\" style=\"border: none;\" data-src=\"https:\/\/ponteo.sk\/wp-content\/plugins\/advanced-wp-columns\/assets\/js\/plugins\/views\/img\/1x1-pixel.png\" src=\"data:image\/gif;base64,R0lGODlhAQABAAAAACH5BAEKAAEALAAAAAABAAEAAAICTAEAOw==\" class=\"lazyload\" \/><noscript><img decoding=\"async\" style=\"border: none;\" data-src=\"https:\/\/ponteo.sk\/wp-content\/plugins\/advanced-wp-columns\/assets\/js\/plugins\/views\/img\/1x1-pixel.png\" src=\"data:image\/gif;base64,R0lGODlhAQABAAAAACH5BAEKAAEALAAAAAABAAEAAAICTAEAOw==\" class=\"lazyload\" \/><noscript><img decoding=\"async\" style=\"border: none;\" data-src=\"https:\/\/ponteo.sk\/wp-content\/plugins\/advanced-wp-columns\/assets\/js\/plugins\/views\/img\/1x1-pixel.png\" src=\"data:image\/gif;base64,R0lGODlhAQABAAAAACH5BAEKAAEALAAAAAABAAEAAAICTAEAOw==\" class=\"lazyload\" \/><noscript><img decoding=\"async\" style=\"border: none;\" src=\"https:\/\/ponteo.sk\/wp-content\/plugins\/advanced-wp-columns\/assets\/js\/plugins\/views\/img\/1x1-pixel.png\" \/><\/noscript><\/noscript><\/noscript><\/div>\n<div style=\"clear: both; float: none; display: block; visibility: hidden; width: 0px; font-size: 0px; line-height: 0;\"><\/div>\n","protected":false},"excerpt":{"rendered":"<p>Gourmet &#8211; Entspannung Aufenthaltspaket Genie\u00dfen Sie die Urlaubsatmosph\u00e4re. Genie\u00dfen Sie die perfekte Kombination aus exzellentem Essen und Entspannung. Frischer Kokos als Willkommensgetr\u00e4nk, Degustationsmen\u00fc inspiriert von den Gourmet-Urlaubszielen und privates Wellness mit Saunen und Open-Air-Whirlpool. Das Angebot ist von Montag bis<\/p>\n","protected":false},"author":7,"featured_media":12853,"parent":4289,"menu_order":0,"comment_status":"closed","ping_status":"closed","template":"page-templates\/business-two.php","meta":{"footnotes":""},"yoast_head":"<!-- This site is optimized with the Yoast SEO plugin v23.2 - https:\/\/yoast.com\/wordpress\/plugins\/seo\/ -->\n<title>Gourmet und Entspannung Aufenthaltspaket | Hotel 4* PONTEO<\/title>\n<meta name=\"robots\" content=\"index, follow, max-snippet:-1, max-image-preview:large, max-video-preview:-1\" \/>\n<link rel=\"canonical\" href=\"https:\/\/www.ponteo.sk\/de\/hotel\/gourmet-und-entspannung-aufenthaltspaket\/\" \/>\n<meta property=\"og:locale\" content=\"de_DE\" \/>\n<meta property=\"og:type\" content=\"article\" \/>\n<meta property=\"og:title\" content=\"Gourmet und Entspannung Aufenthaltspaket | Hotel 4* PONTEO\" \/>\n<meta property=\"og:description\" content=\"Gourmet &#8211; Entspannung Aufenthaltspaket Genie\u00dfen Sie die Urlaubsatmosph\u00e4re. Genie\u00dfen Sie die perfekte Kombination aus exzellentem Essen und Entspannung. Frischer Kokos als Willkommensgetr\u00e4nk, Degustationsmen\u00fc inspiriert von den Gourmet-Urlaubszielen und privates Wellness mit Saunen und Open-Air-Whirlpool. Das Angebot ist von Montag bis\" \/>\n<meta property=\"og:url\" content=\"https:\/\/www.ponteo.sk\/de\/hotel\/gourmet-und-entspannung-aufenthaltspaket\/\" \/>\n<meta property=\"og:site_name\" content=\"Hotel 4* PONTEO\" \/>\n<meta property=\"article:publisher\" content=\"https:\/\/www.facebook.com\/ponteo\/\" \/>\n<meta property=\"article:modified_time\" content=\"2019-05-30T08:27:36+00:00\" \/>\n<meta property=\"og:image\" content=\"https:\/\/www.ponteo.sk\/wp-content\/uploads\/2018\/06\/Gurm\u00e1nsko_relaxa\u010dn\u00fd-pobytov\u00fd-bal\u00ed\u010dek-340x230.png\" \/>\n\t<meta property=\"og:image:width\" content=\"340\" \/>\n\t<meta property=\"og:image:height\" content=\"230\" \/>\n\t<meta property=\"og:image:type\" content=\"image\/png\" \/>\n<meta name=\"twitter:card\" content=\"summary_large_image\" \/>\n<meta name=\"twitter:label1\" content=\"Gesch\u00e4tzte Lesezeit\" \/>\n\t<meta name=\"twitter:data1\" content=\"2\u00a0Minuten\" \/>\n<script type=\"application\/ld+json\" class=\"yoast-schema-graph\">{\"@context\":\"https:\/\/schema.org\",\"@graph\":[{\"@type\":\"WebPage\",\"@id\":\"https:\/\/www.ponteo.sk\/de\/hotel\/gourmet-und-entspannung-aufenthaltspaket\/\",\"url\":\"https:\/\/www.ponteo.sk\/de\/hotel\/gourmet-und-entspannung-aufenthaltspaket\/\",\"name\":\"Gourmet und Entspannung Aufenthaltspaket | Hotel 4* PONTEO\",\"isPartOf\":{\"@id\":\"https:\/\/www.ponteo.sk\/#website\"},\"primaryImageOfPage\":{\"@id\":\"https:\/\/www.ponteo.sk\/de\/hotel\/gourmet-und-entspannung-aufenthaltspaket\/#primaryimage\"},\"image\":{\"@id\":\"https:\/\/www.ponteo.sk\/de\/hotel\/gourmet-und-entspannung-aufenthaltspaket\/#primaryimage\"},\"thumbnailUrl\":\"https:\/\/www.ponteo.sk\/wp-content\/uploads\/2018\/06\/Gurm\u00e1nsko_relaxa\u010dn\u00fd-pobytov\u00fd-bal\u00ed\u010dek-340x230.png\",\"datePublished\":\"2018-07-02T12:57:53+00:00\",\"dateModified\":\"2019-05-30T08:27:36+00:00\",\"breadcrumb\":{\"@id\":\"https:\/\/www.ponteo.sk\/de\/hotel\/gourmet-und-entspannung-aufenthaltspaket\/#breadcrumb\"},\"inLanguage\":\"de\",\"potentialAction\":[{\"@type\":\"ReadAction\",\"target\":[\"https:\/\/www.ponteo.sk\/de\/hotel\/gourmet-und-entspannung-aufenthaltspaket\/\"]}]},{\"@type\":\"ImageObject\",\"inLanguage\":\"de\",\"@id\":\"https:\/\/www.ponteo.sk\/de\/hotel\/gourmet-und-entspannung-aufenthaltspaket\/#primaryimage\",\"url\":\"https:\/\/www.ponteo.sk\/wp-content\/uploads\/2018\/06\/Gurm\u00e1nsko_relaxa\u010dn\u00fd-pobytov\u00fd-bal\u00ed\u010dek-340x230.png\",\"contentUrl\":\"https:\/\/www.ponteo.sk\/wp-content\/uploads\/2018\/06\/Gurm\u00e1nsko_relaxa\u010dn\u00fd-pobytov\u00fd-bal\u00ed\u010dek-340x230.png\",\"width\":\"340\",\"height\":\"230\",\"caption\":\"gurmansko relaxacny pobytovy balicek\"},{\"@type\":\"BreadcrumbList\",\"@id\":\"https:\/\/www.ponteo.sk\/de\/hotel\/gourmet-und-entspannung-aufenthaltspaket\/#breadcrumb\",\"itemListElement\":[{\"@type\":\"ListItem\",\"position\":1,\"name\":\"Domov\",\"item\":\"https:\/\/www.ponteo.sk\/de\/\"},{\"@type\":\"ListItem\",\"position\":2,\"name\":\"Hotel Ponteo****\",\"item\":\"https:\/\/www.ponteo.sk\/de\/hotel\/\"},{\"@type\":\"ListItem\",\"position\":3,\"name\":\"Gourmet und Entspannung Aufenthaltspaket\"}]},{\"@type\":\"WebSite\",\"@id\":\"https:\/\/www.ponteo.sk\/#website\",\"url\":\"https:\/\/www.ponteo.sk\/\",\"name\":\"Hotel 4* PONTEO\",\"description\":\"Miesto, ktor\u00e9 v\u00e1m zostane v srdci\",\"potentialAction\":[{\"@type\":\"SearchAction\",\"target\":{\"@type\":\"EntryPoint\",\"urlTemplate\":\"https:\/\/www.ponteo.sk\/?s={search_term_string}\"},\"query-input\":\"required name=search_term_string\"}],\"inLanguage\":\"de\"}]}<\/script>\n<!-- \/ Yoast SEO plugin. -->","yoast_head_json":{"title":"Gourmet und Entspannung Aufenthaltspaket | Hotel 4* PONTEO","robots":{"index":"index","follow":"follow","max-snippet":"max-snippet:-1","max-image-preview":"max-image-preview:large","max-video-preview":"max-video-preview:-1"},"canonical":"https:\/\/www.ponteo.sk\/de\/hotel\/gourmet-und-entspannung-aufenthaltspaket\/","og_locale":"de_DE","og_type":"article","og_title":"Gourmet und Entspannung Aufenthaltspaket | Hotel 4* PONTEO","og_description":"Gourmet &#8211; Entspannung Aufenthaltspaket Genie\u00dfen Sie die Urlaubsatmosph\u00e4re. Genie\u00dfen Sie die perfekte Kombination aus exzellentem Essen und Entspannung. Frischer Kokos als Willkommensgetr\u00e4nk, Degustationsmen\u00fc inspiriert von den Gourmet-Urlaubszielen und privates Wellness mit Saunen und Open-Air-Whirlpool. Das Angebot ist von Montag bis","og_url":"https:\/\/www.ponteo.sk\/de\/hotel\/gourmet-und-entspannung-aufenthaltspaket\/","og_site_name":"Hotel 4* PONTEO","article_publisher":"https:\/\/www.facebook.com\/ponteo\/","article_modified_time":"2019-05-30T08:27:36+00:00","og_image":[{"width":340,"height":230,"url":"https:\/\/www.ponteo.sk\/wp-content\/uploads\/2018\/06\/Gurm\u00e1nsko_relaxa\u010dn\u00fd-pobytov\u00fd-bal\u00ed\u010dek-340x230.png","type":"image\/png"}],"twitter_card":"summary_large_image","twitter_misc":{"Gesch\u00e4tzte Lesezeit":"2\u00a0Minuten"},"schema":{"@context":"https:\/\/schema.org","@graph":[{"@type":"WebPage","@id":"https:\/\/www.ponteo.sk\/de\/hotel\/gourmet-und-entspannung-aufenthaltspaket\/","url":"https:\/\/www.ponteo.sk\/de\/hotel\/gourmet-und-entspannung-aufenthaltspaket\/","name":"Gourmet und Entspannung Aufenthaltspaket | Hotel 4* PONTEO","isPartOf":{"@id":"https:\/\/www.ponteo.sk\/#website"},"primaryImageOfPage":{"@id":"https:\/\/www.ponteo.sk\/de\/hotel\/gourmet-und-entspannung-aufenthaltspaket\/#primaryimage"},"image":{"@id":"https:\/\/www.ponteo.sk\/de\/hotel\/gourmet-und-entspannung-aufenthaltspaket\/#primaryimage"},"thumbnailUrl":"https:\/\/www.ponteo.sk\/wp-content\/uploads\/2018\/06\/Gurm\u00e1nsko_relaxa\u010dn\u00fd-pobytov\u00fd-bal\u00ed\u010dek-340x230.png","datePublished":"2018-07-02T12:57:53+00:00","dateModified":"2019-05-30T08:27:36+00:00","breadcrumb":{"@id":"https:\/\/www.ponteo.sk\/de\/hotel\/gourmet-und-entspannung-aufenthaltspaket\/#breadcrumb"},"inLanguage":"de","potentialAction":[{"@type":"ReadAction","target":["https:\/\/www.ponteo.sk\/de\/hotel\/gourmet-und-entspannung-aufenthaltspaket\/"]}]},{"@type":"ImageObject","inLanguage":"de","@id":"https:\/\/www.ponteo.sk\/de\/hotel\/gourmet-und-entspannung-aufenthaltspaket\/#primaryimage","url":"https:\/\/www.ponteo.sk\/wp-content\/uploads\/2018\/06\/Gurm\u00e1nsko_relaxa\u010dn\u00fd-pobytov\u00fd-bal\u00ed\u010dek-340x230.png","contentUrl":"https:\/\/www.ponteo.sk\/wp-content\/uploads\/2018\/06\/Gurm\u00e1nsko_relaxa\u010dn\u00fd-pobytov\u00fd-bal\u00ed\u010dek-340x230.png","width":"340","height":"230","caption":"gurmansko relaxacny pobytovy balicek"},{"@type":"BreadcrumbList","@id":"https:\/\/www.ponteo.sk\/de\/hotel\/gourmet-und-entspannung-aufenthaltspaket\/#breadcrumb","itemListElement":[{"@type":"ListItem","position":1,"name":"Domov","item":"https:\/\/www.ponteo.sk\/de\/"},{"@type":"ListItem","position":2,"name":"Hotel Ponteo****","item":"https:\/\/www.ponteo.sk\/de\/hotel\/"},{"@type":"ListItem","position":3,"name":"Gourmet und Entspannung Aufenthaltspaket"}]},{"@type":"WebSite","@id":"https:\/\/www.ponteo.sk\/#website","url":"https:\/\/www.ponteo.sk\/","name":"Hotel 4* PONTEO","description":"Miesto, ktor\u00e9 v\u00e1m zostane v srdci","potentialAction":[{"@type":"SearchAction","target":{"@type":"EntryPoint","urlTemplate":"https:\/\/www.ponteo.sk\/?s={search_term_string}"},"query-input":"required name=search_term_string"}],"inLanguage":"de"}]}},"_links":{"self":[{"href":"https:\/\/www.ponteo.sk\/de\/wp-json\/wp\/v2\/pages\/13024"}],"collection":[{"href":"https:\/\/www.ponteo.sk\/de\/wp-json\/wp\/v2\/pages"}],"about":[{"href":"https:\/\/www.ponteo.sk\/de\/wp-json\/wp\/v2\/types\/page"}],"author":[{"embeddable":true,"href":"https:\/\/www.ponteo.sk\/de\/wp-json\/wp\/v2\/users\/7"}],"replies":[{"embeddable":true,"href":"https:\/\/www.ponteo.sk\/de\/wp-json\/wp\/v2\/comments?post=13024"}],"version-history":[{"count":2,"href":"https:\/\/www.ponteo.sk\/de\/wp-json\/wp\/v2\/pages\/13024\/revisions"}],"predecessor-version":[{"id":16876,"href":"https:\/\/www.ponteo.sk\/de\/wp-json\/wp\/v2\/pages\/13024\/revisions\/16876"}],"up":[{"embeddable":true,"href":"https:\/\/www.ponteo.sk\/de\/wp-json\/wp\/v2\/pages\/4289"}],"wp:featuredmedia":[{"embeddable":true,"href":"https:\/\/www.ponteo.sk\/de\/wp-json\/wp\/v2\/media\/12853"}],"wp:attachment":[{"href":"https:\/\/www.ponteo.sk\/de\/wp-json\/wp\/v2\/media?parent=13024"}],"curies":[{"name":"wp","href":"https:\/\/api.w.org\/{rel}","templated":true}]}}