{"id":14333,"date":"2018-11-08T19:41:13","date_gmt":"2018-11-08T18:41:13","guid":{"rendered":"https:\/\/ponteo.sk\/?page_id=14333"},"modified":"2023-11-20T16:56:10","modified_gmt":"2023-11-20T15:56:10","slug":"romantisches-aufenthaltspaket","status":"publish","type":"page","link":"https:\/\/www.ponteo.sk\/de\/hotel\/pauschalangebote\/romantisches-aufenthaltspaket\/","title":{"rendered":"Romantisches Aufenthaltspaket"},"content":{"rendered":"<p style=\"text-align: center;\"><img loading=\"lazy\" decoding=\"async\" class=\"alignnone wp-image-1284 size-full lazyload\" data-src=\"https:\/\/ponteo.sk\/wp-content\/uploads\/2016\/07\/Ponteo-Activity-Park-wellness-virivka-jacuzzi-terasa-1.jpg\" alt=\"Ponteo wellness virivka terasa\" width=\"1090\" height=\"550\" data-srcset=\"https:\/\/www.ponteo.sk\/wp-content\/uploads\/2016\/07\/Ponteo-Activity-Park-wellness-virivka-jacuzzi-terasa-1.jpg 1090w, https:\/\/www.ponteo.sk\/wp-content\/uploads\/2016\/07\/Ponteo-Activity-Park-wellness-virivka-jacuzzi-terasa-1-300x151.jpg 300w, https:\/\/www.ponteo.sk\/wp-content\/uploads\/2016\/07\/Ponteo-Activity-Park-wellness-virivka-jacuzzi-terasa-1-768x388.jpg 768w, https:\/\/www.ponteo.sk\/wp-content\/uploads\/2016\/07\/Ponteo-Activity-Park-wellness-virivka-jacuzzi-terasa-1-1024x517.jpg 1024w, https:\/\/www.ponteo.sk\/wp-content\/uploads\/2016\/07\/Ponteo-Activity-Park-wellness-virivka-jacuzzi-terasa-1-75x38.jpg 75w\" data-sizes=\"(max-width: 1090px) 100vw, 1090px\" src=\"data:image\/gif;base64,R0lGODlhAQABAAAAACH5BAEKAAEALAAAAAABAAEAAAICTAEAOw==\" style=\"--smush-placeholder-width: 1090px; --smush-placeholder-aspect-ratio: 1090\/550;\" \/><noscript><img loading=\"lazy\" decoding=\"async\" class=\"alignnone wp-image-1284 size-full\" src=\"https:\/\/ponteo.sk\/wp-content\/uploads\/2016\/07\/Ponteo-Activity-Park-wellness-virivka-jacuzzi-terasa-1.jpg\" alt=\"Ponteo wellness virivka terasa\" width=\"1090\" height=\"550\" srcset=\"https:\/\/www.ponteo.sk\/wp-content\/uploads\/2016\/07\/Ponteo-Activity-Park-wellness-virivka-jacuzzi-terasa-1.jpg 1090w, https:\/\/www.ponteo.sk\/wp-content\/uploads\/2016\/07\/Ponteo-Activity-Park-wellness-virivka-jacuzzi-terasa-1-300x151.jpg 300w, https:\/\/www.ponteo.sk\/wp-content\/uploads\/2016\/07\/Ponteo-Activity-Park-wellness-virivka-jacuzzi-terasa-1-768x388.jpg 768w, https:\/\/www.ponteo.sk\/wp-content\/uploads\/2016\/07\/Ponteo-Activity-Park-wellness-virivka-jacuzzi-terasa-1-1024x517.jpg 1024w, https:\/\/www.ponteo.sk\/wp-content\/uploads\/2016\/07\/Ponteo-Activity-Park-wellness-virivka-jacuzzi-terasa-1-75x38.jpg 75w\" sizes=\"(max-width: 1090px) 100vw, 1090px\" \/><\/noscript><br \/>\n<!--[xyz-ips snippet=\"avp\"]--><br \/>\n<a class=\"vfbutton2\" href=\"https:\/\/www.secure-hotel-booking.com\/Ponteo-Activity-Park-Rusovce\/2CU7\/de?hotelId=19103\">BUCHEN JETZT<\/a><\/p>\n<h1 style=\"text-align: center;\">Romantisches Aufenthaltspaket<\/h1>\n<p style=\"text-align: center;\">G\u00f6nnen Sie sich ein romantisches Aufenthaltspaket voll Wohlbefindens und Entspannung. Erleben Sie eine einzigartige Atmosph\u00e4re in Ponteo Activity Park, die Ihnen Momenten einer besonderen Note verleiht.<\/p>\n<p style=\"text-align: center;\">Ein Mixgetr\u00e4nk zur Begr\u00fc\u00dfung, ein traumhaftes Wellness mit Whirlpool unter Sternenhimmel, Candle-Light-Dinner \u2026<\/p>\n<h4 style=\"text-align: center;\">Perfekte Romantik, die Sie nicht vergessen.<\/h4>\n<hr style=\"color: #b9d986; background-color: #b9d986; height: 1px;\" \/>\n<div class=\"csRow\">\n<div class=\"csColumnGap\" style=\"margin: 0px; padding: 0px; float: left; width: 3.13%;\"><img decoding=\"async\" style=\"border: none;\" data-src=\"https:\/\/ponteo.sk\/wp-content\/plugins\/advanced-wp-columns\/assets\/js\/plugins\/views\/img\/1x1-pixel.png\" src=\"data:image\/gif;base64,R0lGODlhAQABAAAAACH5BAEKAAEALAAAAAABAAEAAAICTAEAOw==\" class=\"lazyload\" \/><noscript><img decoding=\"async\" style=\"border: none;\" data-src=\"https:\/\/ponteo.sk\/wp-content\/plugins\/advanced-wp-columns\/assets\/js\/plugins\/views\/img\/1x1-pixel.png\" src=\"data:image\/gif;base64,R0lGODlhAQABAAAAACH5BAEKAAEALAAAAAABAAEAAAICTAEAOw==\" class=\"lazyload\" \/><noscript><img decoding=\"async\" style=\"border: none;\" src=\"https:\/\/ponteo.sk\/wp-content\/plugins\/advanced-wp-columns\/assets\/js\/plugins\/views\/img\/1x1-pixel.png\" \/><\/noscript><\/noscript><\/div>\n<div class=\"csColumn\" style=\"margin: 0px; padding: 0px; float: left; width: 100%;\" data-csstartpoint=\"30\" data-csendpoint=\"670\" data-cswidth=\"66.7%\" data-csid=\"6a6b601f-0bab-90bf-a276-26e233a6360b\">\n<h2 style=\"text-align: center;\">Romantisches Aufenthaltspaket<\/h2>\n<h4 style=\"text-align: center;\">420,- Eur\/2 Nacht\/2Personen<\/h4>\n<p style=\"text-align: center;\"><strong>Paketpreis beinhaltet:<\/strong><\/p>\n<ul style=\"text-align: center;\">\n<li>\u2022 <a href=\"https:\/\/ponteo.sk\/de\/hotel-ponteo\/zimmer-und-suiten\/\"> Unterkunft<\/a> f\u00fcr zwei Personen in einem Doppelzimmer<\/li>\n<li>\u2022 Fr\u00fchst\u00fcck f\u00fcr zwei Personen<\/li>\n<li>\u2022 gemischte Getr\u00e4nke zur Begr\u00fc\u00dfung<\/li>\n<li>\u2022 romantisches Candle-Light-Dinner f\u00fcr 2 Personen in unserem tollen Restaurant<\/li>\n<li>\u2022 Eintritt in <a href=\"https:\/\/ponteo.sk\/de\/wellness\/\">Welnessbereich\u00a0<\/a>\/Finnische Sauna, Dampfsauna und Infrasauna\/ und Jacuzzi auf der Open-Air-Terrasse mit sch\u00f6ner Aussicht auf die Umgebung oder den Nachthimmelwellness<\/li>\n<li>\u2022 2 klassische Massagen\/ \u00e1 20Minuten\/<\/li>\n<li>\u2022 <a href=\"https:\/\/ponteo.sk\/de\/sportaktivitaeten\/\">;Fitnesszentrum\u00a0<\/a>kostenlos<\/li>\n<li>\u2022 Wi-fi Gratis<\/li>\n<li>\u2022 Parkplatz Gratis<\/li>\n<li>\u2022 sp\u00e4ter Check-out, bis 15.00 Uhr (basierend auf Hotelbelegung)<\/li>\n<\/ul>\n<div class=\"csRow\">\n<div class=\"csColumn\" style=\"margin: 0px; padding: 0px; float: left; width: 100%;\" data-csstartpoint=\"30\" data-csendpoint=\"670\" data-cswidth=\"66.7%\" data-csid=\"6a6b601f-0bab-90bf-a276-26e233a6360b\">\n<p style=\"text-align: center;\">Natur- und Waldliebhaber k\u00f6nnen einen romantischen Spaziergang im Waldpark Rusovce, oder die Seen \u010cu\u0148ovo oder Rusovce genie3en. Entdecken Sie die Sch\u00f6nheit der Naturschutzgebiete Dunajsk\u00e9 luhy und Ostrovn\u00e9 l\u00fa\u010dky.<a href=\"https:\/\/ponteo.sk\/de\/hotel-ponteo\/angebote-in-der-umgebung\/\"><br \/>\nAktivit\u00e4ten in der N\u00e4he<\/a><\/p>\n<p style=\"text-align: center;\">Der Paketpreis beinhaltet nicht lokales Geb\u00fchr \/3 Eur &#8211; Person und Tag\/. Massagen sollten im voraus an der Hotelrezeption gebucht werden. W\u00e4hrend Ihres Aufenthalts k\u00f6nnen Sie das Restaurantservice, Massagen und andere Sport &#8211; und Entspannungsleistungen in Ponteo Activity Park nutzen, die nach der aktuellen Preisliste berechnet werden..<\/p>\n<hr style=\"color: #b9d986; background-color: #b9d986; height: 1px;\" \/>\n<h3 style=\"text-align: center;\">Vorteile von Hotel Ponteo****<\/h3>\n<ul>\n<li style=\"list-style-type: none;\">\n<ul>\n<li style=\"text-align: center;\">\u2022 Die N\u00e4he des Flughafens Bratislava oder des Flughafens Wien-Schwechat<\/li>\n<li style=\"text-align: center;\">\u2022 Nichtraucherzimmer mit Balkon<\/li>\n<li style=\"text-align: center;\">\u2022 Individuelle Steuerung der Klimaanlage<\/li>\n<li style=\"text-align: center;\">\u2022 Room Service<\/li>\n<li style=\"text-align: center;\">\u2022 Fr\u00fchst\u00fccksbuffet<\/li>\n<li style=\"text-align: center;\">\u2022 Check Inn um 14,00Uhr,Check out um 11,00Uhr<\/li>\n<li style=\"text-align: center;\">\u2022 M\u00f6glichkeit eines Zusatzbettes<\/li>\n<li style=\"text-align: center;\">\u2022 Kostenlos das Kinderbett, auf Anfrage<\/li>\n<li style=\"text-align: center;\">\u2022 Wi-Fi in der gesamten Anlage kostenlos<\/li>\n<li style=\"text-align: center;\">\u2022 Parkplatz Gratis<\/li>\n<\/ul>\n<\/li>\n<\/ul>\n<\/div>\n<\/div>\n<div class=\"csColumnGap\" style=\"margin: 0px; padding: 0px; float: left; width: 3.13%;\"><img decoding=\"async\" style=\"border: none;\" data-src=\"https:\/\/ponteo.sk\/wp-content\/plugins\/advanced-wp-columns\/assets\/js\/plugins\/views\/img\/1x1-pixel.png\" src=\"data:image\/gif;base64,R0lGODlhAQABAAAAACH5BAEKAAEALAAAAAABAAEAAAICTAEAOw==\" class=\"lazyload\" \/><noscript><img decoding=\"async\" style=\"border: none;\" data-src=\"https:\/\/ponteo.sk\/wp-content\/plugins\/advanced-wp-columns\/assets\/js\/plugins\/views\/img\/1x1-pixel.png\" src=\"data:image\/gif;base64,R0lGODlhAQABAAAAACH5BAEKAAEALAAAAAABAAEAAAICTAEAOw==\" class=\"lazyload\" \/><noscript><img decoding=\"async\" style=\"border: none;\" src=\"https:\/\/ponteo.sk\/wp-content\/plugins\/advanced-wp-columns\/assets\/js\/plugins\/views\/img\/1x1-pixel.png\" \/><\/noscript><\/noscript><\/div>\n<div style=\"clear: both; float: none; display: block; visibility: hidden; width: 0px; font-size: 0px; line-height: 0;\"><\/div>\n<\/div>\n<\/div>\n","protected":false},"excerpt":{"rendered":"<p>BUCHEN JETZT Romantisches Aufenthaltspaket G\u00f6nnen Sie sich ein romantisches Aufenthaltspaket voll Wohlbefindens und Entspannung. Erleben Sie eine einzigartige Atmosph\u00e4re in Ponteo Activity Park, die Ihnen Momenten einer besonderen Note verleiht. Ein Mixgetr\u00e4nk zur Begr\u00fc\u00dfung, ein traumhaftes Wellness mit Whirlpool unter<\/p>\n","protected":false},"author":4,"featured_media":0,"parent":14308,"menu_order":0,"comment_status":"closed","ping_status":"closed","template":"page-templates\/business-two.php","meta":{"footnotes":""},"yoast_head":"<!-- This site is optimized with the Yoast SEO plugin v23.2 - https:\/\/yoast.com\/wordpress\/plugins\/seo\/ -->\n<title>Romantisches Aufenthaltspaket | Hotel 4* PONTEO<\/title>\n<meta name=\"robots\" content=\"index, follow, max-snippet:-1, max-image-preview:large, max-video-preview:-1\" \/>\n<link rel=\"canonical\" href=\"https:\/\/www.ponteo.sk\/de\/hotel\/pauschalangebote\/romantisches-aufenthaltspaket\/\" \/>\n<meta property=\"og:locale\" content=\"de_DE\" \/>\n<meta property=\"og:type\" content=\"article\" \/>\n<meta property=\"og:title\" content=\"Romantisches Aufenthaltspaket | Hotel 4* PONTEO\" \/>\n<meta property=\"og:description\" content=\"BUCHEN JETZT Romantisches Aufenthaltspaket G\u00f6nnen Sie sich ein romantisches Aufenthaltspaket voll Wohlbefindens und Entspannung. Erleben Sie eine einzigartige Atmosph\u00e4re in Ponteo Activity Park, die Ihnen Momenten einer besonderen Note verleiht. Ein Mixgetr\u00e4nk zur Begr\u00fc\u00dfung, ein traumhaftes Wellness mit Whirlpool unter\" \/>\n<meta property=\"og:url\" content=\"https:\/\/www.ponteo.sk\/de\/hotel\/pauschalangebote\/romantisches-aufenthaltspaket\/\" \/>\n<meta property=\"og:site_name\" content=\"Hotel 4* PONTEO\" \/>\n<meta property=\"article:publisher\" content=\"https:\/\/www.facebook.com\/ponteo\/\" \/>\n<meta property=\"article:modified_time\" content=\"2023-11-20T15:56:10+00:00\" \/>\n<meta property=\"og:image\" content=\"https:\/\/ponteo.sk\/wp-content\/uploads\/2016\/07\/Ponteo-Activity-Park-wellness-virivka-jacuzzi-terasa-1.jpg\" \/>\n<meta name=\"twitter:card\" content=\"summary_large_image\" \/>\n<meta name=\"twitter:label1\" content=\"Gesch\u00e4tzte Lesezeit\" \/>\n\t<meta name=\"twitter:data1\" content=\"1\u00a0Minute\" \/>\n<script type=\"application\/ld+json\" class=\"yoast-schema-graph\">{\"@context\":\"https:\/\/schema.org\",\"@graph\":[{\"@type\":\"WebPage\",\"@id\":\"https:\/\/www.ponteo.sk\/de\/hotel\/pauschalangebote\/romantisches-aufenthaltspaket\/\",\"url\":\"https:\/\/www.ponteo.sk\/de\/hotel\/pauschalangebote\/romantisches-aufenthaltspaket\/\",\"name\":\"Romantisches Aufenthaltspaket | Hotel 4* PONTEO\",\"isPartOf\":{\"@id\":\"https:\/\/www.ponteo.sk\/#website\"},\"primaryImageOfPage\":{\"@id\":\"https:\/\/www.ponteo.sk\/de\/hotel\/pauschalangebote\/romantisches-aufenthaltspaket\/#primaryimage\"},\"image\":{\"@id\":\"https:\/\/www.ponteo.sk\/de\/hotel\/pauschalangebote\/romantisches-aufenthaltspaket\/#primaryimage\"},\"thumbnailUrl\":\"https:\/\/ponteo.sk\/wp-content\/uploads\/2016\/07\/Ponteo-Activity-Park-wellness-virivka-jacuzzi-terasa-1.jpg\",\"datePublished\":\"2018-11-08T18:41:13+00:00\",\"dateModified\":\"2023-11-20T15:56:10+00:00\",\"breadcrumb\":{\"@id\":\"https:\/\/www.ponteo.sk\/de\/hotel\/pauschalangebote\/romantisches-aufenthaltspaket\/#breadcrumb\"},\"inLanguage\":\"de\",\"potentialAction\":[{\"@type\":\"ReadAction\",\"target\":[\"https:\/\/www.ponteo.sk\/de\/hotel\/pauschalangebote\/romantisches-aufenthaltspaket\/\"]}]},{\"@type\":\"ImageObject\",\"inLanguage\":\"de\",\"@id\":\"https:\/\/www.ponteo.sk\/de\/hotel\/pauschalangebote\/romantisches-aufenthaltspaket\/#primaryimage\",\"url\":\"https:\/\/ponteo.sk\/wp-content\/uploads\/2016\/07\/Ponteo-Activity-Park-wellness-virivka-jacuzzi-terasa-1.jpg\",\"contentUrl\":\"https:\/\/ponteo.sk\/wp-content\/uploads\/2016\/07\/Ponteo-Activity-Park-wellness-virivka-jacuzzi-terasa-1.jpg\"},{\"@type\":\"BreadcrumbList\",\"@id\":\"https:\/\/www.ponteo.sk\/de\/hotel\/pauschalangebote\/romantisches-aufenthaltspaket\/#breadcrumb\",\"itemListElement\":[{\"@type\":\"ListItem\",\"position\":1,\"name\":\"Domov\",\"item\":\"https:\/\/www.ponteo.sk\/de\/\"},{\"@type\":\"ListItem\",\"position\":2,\"name\":\"Hotel Ponteo****\",\"item\":\"https:\/\/www.ponteo.sk\/de\/hotel\/\"},{\"@type\":\"ListItem\",\"position\":3,\"name\":\"Pauschalangebote\",\"item\":\"https:\/\/www.ponteo.sk\/de\/hotel\/pauschalangebote\/\"},{\"@type\":\"ListItem\",\"position\":4,\"name\":\"Romantisches Aufenthaltspaket\"}]},{\"@type\":\"WebSite\",\"@id\":\"https:\/\/www.ponteo.sk\/#website\",\"url\":\"https:\/\/www.ponteo.sk\/\",\"name\":\"Hotel 4* PONTEO\",\"description\":\"Miesto, ktor\u00e9 v\u00e1m zostane v srdci\",\"potentialAction\":[{\"@type\":\"SearchAction\",\"target\":{\"@type\":\"EntryPoint\",\"urlTemplate\":\"https:\/\/www.ponteo.sk\/?s={search_term_string}\"},\"query-input\":\"required name=search_term_string\"}],\"inLanguage\":\"de\"}]}<\/script>\n<!-- \/ Yoast SEO plugin. -->","yoast_head_json":{"title":"Romantisches Aufenthaltspaket | Hotel 4* PONTEO","robots":{"index":"index","follow":"follow","max-snippet":"max-snippet:-1","max-image-preview":"max-image-preview:large","max-video-preview":"max-video-preview:-1"},"canonical":"https:\/\/www.ponteo.sk\/de\/hotel\/pauschalangebote\/romantisches-aufenthaltspaket\/","og_locale":"de_DE","og_type":"article","og_title":"Romantisches Aufenthaltspaket | Hotel 4* PONTEO","og_description":"BUCHEN JETZT Romantisches Aufenthaltspaket G\u00f6nnen Sie sich ein romantisches Aufenthaltspaket voll Wohlbefindens und Entspannung. Erleben Sie eine einzigartige Atmosph\u00e4re in Ponteo Activity Park, die Ihnen Momenten einer besonderen Note verleiht. Ein Mixgetr\u00e4nk zur Begr\u00fc\u00dfung, ein traumhaftes Wellness mit Whirlpool unter","og_url":"https:\/\/www.ponteo.sk\/de\/hotel\/pauschalangebote\/romantisches-aufenthaltspaket\/","og_site_name":"Hotel 4* PONTEO","article_publisher":"https:\/\/www.facebook.com\/ponteo\/","article_modified_time":"2023-11-20T15:56:10+00:00","og_image":[{"url":"https:\/\/ponteo.sk\/wp-content\/uploads\/2016\/07\/Ponteo-Activity-Park-wellness-virivka-jacuzzi-terasa-1.jpg"}],"twitter_card":"summary_large_image","twitter_misc":{"Gesch\u00e4tzte Lesezeit":"1\u00a0Minute"},"schema":{"@context":"https:\/\/schema.org","@graph":[{"@type":"WebPage","@id":"https:\/\/www.ponteo.sk\/de\/hotel\/pauschalangebote\/romantisches-aufenthaltspaket\/","url":"https:\/\/www.ponteo.sk\/de\/hotel\/pauschalangebote\/romantisches-aufenthaltspaket\/","name":"Romantisches Aufenthaltspaket | Hotel 4* PONTEO","isPartOf":{"@id":"https:\/\/www.ponteo.sk\/#website"},"primaryImageOfPage":{"@id":"https:\/\/www.ponteo.sk\/de\/hotel\/pauschalangebote\/romantisches-aufenthaltspaket\/#primaryimage"},"image":{"@id":"https:\/\/www.ponteo.sk\/de\/hotel\/pauschalangebote\/romantisches-aufenthaltspaket\/#primaryimage"},"thumbnailUrl":"https:\/\/ponteo.sk\/wp-content\/uploads\/2016\/07\/Ponteo-Activity-Park-wellness-virivka-jacuzzi-terasa-1.jpg","datePublished":"2018-11-08T18:41:13+00:00","dateModified":"2023-11-20T15:56:10+00:00","breadcrumb":{"@id":"https:\/\/www.ponteo.sk\/de\/hotel\/pauschalangebote\/romantisches-aufenthaltspaket\/#breadcrumb"},"inLanguage":"de","potentialAction":[{"@type":"ReadAction","target":["https:\/\/www.ponteo.sk\/de\/hotel\/pauschalangebote\/romantisches-aufenthaltspaket\/"]}]},{"@type":"ImageObject","inLanguage":"de","@id":"https:\/\/www.ponteo.sk\/de\/hotel\/pauschalangebote\/romantisches-aufenthaltspaket\/#primaryimage","url":"https:\/\/ponteo.sk\/wp-content\/uploads\/2016\/07\/Ponteo-Activity-Park-wellness-virivka-jacuzzi-terasa-1.jpg","contentUrl":"https:\/\/ponteo.sk\/wp-content\/uploads\/2016\/07\/Ponteo-Activity-Park-wellness-virivka-jacuzzi-terasa-1.jpg"},{"@type":"BreadcrumbList","@id":"https:\/\/www.ponteo.sk\/de\/hotel\/pauschalangebote\/romantisches-aufenthaltspaket\/#breadcrumb","itemListElement":[{"@type":"ListItem","position":1,"name":"Domov","item":"https:\/\/www.ponteo.sk\/de\/"},{"@type":"ListItem","position":2,"name":"Hotel Ponteo****","item":"https:\/\/www.ponteo.sk\/de\/hotel\/"},{"@type":"ListItem","position":3,"name":"Pauschalangebote","item":"https:\/\/www.ponteo.sk\/de\/hotel\/pauschalangebote\/"},{"@type":"ListItem","position":4,"name":"Romantisches Aufenthaltspaket"}]},{"@type":"WebSite","@id":"https:\/\/www.ponteo.sk\/#website","url":"https:\/\/www.ponteo.sk\/","name":"Hotel 4* PONTEO","description":"Miesto, ktor\u00e9 v\u00e1m zostane v srdci","potentialAction":[{"@type":"SearchAction","target":{"@type":"EntryPoint","urlTemplate":"https:\/\/www.ponteo.sk\/?s={search_term_string}"},"query-input":"required name=search_term_string"}],"inLanguage":"de"}]}},"_links":{"self":[{"href":"https:\/\/www.ponteo.sk\/de\/wp-json\/wp\/v2\/pages\/14333"}],"collection":[{"href":"https:\/\/www.ponteo.sk\/de\/wp-json\/wp\/v2\/pages"}],"about":[{"href":"https:\/\/www.ponteo.sk\/de\/wp-json\/wp\/v2\/types\/page"}],"author":[{"embeddable":true,"href":"https:\/\/www.ponteo.sk\/de\/wp-json\/wp\/v2\/users\/4"}],"replies":[{"embeddable":true,"href":"https:\/\/www.ponteo.sk\/de\/wp-json\/wp\/v2\/comments?post=14333"}],"version-history":[{"count":9,"href":"https:\/\/www.ponteo.sk\/de\/wp-json\/wp\/v2\/pages\/14333\/revisions"}],"predecessor-version":[{"id":28051,"href":"https:\/\/www.ponteo.sk\/de\/wp-json\/wp\/v2\/pages\/14333\/revisions\/28051"}],"up":[{"embeddable":true,"href":"https:\/\/www.ponteo.sk\/de\/wp-json\/wp\/v2\/pages\/14308"}],"wp:attachment":[{"href":"https:\/\/www.ponteo.sk\/de\/wp-json\/wp\/v2\/media?parent=14333"}],"curies":[{"name":"wp","href":"https:\/\/api.w.org\/{rel}","templated":true}]}}