{"id":17890,"date":"2019-10-23T14:27:21","date_gmt":"2019-10-23T12:27:21","guid":{"rendered":"https:\/\/ponteo.sk\/?page_id=17890"},"modified":"2019-10-23T14:33:52","modified_gmt":"2019-10-23T12:33:52","slug":"reservierungsformular-restaurant","status":"publish","type":"page","link":"https:\/\/www.ponteo.sk\/de\/restauracia\/reservierungsformular-restaurant\/","title":{"rendered":"Reservierungsformular Restaurant"},"content":{"rendered":"<p><img loading=\"lazy\" decoding=\"async\" class=\"aligncenter wp-image-2194 size-full lazyload\" data-src=\"https:\/\/ponteo.sk\/wp-content\/uploads\/2016\/10\/Ponteo-restauracia-upr2-e1476866165686.jpg\" alt=\"\" width=\"1100\" height=\"550\" src=\"data:image\/gif;base64,R0lGODlhAQABAAAAACH5BAEKAAEALAAAAAABAAEAAAICTAEAOw==\" style=\"--smush-placeholder-width: 1100px; --smush-placeholder-aspect-ratio: 1100\/550;\"><noscript><img loading=\"lazy\" decoding=\"async\" class=\"aligncenter wp-image-2194 size-full\" src=\"https:\/\/ponteo.sk\/wp-content\/uploads\/2016\/10\/Ponteo-restauracia-upr2-e1476866165686.jpg\" alt=\"\" width=\"1100\" height=\"550\"><\/noscript><\/p>\n<h1 style=\"text-align: center;\">Rezervierungsformular &#8211; Restaurant<\/h1>\n<div id=\"vf_form_format\">\n<div class=\"wpcf7 no-js\" id=\"wpcf7-f17892-o1\" lang=\"sk-SK\" dir=\"ltr\">\n<div class=\"screen-reader-response\"><p role=\"status\" aria-live=\"polite\" aria-atomic=\"true\"><\/p> <ul><\/ul><\/div>\n<form action=\"\/de\/wp-json\/wp\/v2\/pages\/17890#wpcf7-f17892-o1\" method=\"post\" class=\"wpcf7-form init\" aria-label=\"Kontaktn\u00fd formul\u00e1r\" novalidate=\"novalidate\" data-status=\"init\">\n<div style=\"display: none;\">\n<input type=\"hidden\" name=\"_wpcf7\" value=\"17892\" \/>\n<input type=\"hidden\" name=\"_wpcf7_version\" value=\"5.9.8\" \/>\n<input type=\"hidden\" name=\"_wpcf7_locale\" value=\"sk_SK\" \/>\n<input type=\"hidden\" name=\"_wpcf7_unit_tag\" value=\"wpcf7-f17892-o1\" \/>\n<input type=\"hidden\" name=\"_wpcf7_container_post\" value=\"0\" \/>\n<input type=\"hidden\" name=\"_wpcf7_posted_data_hash\" value=\"\" \/>\n<input type=\"hidden\" name=\"_wpcf7_recaptcha_response\" value=\"\" \/>\n<\/div>\n<p><label> Meno a priezvisko:\n\t\t<font color=\"red\">*\n\t\t<\/font><br \/>\n<span class=\"wpcf7-form-control-wrap\" data-name=\"your-name\"><input size=\"40\" maxlength=\"400\" class=\"wpcf7-form-control wpcf7-text wpcf7-validates-as-required\" aria-required=\"true\" aria-invalid=\"false\" value=\"\" type=\"text\" name=\"your-name\" \/><\/span> <\/label>\n<\/p>\n<p><label> E-mail:\n\t\t<font color=\"red\">*\n\t\t<\/font><br \/>\n<span class=\"wpcf7-form-control-wrap\" data-name=\"your-email\"><input size=\"40\" maxlength=\"400\" class=\"wpcf7-form-control wpcf7-email wpcf7-validates-as-required wpcf7-text wpcf7-validates-as-email\" aria-required=\"true\" aria-invalid=\"false\" value=\"\" type=\"email\" name=\"your-email\" \/><\/span> <\/label>\n<\/p>\n<p><label> Telef\u00f3nne \u010d\u00edslo:\n\t\t<font color=\"red\">*\n\t\t<\/font><br \/>\n<span class=\"wpcf7-form-control-wrap\" data-name=\"tel-266\"><input size=\"40\" maxlength=\"400\" class=\"wpcf7-form-control wpcf7-tel wpcf7-validates-as-required wpcf7-text wpcf7-validates-as-tel\" aria-required=\"true\" aria-invalid=\"false\" value=\"\" type=\"tel\" name=\"tel-266\" \/><\/span> <\/label>\n<\/p>\n<p><label> D\u00e1tum:\n\t\t<font color=\"red\">*\n\t\t<\/font><br \/>\n<span class=\"wpcf7-form-control-wrap\" data-name=\"text-date-reservierung\"><input size=\"40\" maxlength=\"400\" class=\"wpcf7-form-control wpcf7-text\" aria-invalid=\"false\" value=\"\" type=\"text\" name=\"text-date-reservierung\" \/><\/span><br \/>\n<\/label>\n<\/p>\n<p><label> \u010cas:\n\t\t<font color=\"red\">*\n\t\t<\/font><br \/>\n<span class=\"wpcf7-form-control-wrap time-736\"><input size=\"40\" class=\"wpcf7-form-control wpcf7-time wpcf7-validates-as-required wpcf7-date\" type=\"text\" aria-required=\"true\" value=\"\" name=\"time-736\" \/> <\/span><br \/>\n<\/label>\n<\/p>\n<p><label> Miesto rezerv\u00e1cie:\n\t\t<font color=\"red\">*\n\t\t<\/font> <span class=\"wpcf7-form-control-wrap\" data-name=\"menu-789\"><select class=\"wpcf7-form-control wpcf7-select wpcf7-validates-as-required\" aria-required=\"true\" aria-invalid=\"false\" name=\"menu-789\"><option value=\"Re\u0161taur\u00e1cia\">Re\u0161taur\u00e1cia<\/option><option value=\"Sal\u00f3nik\">Sal\u00f3nik<\/option><option value=\"Terasa\">Terasa<\/option><\/select><\/span><\/label>\n<\/p>\n<p><label> Typ rezerv\u00e1cie: <span class=\"wpcf7-form-control-wrap\" data-name=\"meng-typrezervacie\"><select class=\"wpcf7-form-control wpcf7-select\" aria-invalid=\"false\" name=\"meng-typrezervacie\"><option value=\"\">&#8212;Zvo\u013ete pros\u00edm mo\u017enos\u0165&#8212;<\/option><option value=\"Rodinn\u00e1 oslava\">Rodinn\u00e1 oslava<\/option><option value=\"Svadba\">Svadba<\/option><option value=\"Pracovn\u00e9 stretnutie\">Pracovn\u00e9 stretnutie<\/option><option value=\"Ve\u010dera\">Ve\u010dera<\/option><option value=\"In\u00e9\">In\u00e9<\/option><\/select><\/span><\/label>\n<\/p>\n<p><label> Va\u0161e po\u017eiadavky: <span class=\"wpcf7-form-control-wrap\" data-name=\"your-message\"><textarea cols=\"40\" rows=\"10\" maxlength=\"2000\" class=\"wpcf7-form-control wpcf7-textarea\" aria-invalid=\"false\" name=\"your-message\"><\/textarea><\/span> <\/label>\n<\/p>\n<p><label><br \/>\n<i> S\u00fahlas\u00edm so spracovan\u00edm mojich osobn\u00fdch \u00fadajov na marketingov\u00e9 \u00fa\u010dely hotela Ponteo Activity Park Rusovce v s\u00falade so <a href=\"https:\/\/ponteo.sk\/zasady-ochrany-a-spracovania-osobnych-udajov-ponteo-sro\/\">Z\u00e1sadami ochrany a spracovania osobn\u00fdch \u00fadajov spolo\u010dnos\u0165ou Ponteo, s.r.o.<\/a>. <\/i><\/label><br \/>\n<span class=\"wpcf7-form-control-wrap\" data-name=\"ochrana-OU\"><span class=\"wpcf7-form-control wpcf7-checkbox wpcf7-validates-as-required wpcf7-exclusive-checkbox\"><span class=\"wpcf7-list-item first\"><label><input type=\"checkbox\" name=\"ochrana-OU\" value=\"S\u00fahlas\u00edm\" \/><span class=\"wpcf7-list-item-label\">S\u00fahlas\u00edm<\/span><\/label><\/span><span class=\"wpcf7-list-item last\"><label><input type=\"checkbox\" name=\"ochrana-OU\" value=\"Nes\u00fahlas\u00edm\" \/><span class=\"wpcf7-list-item-label\">Nes\u00fahlas\u00edm<\/span><\/label><\/span><\/span><\/span>\n<\/p>\n<p><label><i>Prajem si prij\u00edma\u0165 emaily s novinkami a najv\u00fdhodnej\u0161\u00edmi ponukami hotela Ponteo Activity Park Rusovce.<\/i><\/label><br \/>\n<span class=\"wpcf7-form-control-wrap\" data-name=\"suhlas_marketing\"><span class=\"wpcf7-form-control wpcf7-checkbox wpcf7-validates-as-required wpcf7-exclusive-checkbox\"><span class=\"wpcf7-list-item first\"><label><input type=\"checkbox\" name=\"suhlas_marketing\" value=\"\u00c1no\" checked=\"checked\" \/><span class=\"wpcf7-list-item-label\">\u00c1no<\/span><\/label><\/span><span class=\"wpcf7-list-item last\"><label><input type=\"checkbox\" name=\"suhlas_marketing\" value=\"Nie\" \/><span class=\"wpcf7-list-item-label\">Nie<\/span><\/label><\/span><\/span><\/span>\n<\/p>\n<p><label><br \/>\n<div id=\"cf7sr-69f4cea3aecb1\" class=\"cf7sr-g-recaptcha\" data-theme=\"light\" data-type=\"image\" data-size=\"normal\" data-sitekey=\"6LdcoIkUAAAAALbILYA4AXf65GlmPiF0ALMZx-LS\"><\/div><span class=\"wpcf7-form-control-wrap cf7sr-recaptcha\" data-name=\"cf7sr-recaptcha\"><input type=\"hidden\" name=\"cf7sr-recaptcha\" value=\"\" class=\"wpcf7-form-control\"><\/span> <\/label>\n<\/p>\n<p class=\"vf_rec\">\n\t<font color=\"red\">*\n\t<\/font> Povinn\u00e9 pole,<br \/>\npros\u00edme vyplni\u0165.\n<\/p>\n<p><input class=\"wpcf7-form-control wpcf7-submit has-spinner\" type=\"submit\" value=\"Odo\u0161li\" \/>\n<\/p><p style=\"display: none !important;\" class=\"akismet-fields-container\" data-prefix=\"_wpcf7_ak_\"><label>&#916;<textarea name=\"_wpcf7_ak_hp_textarea\" cols=\"45\" rows=\"8\" maxlength=\"100\"><\/textarea><\/label><input type=\"hidden\" id=\"ak_js_1\" name=\"_wpcf7_ak_js\" value=\"98\"\/><script>document.getElementById( \"ak_js_1\" ).setAttribute( \"value\", ( new Date() ).getTime() );<\/script><\/p><input type='hidden' class='wpcf7-pum' value='{\"closepopup\":false,\"closedelay\":0,\"openpopup\":false,\"openpopup_id\":0}' \/><div class=\"wpcf7-response-output\" aria-hidden=\"true\"><\/div>\n<\/form>\n<\/div>\n<\/div>\n","protected":false},"excerpt":{"rendered":"<p>Rezervierungsformular &#8211; Restaurant<\/p>\n","protected":false},"author":10,"featured_media":0,"parent":24,"menu_order":0,"comment_status":"closed","ping_status":"closed","template":"page-templates\/business-two.php","meta":{"footnotes":""},"yoast_head":"<!-- This site is optimized with the Yoast SEO plugin v23.2 - https:\/\/yoast.com\/wordpress\/plugins\/seo\/ -->\n<title>Reservierungsformular Restaurant | Hotel 4* PONTEO<\/title>\n<meta name=\"robots\" content=\"index, follow, max-snippet:-1, max-image-preview:large, max-video-preview:-1\" \/>\n<link rel=\"canonical\" href=\"https:\/\/www.ponteo.sk\/de\/restauracia\/reservierungsformular-restaurant\/\" \/>\n<meta property=\"og:locale\" content=\"de_DE\" \/>\n<meta property=\"og:type\" content=\"article\" \/>\n<meta property=\"og:title\" content=\"Reservierungsformular Restaurant | Hotel 4* PONTEO\" \/>\n<meta property=\"og:description\" content=\"Rezervierungsformular &#8211; Restaurant\" \/>\n<meta property=\"og:url\" content=\"https:\/\/www.ponteo.sk\/de\/restauracia\/reservierungsformular-restaurant\/\" \/>\n<meta property=\"og:site_name\" content=\"Hotel 4* PONTEO\" \/>\n<meta property=\"article:publisher\" content=\"https:\/\/www.facebook.com\/ponteo\/\" \/>\n<meta property=\"article:modified_time\" content=\"2019-10-23T12:33:52+00:00\" \/>\n<meta property=\"og:image\" content=\"https:\/\/ponteo.sk\/wp-content\/uploads\/2016\/10\/Ponteo-restauracia-upr2-e1476866165686.jpg\" \/>\n<meta name=\"twitter:card\" content=\"summary_large_image\" \/>\n<script type=\"application\/ld+json\" class=\"yoast-schema-graph\">{\"@context\":\"https:\/\/schema.org\",\"@graph\":[{\"@type\":\"WebPage\",\"@id\":\"https:\/\/www.ponteo.sk\/de\/restauracia\/reservierungsformular-restaurant\/\",\"url\":\"https:\/\/www.ponteo.sk\/de\/restauracia\/reservierungsformular-restaurant\/\",\"name\":\"Reservierungsformular Restaurant | Hotel 4* PONTEO\",\"isPartOf\":{\"@id\":\"https:\/\/www.ponteo.sk\/#website\"},\"primaryImageOfPage\":{\"@id\":\"https:\/\/www.ponteo.sk\/de\/restauracia\/reservierungsformular-restaurant\/#primaryimage\"},\"image\":{\"@id\":\"https:\/\/www.ponteo.sk\/de\/restauracia\/reservierungsformular-restaurant\/#primaryimage\"},\"thumbnailUrl\":\"https:\/\/ponteo.sk\/wp-content\/uploads\/2016\/10\/Ponteo-restauracia-upr2-e1476866165686.jpg\",\"datePublished\":\"2019-10-23T12:27:21+00:00\",\"dateModified\":\"2019-10-23T12:33:52+00:00\",\"breadcrumb\":{\"@id\":\"https:\/\/www.ponteo.sk\/de\/restauracia\/reservierungsformular-restaurant\/#breadcrumb\"},\"inLanguage\":\"de\",\"potentialAction\":[{\"@type\":\"ReadAction\",\"target\":[\"https:\/\/www.ponteo.sk\/de\/restauracia\/reservierungsformular-restaurant\/\"]}]},{\"@type\":\"ImageObject\",\"inLanguage\":\"de\",\"@id\":\"https:\/\/www.ponteo.sk\/de\/restauracia\/reservierungsformular-restaurant\/#primaryimage\",\"url\":\"https:\/\/ponteo.sk\/wp-content\/uploads\/2016\/10\/Ponteo-restauracia-upr2-e1476866165686.jpg\",\"contentUrl\":\"https:\/\/ponteo.sk\/wp-content\/uploads\/2016\/10\/Ponteo-restauracia-upr2-e1476866165686.jpg\"},{\"@type\":\"BreadcrumbList\",\"@id\":\"https:\/\/www.ponteo.sk\/de\/restauracia\/reservierungsformular-restaurant\/#breadcrumb\",\"itemListElement\":[{\"@type\":\"ListItem\",\"position\":1,\"name\":\"Domov\",\"item\":\"https:\/\/www.ponteo.sk\/de\/\"},{\"@type\":\"ListItem\",\"position\":2,\"name\":\"Re\u0161taur\u00e1cia\",\"item\":\"https:\/\/www.ponteo.sk\/restauracia\/\"},{\"@type\":\"ListItem\",\"position\":3,\"name\":\"Reservierungsformular Restaurant\"}]},{\"@type\":\"WebSite\",\"@id\":\"https:\/\/www.ponteo.sk\/#website\",\"url\":\"https:\/\/www.ponteo.sk\/\",\"name\":\"Hotel 4* PONTEO\",\"description\":\"Miesto, ktor\u00e9 v\u00e1m zostane v srdci\",\"potentialAction\":[{\"@type\":\"SearchAction\",\"target\":{\"@type\":\"EntryPoint\",\"urlTemplate\":\"https:\/\/www.ponteo.sk\/?s={search_term_string}\"},\"query-input\":\"required name=search_term_string\"}],\"inLanguage\":\"de\"}]}<\/script>\n<!-- \/ Yoast SEO plugin. -->","yoast_head_json":{"title":"Reservierungsformular Restaurant | Hotel 4* PONTEO","robots":{"index":"index","follow":"follow","max-snippet":"max-snippet:-1","max-image-preview":"max-image-preview:large","max-video-preview":"max-video-preview:-1"},"canonical":"https:\/\/www.ponteo.sk\/de\/restauracia\/reservierungsformular-restaurant\/","og_locale":"de_DE","og_type":"article","og_title":"Reservierungsformular Restaurant | Hotel 4* PONTEO","og_description":"Rezervierungsformular &#8211; Restaurant","og_url":"https:\/\/www.ponteo.sk\/de\/restauracia\/reservierungsformular-restaurant\/","og_site_name":"Hotel 4* PONTEO","article_publisher":"https:\/\/www.facebook.com\/ponteo\/","article_modified_time":"2019-10-23T12:33:52+00:00","og_image":[{"url":"https:\/\/ponteo.sk\/wp-content\/uploads\/2016\/10\/Ponteo-restauracia-upr2-e1476866165686.jpg"}],"twitter_card":"summary_large_image","schema":{"@context":"https:\/\/schema.org","@graph":[{"@type":"WebPage","@id":"https:\/\/www.ponteo.sk\/de\/restauracia\/reservierungsformular-restaurant\/","url":"https:\/\/www.ponteo.sk\/de\/restauracia\/reservierungsformular-restaurant\/","name":"Reservierungsformular Restaurant | Hotel 4* PONTEO","isPartOf":{"@id":"https:\/\/www.ponteo.sk\/#website"},"primaryImageOfPage":{"@id":"https:\/\/www.ponteo.sk\/de\/restauracia\/reservierungsformular-restaurant\/#primaryimage"},"image":{"@id":"https:\/\/www.ponteo.sk\/de\/restauracia\/reservierungsformular-restaurant\/#primaryimage"},"thumbnailUrl":"https:\/\/ponteo.sk\/wp-content\/uploads\/2016\/10\/Ponteo-restauracia-upr2-e1476866165686.jpg","datePublished":"2019-10-23T12:27:21+00:00","dateModified":"2019-10-23T12:33:52+00:00","breadcrumb":{"@id":"https:\/\/www.ponteo.sk\/de\/restauracia\/reservierungsformular-restaurant\/#breadcrumb"},"inLanguage":"de","potentialAction":[{"@type":"ReadAction","target":["https:\/\/www.ponteo.sk\/de\/restauracia\/reservierungsformular-restaurant\/"]}]},{"@type":"ImageObject","inLanguage":"de","@id":"https:\/\/www.ponteo.sk\/de\/restauracia\/reservierungsformular-restaurant\/#primaryimage","url":"https:\/\/ponteo.sk\/wp-content\/uploads\/2016\/10\/Ponteo-restauracia-upr2-e1476866165686.jpg","contentUrl":"https:\/\/ponteo.sk\/wp-content\/uploads\/2016\/10\/Ponteo-restauracia-upr2-e1476866165686.jpg"},{"@type":"BreadcrumbList","@id":"https:\/\/www.ponteo.sk\/de\/restauracia\/reservierungsformular-restaurant\/#breadcrumb","itemListElement":[{"@type":"ListItem","position":1,"name":"Domov","item":"https:\/\/www.ponteo.sk\/de\/"},{"@type":"ListItem","position":2,"name":"Re\u0161taur\u00e1cia","item":"https:\/\/www.ponteo.sk\/restauracia\/"},{"@type":"ListItem","position":3,"name":"Reservierungsformular Restaurant"}]},{"@type":"WebSite","@id":"https:\/\/www.ponteo.sk\/#website","url":"https:\/\/www.ponteo.sk\/","name":"Hotel 4* PONTEO","description":"Miesto, ktor\u00e9 v\u00e1m zostane v srdci","potentialAction":[{"@type":"SearchAction","target":{"@type":"EntryPoint","urlTemplate":"https:\/\/www.ponteo.sk\/?s={search_term_string}"},"query-input":"required name=search_term_string"}],"inLanguage":"de"}]}},"_links":{"self":[{"href":"https:\/\/www.ponteo.sk\/de\/wp-json\/wp\/v2\/pages\/17890"}],"collection":[{"href":"https:\/\/www.ponteo.sk\/de\/wp-json\/wp\/v2\/pages"}],"about":[{"href":"https:\/\/www.ponteo.sk\/de\/wp-json\/wp\/v2\/types\/page"}],"author":[{"embeddable":true,"href":"https:\/\/www.ponteo.sk\/de\/wp-json\/wp\/v2\/users\/10"}],"replies":[{"embeddable":true,"href":"https:\/\/www.ponteo.sk\/de\/wp-json\/wp\/v2\/comments?post=17890"}],"version-history":[{"count":3,"href":"https:\/\/www.ponteo.sk\/de\/wp-json\/wp\/v2\/pages\/17890\/revisions"}],"predecessor-version":[{"id":17894,"href":"https:\/\/www.ponteo.sk\/de\/wp-json\/wp\/v2\/pages\/17890\/revisions\/17894"}],"up":[{"embeddable":true,"href":"https:\/\/www.ponteo.sk\/de\/wp-json\/wp\/v2\/pages\/24"}],"wp:attachment":[{"href":"https:\/\/www.ponteo.sk\/de\/wp-json\/wp\/v2\/media?parent=17890"}],"curies":[{"name":"wp","href":"https:\/\/api.w.org\/{rel}","templated":true}]}}