{"id":4183,"date":"2017-01-11T13:24:05","date_gmt":"2017-01-11T12:24:05","guid":{"rendered":"http:\/\/ponteo.sk\/?page_id=4183\/"},"modified":"2017-01-11T13:24:05","modified_gmt":"2017-01-11T12:24:05","slug":"ponteo-activity-park","status":"publish","type":"page","link":"https:\/\/www.ponteo.sk\/de\/ponteo-activity-park\/","title":{"rendered":"ponteo activity park"},"content":{"rendered":"<h1 style=\"margin-top: 0px; text-align: center;\">Ponteo Activity Park<\/h1>\n<p style=\"text-align: center;\">Ihr perfekter Ort f\u00fcr Erholung, Vergn\u00fcgen, Arbeit und Sport. Im Ponteo finden Sie ein Hotel der Kategorie ****, Kongressr\u00e4ume, ein ausgezeichnetes Restaurant mit Au\u00dfenterrasse und eigenem Grill, Bowling, Wellness, Sportm\u00f6glichkeiten und Outdoor-Sportpl\u00e4tzen. Dies alles in h\u00f6chster Dienstleistungsqualit\u00e4t und Luxus, dem Sie nur schwer widerstehen k\u00f6nnen.<\/p>\n<p>&nbsp;<\/p>\n<p>&nbsp;<\/p>\n","protected":false},"excerpt":{"rendered":"<p>Ponteo Activity Park Ihr perfekter Ort f\u00fcr Erholung, Vergn\u00fcgen, Arbeit und Sport. Im Ponteo finden Sie ein Hotel der Kategorie ****, Kongressr\u00e4ume, ein ausgezeichnetes Restaurant mit Au\u00dfenterrasse und eigenem Grill, Bowling, Wellness, Sportm\u00f6glichkeiten und Outdoor-Sportpl\u00e4tzen. Dies alles in h\u00f6chster Dienstleistungsqualit\u00e4t<\/p>\n","protected":false},"author":2,"featured_media":0,"parent":0,"menu_order":0,"comment_status":"closed","ping_status":"closed","template":"","meta":{"footnotes":""},"yoast_head":"<!-- This site is optimized with the Yoast SEO plugin v23.2 - https:\/\/yoast.com\/wordpress\/plugins\/seo\/ -->\n<title>ponteo activity park | Hotel 4* PONTEO<\/title>\n<meta name=\"robots\" content=\"index, follow, max-snippet:-1, max-image-preview:large, max-video-preview:-1\" \/>\n<link rel=\"canonical\" href=\"https:\/\/www.ponteo.sk\/de\/ponteo-activity-park\/\" \/>\n<meta property=\"og:locale\" content=\"de_DE\" \/>\n<meta property=\"og:type\" content=\"article\" \/>\n<meta property=\"og:title\" content=\"ponteo activity park | Hotel 4* PONTEO\" \/>\n<meta property=\"og:description\" content=\"Ponteo Activity Park Ihr perfekter Ort f\u00fcr Erholung, Vergn\u00fcgen, Arbeit und Sport. Im Ponteo finden Sie ein Hotel der Kategorie ****, Kongressr\u00e4ume, ein ausgezeichnetes Restaurant mit Au\u00dfenterrasse und eigenem Grill, Bowling, Wellness, Sportm\u00f6glichkeiten und Outdoor-Sportpl\u00e4tzen. Dies alles in h\u00f6chster Dienstleistungsqualit\u00e4t\" \/>\n<meta property=\"og:url\" content=\"https:\/\/www.ponteo.sk\/de\/ponteo-activity-park\/\" \/>\n<meta property=\"og:site_name\" content=\"Hotel 4* PONTEO\" \/>\n<meta property=\"article:publisher\" content=\"https:\/\/www.facebook.com\/ponteo\/\" \/>\n<meta name=\"twitter:card\" content=\"summary_large_image\" \/>\n<script type=\"application\/ld+json\" class=\"yoast-schema-graph\">{\"@context\":\"https:\/\/schema.org\",\"@graph\":[{\"@type\":\"WebPage\",\"@id\":\"https:\/\/www.ponteo.sk\/de\/ponteo-activity-park\/\",\"url\":\"https:\/\/www.ponteo.sk\/de\/ponteo-activity-park\/\",\"name\":\"ponteo activity park | Hotel 4* PONTEO\",\"isPartOf\":{\"@id\":\"https:\/\/www.ponteo.sk\/#website\"},\"datePublished\":\"2017-01-11T12:24:05+00:00\",\"dateModified\":\"2017-01-11T12:24:05+00:00\",\"breadcrumb\":{\"@id\":\"https:\/\/www.ponteo.sk\/de\/ponteo-activity-park\/#breadcrumb\"},\"inLanguage\":\"de\",\"potentialAction\":[{\"@type\":\"ReadAction\",\"target\":[\"https:\/\/www.ponteo.sk\/de\/ponteo-activity-park\/\"]}]},{\"@type\":\"BreadcrumbList\",\"@id\":\"https:\/\/www.ponteo.sk\/de\/ponteo-activity-park\/#breadcrumb\",\"itemListElement\":[{\"@type\":\"ListItem\",\"position\":1,\"name\":\"Domov\",\"item\":\"https:\/\/www.ponteo.sk\/de\/\"},{\"@type\":\"ListItem\",\"position\":2,\"name\":\"ponteo activity park\"}]},{\"@type\":\"WebSite\",\"@id\":\"https:\/\/www.ponteo.sk\/#website\",\"url\":\"https:\/\/www.ponteo.sk\/\",\"name\":\"Hotel 4* PONTEO\",\"description\":\"Miesto, ktor\u00e9 v\u00e1m zostane v srdci\",\"potentialAction\":[{\"@type\":\"SearchAction\",\"target\":{\"@type\":\"EntryPoint\",\"urlTemplate\":\"https:\/\/www.ponteo.sk\/?s={search_term_string}\"},\"query-input\":\"required name=search_term_string\"}],\"inLanguage\":\"de\"}]}<\/script>\n<!-- \/ Yoast SEO plugin. -->","yoast_head_json":{"title":"ponteo activity park | Hotel 4* PONTEO","robots":{"index":"index","follow":"follow","max-snippet":"max-snippet:-1","max-image-preview":"max-image-preview:large","max-video-preview":"max-video-preview:-1"},"canonical":"https:\/\/www.ponteo.sk\/de\/ponteo-activity-park\/","og_locale":"de_DE","og_type":"article","og_title":"ponteo activity park | Hotel 4* PONTEO","og_description":"Ponteo Activity Park Ihr perfekter Ort f\u00fcr Erholung, Vergn\u00fcgen, Arbeit und Sport. Im Ponteo finden Sie ein Hotel der Kategorie ****, Kongressr\u00e4ume, ein ausgezeichnetes Restaurant mit Au\u00dfenterrasse und eigenem Grill, Bowling, Wellness, Sportm\u00f6glichkeiten und Outdoor-Sportpl\u00e4tzen. Dies alles in h\u00f6chster Dienstleistungsqualit\u00e4t","og_url":"https:\/\/www.ponteo.sk\/de\/ponteo-activity-park\/","og_site_name":"Hotel 4* PONTEO","article_publisher":"https:\/\/www.facebook.com\/ponteo\/","twitter_card":"summary_large_image","schema":{"@context":"https:\/\/schema.org","@graph":[{"@type":"WebPage","@id":"https:\/\/www.ponteo.sk\/de\/ponteo-activity-park\/","url":"https:\/\/www.ponteo.sk\/de\/ponteo-activity-park\/","name":"ponteo activity park | Hotel 4* PONTEO","isPartOf":{"@id":"https:\/\/www.ponteo.sk\/#website"},"datePublished":"2017-01-11T12:24:05+00:00","dateModified":"2017-01-11T12:24:05+00:00","breadcrumb":{"@id":"https:\/\/www.ponteo.sk\/de\/ponteo-activity-park\/#breadcrumb"},"inLanguage":"de","potentialAction":[{"@type":"ReadAction","target":["https:\/\/www.ponteo.sk\/de\/ponteo-activity-park\/"]}]},{"@type":"BreadcrumbList","@id":"https:\/\/www.ponteo.sk\/de\/ponteo-activity-park\/#breadcrumb","itemListElement":[{"@type":"ListItem","position":1,"name":"Domov","item":"https:\/\/www.ponteo.sk\/de\/"},{"@type":"ListItem","position":2,"name":"ponteo activity park"}]},{"@type":"WebSite","@id":"https:\/\/www.ponteo.sk\/#website","url":"https:\/\/www.ponteo.sk\/","name":"Hotel 4* PONTEO","description":"Miesto, ktor\u00e9 v\u00e1m zostane v srdci","potentialAction":[{"@type":"SearchAction","target":{"@type":"EntryPoint","urlTemplate":"https:\/\/www.ponteo.sk\/?s={search_term_string}"},"query-input":"required name=search_term_string"}],"inLanguage":"de"}]}},"_links":{"self":[{"href":"https:\/\/www.ponteo.sk\/de\/wp-json\/wp\/v2\/pages\/4183"}],"collection":[{"href":"https:\/\/www.ponteo.sk\/de\/wp-json\/wp\/v2\/pages"}],"about":[{"href":"https:\/\/www.ponteo.sk\/de\/wp-json\/wp\/v2\/types\/page"}],"author":[{"embeddable":true,"href":"https:\/\/www.ponteo.sk\/de\/wp-json\/wp\/v2\/users\/2"}],"replies":[{"embeddable":true,"href":"https:\/\/www.ponteo.sk\/de\/wp-json\/wp\/v2\/comments?post=4183"}],"version-history":[{"count":0,"href":"https:\/\/www.ponteo.sk\/de\/wp-json\/wp\/v2\/pages\/4183\/revisions"}],"wp:attachment":[{"href":"https:\/\/www.ponteo.sk\/de\/wp-json\/wp\/v2\/media?parent=4183"}],"curies":[{"name":"wp","href":"https:\/\/api.w.org\/{rel}","templated":true}]}}