{"id":4188,"date":"2017-01-11T13:50:19","date_gmt":"2017-01-11T12:50:19","guid":{"rendered":"http:\/\/ponteo.sk\/?page_id=4188\/"},"modified":"2025-09-25T13:00:20","modified_gmt":"2025-09-25T11:00:20","slug":"bowling-menue","status":"publish","type":"page","link":"https:\/\/www.ponteo.sk\/de\/bar-bowling\/bowling-menue\/","title":{"rendered":"Bowling-Men\u00fc"},"content":{"rendered":"<p><img loading=\"lazy\" decoding=\"async\" class=\"aligncenter wp-image-25511 size-full lazyload\" data-src=\"https:\/\/ponteo.sk\/wp-content\/uploads\/2022\/11\/bowling-menu-kridla-1100x550-1.jpg\" alt=\"\" width=\"1100\" height=\"550\" data-srcset=\"https:\/\/www.ponteo.sk\/wp-content\/uploads\/2022\/11\/bowling-menu-kridla-1100x550-1.jpg 1100w, https:\/\/www.ponteo.sk\/wp-content\/uploads\/2022\/11\/bowling-menu-kridla-1100x550-1-300x150.jpg 300w, https:\/\/www.ponteo.sk\/wp-content\/uploads\/2022\/11\/bowling-menu-kridla-1100x550-1-1024x512.jpg 1024w, https:\/\/www.ponteo.sk\/wp-content\/uploads\/2022\/11\/bowling-menu-kridla-1100x550-1-768x384.jpg 768w\" data-sizes=\"(max-width: 1100px) 100vw, 1100px\" src=\"data:image\/gif;base64,R0lGODlhAQABAAAAACH5BAEKAAEALAAAAAABAAEAAAICTAEAOw==\" style=\"--smush-placeholder-width: 1100px; --smush-placeholder-aspect-ratio: 1100\/550;\" \/><noscript><img loading=\"lazy\" decoding=\"async\" class=\"aligncenter wp-image-25511 size-full\" src=\"https:\/\/ponteo.sk\/wp-content\/uploads\/2022\/11\/bowling-menu-kridla-1100x550-1.jpg\" alt=\"\" width=\"1100\" height=\"550\" srcset=\"https:\/\/www.ponteo.sk\/wp-content\/uploads\/2022\/11\/bowling-menu-kridla-1100x550-1.jpg 1100w, https:\/\/www.ponteo.sk\/wp-content\/uploads\/2022\/11\/bowling-menu-kridla-1100x550-1-300x150.jpg 300w, https:\/\/www.ponteo.sk\/wp-content\/uploads\/2022\/11\/bowling-menu-kridla-1100x550-1-1024x512.jpg 1024w, https:\/\/www.ponteo.sk\/wp-content\/uploads\/2022\/11\/bowling-menu-kridla-1100x550-1-768x384.jpg 768w\" sizes=\"(max-width: 1100px) 100vw, 1100px\" \/><\/noscript><\/p>\n<h1 style=\"text-align: center;\">Ponteo Bar &amp; Bowling menu<\/h1>\n<p style=\"text-align: center;\">\u00a0Wenn Sie mit Freunden in der Bar, in der Sportfanzone sitzen, bowlen oder besondere Momente im privaten oder beruflichen Leben feiern m\u00f6chten, bieten wir neben unserem Standardrestaurantangebot auch spezielle Auswahl von Speisen, die mit Premiumrum, Bier und Wein erg\u00e4nzt worden ist. Sie d\u00fcrfen aus einer gro\u00dfen Auswahl von Getr\u00e4nken w\u00e4hlen\u00a0<strong><a href=\"http:\/\/ponteo.sk\/de\/restaurant\/getraenkekarte\/\">GETR\u00c4NKEKARTE<\/a><\/strong>.<\/p>\n<p style=\"text-align: center;\">Spa\u00df mit gutem Essen und Trinken bekommt eine ganz neue Dimension.\u00a0Feinschmecker werden ein au\u00dfergew\u00f6hnliches slowakisches Bier aus den<strong><span style=\"color: #3e6a27;\"> ausschlie\u00dflich nat\u00fcrlichen Rohstoffen von ERB genie\u00dfen.<\/span><\/strong><\/p>\n<h4 style=\"text-align: center;\">Wir w\u00fcnschen Ihnen gute Unterhaltung und vor allem guten Appetit.<\/h4>\n<hr style=\"color: #b9d986; background-color: #b9d986; height: 1px;\" \/>\n<h2 style=\"text-align: center;\">Etwas zu bei\u00dfen<\/h2>\n<h4 style=\"text-align: center;\">Tartar Steak mit ger\u00f6stete Brotschnitte und Knoblauch <sup>1,3,7,10<\/sup><\/h4>\n<p style=\"text-align: center;\">100 g | 16,50 EUR<\/p>\n<hr style=\"color: #b9d986; background-color: #b9d986; height: 1px; width: 15%;\" \/>\n<h4 style=\"text-align: center;\">Hausgemachte Entenpastete mit Zwiebelmarmelade und knusprigem Toast <sup>1,3,7<\/sup><\/h4>\n<p style=\"text-align: center;\">100 g | 9,50 EUR<\/p>\n<hr style=\"color: #b9d986; background-color: #b9d986; height: 1px; width: 15%;\" \/>\n<h4 style=\"text-align: center;\">Variation von K\u00e4se mit N\u00fcssen und Trauben Beeren 7,8<\/h4>\n<p style=\"text-align: center;\">200 g | 12,50 EUR<\/p>\n<hr style=\"color: #b9d986; background-color: #b9d986; height: 1px; width: 15%;\" \/>\n<h4 style=\"text-align: center;\">Ponteo Ponteo mit Pomes frittes <sup>1,3,7<\/sup><\/h4>\n<p style=\"text-align: center;\">120 g | 15,50 EUR<\/p>\n<hr style=\"color: #b9d986; background-color: #b9d986; height: 1px; width: 15%;\" \/>\n<h4 style=\"text-align: center;\">W\u00fcrzige Fl\u00fcgel mit amerikanischen Kartoffeln <sup>10<\/sup><\/h4>\n<p style=\"text-align: center;\">350 g | 14,50 EUR<\/p>\n<hr style=\"color: #b9d986; background-color: #b9d986; height: 1px; width: 15%;\" \/>\n<h4 style=\"text-align: center;\">Gegrillte Schweinerippchen, Gurke, Peperoni, Knoblauch, Dressing, Brot <sup>1,3,7,10<\/sup><\/h4>\n<p style=\"text-align: center;\">400 g | 15,50 EUR<\/p>\n<hr style=\"color: #b9d986; background-color: #b9d986; height: 1px; width: 15%;\" \/>\n<h4 style=\"text-align: center;\">C\u00e4sar -Salat mit gebratenen Stucke von Huhnerfleisch, cherry Tomaten und hausgemachte Dressing\u00a0<sup>1,3,4,7<\/sup><\/h4>\n<p style=\"text-align: center;\"><strong>300 g | 13,90 EUR<\/strong><\/p>\n<hr style=\"color: #b9d986; background-color: #b9d986; height: 1px; width: 15%;\" \/>\n<h4 style=\"text-align: center;\">H\u00fchnchen-Nuggets\u00a0<sup>1, 3,7<\/sup><\/h4>\n<p style=\"text-align: center;\">150 g | 9,20 EUR<\/p>\n<hr style=\"color: #b9d986; background-color: #b9d986; height: 1px; width: 15%;\" \/>\n<h4 style=\"text-align: center;\">Pomes frittes<\/h4>\n<p style=\"text-align: center;\"><strong>150 g | 3,50 EUR<\/strong><\/p>\n<hr style=\"color: #b9d986; background-color: #b9d986; height: 1px; width: 15%;\" \/>\n<p style=\"text-align: center;\"><strong>Ketchup \/<\/strong>50 g | 2,- EUR<br \/>\n<strong>Tatarenso\u00dfe \/<\/strong>\u00a050 g | 2,- EUR<br \/>\n<strong>Chilliso\u00dfe \/<\/strong>50 g | 2,- EUR<br \/>\n<strong>Brot\/ <\/strong>20 g | 0,30 EUR<\/p>\n<hr style=\"color: #b9d986; background-color: #b9d986; height: 1px;\" \/>\n<h2 style=\"text-align: center;\">Appetitshappen<\/h2>\n<hr style=\"color: #b9d986; background-color: #b9d986; height: 1px; width: 15%;\" \/>\n<h4 style=\"text-align: center;\">Olive<\/h4>\n<p style=\"text-align: center;\">200 g | 6,- EUR<\/p>\n<hr style=\"color: #b9d986; background-color: #b9d986; height: 1px; width: 15%;\" \/>\n<h4 style=\"text-align: center;\">Erdn\u00fcsse<\/h4>\n<p style=\"text-align: center;\">100 g | 3,80 EUR<\/p>\n<hr style=\"color: #b9d986; background-color: #b9d986; height: 1px; width: 15%;\" \/>\n<h4 style=\"text-align: center;\">Ger\u00f6stete Mandeln<\/h4>\n<p style=\"text-align: center;\">100 g | 5,50 EUR<\/p>\n<hr style=\"color: #b9d986; background-color: #b9d986; height: 1px; width: 15%;\" \/>\n<h4 style=\"text-align: center;\">Chips Lays<\/h4>\n<p style=\"text-align: center;\">70 g |3,80 EUR<\/p>\n<hr style=\"color: #b9d986; background-color: #b9d986; height: 1px; width: 15%;\" \/>\n<p style=\"text-align: center;\">Es wird nicht empfohlen, dass rohes Fleisch und Eier von Kindern, schwangeren Frauen, Ammen und Personen mit eingeschr\u00e4nkter Immunit\u00e4t konsumiert werden.<\/p>\n<p style=\"text-align: center;\">Das Gewicht der Mahlzeit wird im Rohzustand angegeben. |Die Preise beinhalten 20% Mehrwertsteuer. G\u00fcltig vom 8.1.2025.<\/p>\n<p style=\"text-align: center;\">Allergene : 1 Getreide, 2 Krebstiere, 3 Eier, 4 Fish, 5 Erdnusse, 6 Jojo Getreide, 7 Milch und Milchprodukte, 8 Nusse, 9 Selerie , 10 Senf, 11 Sesam, 12 Schwefeldioxin und Sulfite, 13 Lupine, 14 Weichtiere<\/p>\n","protected":false},"excerpt":{"rendered":"<p>Ponteo Bar &amp; Bowling menu \u00a0Wenn Sie mit Freunden in der Bar, in der Sportfanzone sitzen, bowlen oder besondere Momente im privaten oder beruflichen Leben feiern m\u00f6chten, bieten wir neben unserem Standardrestaurantangebot auch spezielle Auswahl von Speisen, die mit Premiumrum,<\/p>\n","protected":false},"author":4,"featured_media":34437,"parent":4145,"menu_order":0,"comment_status":"closed","ping_status":"closed","template":"page-templates\/business-two.php","meta":{"footnotes":""},"yoast_head":"<!-- This site is optimized with the Yoast SEO plugin v23.2 - https:\/\/yoast.com\/wordpress\/plugins\/seo\/ -->\n<title>Bowling-Men\u00fc | Hotel 4* PONTEO<\/title>\n<meta name=\"description\" content=\"Spa\u00df mit gutem Essen und Trinken bekommt eine ganz neue Dimension. Wir w\u00fcnschen Ihnen gute Unterhaltung und vor allem guten Appetit.\" \/>\n<meta name=\"robots\" content=\"index, follow, max-snippet:-1, max-image-preview:large, max-video-preview:-1\" \/>\n<link rel=\"canonical\" href=\"https:\/\/www.ponteo.sk\/de\/bar-bowling\/bowling-menue\/\" \/>\n<meta property=\"og:locale\" content=\"de_DE\" \/>\n<meta property=\"og:type\" content=\"article\" \/>\n<meta property=\"og:title\" content=\"Bowling-Men\u00fc | Hotel 4* PONTEO\" \/>\n<meta property=\"og:description\" content=\"Spa\u00df mit gutem Essen und Trinken bekommt eine ganz neue Dimension. Wir w\u00fcnschen Ihnen gute Unterhaltung und vor allem guten Appetit.\" \/>\n<meta property=\"og:url\" content=\"https:\/\/www.ponteo.sk\/de\/bar-bowling\/bowling-menue\/\" \/>\n<meta property=\"og:site_name\" content=\"Hotel 4* PONTEO\" \/>\n<meta property=\"article:publisher\" content=\"https:\/\/www.facebook.com\/ponteo\/\" \/>\n<meta property=\"article:modified_time\" content=\"2025-09-25T11:00:20+00:00\" \/>\n<meta property=\"og:image\" content=\"https:\/\/www.ponteo.sk\/wp-content\/uploads\/2022\/11\/bowling-menu-kridla-340x230-1-scaled.jpg\" \/>\n\t<meta property=\"og:image:width\" content=\"2560\" \/>\n\t<meta property=\"og:image:height\" content=\"1731\" \/>\n\t<meta property=\"og:image:type\" content=\"image\/jpeg\" \/>\n<meta name=\"twitter:card\" content=\"summary_large_image\" \/>\n<meta name=\"twitter:label1\" content=\"Gesch\u00e4tzte Lesezeit\" \/>\n\t<meta name=\"twitter:data1\" content=\"3\u00a0Minuten\" \/>\n<script type=\"application\/ld+json\" class=\"yoast-schema-graph\">{\"@context\":\"https:\/\/schema.org\",\"@graph\":[{\"@type\":\"WebPage\",\"@id\":\"https:\/\/www.ponteo.sk\/de\/bar-bowling\/bowling-menue\/\",\"url\":\"https:\/\/www.ponteo.sk\/de\/bar-bowling\/bowling-menue\/\",\"name\":\"Bowling-Men\u00fc | Hotel 4* PONTEO\",\"isPartOf\":{\"@id\":\"https:\/\/www.ponteo.sk\/#website\"},\"primaryImageOfPage\":{\"@id\":\"https:\/\/www.ponteo.sk\/de\/bar-bowling\/bowling-menue\/#primaryimage\"},\"image\":{\"@id\":\"https:\/\/www.ponteo.sk\/de\/bar-bowling\/bowling-menue\/#primaryimage\"},\"thumbnailUrl\":\"https:\/\/www.ponteo.sk\/wp-content\/uploads\/2022\/11\/bowling-menu-kridla-340x230-1-scaled.jpg\",\"datePublished\":\"2017-01-11T12:50:19+00:00\",\"dateModified\":\"2025-09-25T11:00:20+00:00\",\"description\":\"Spa\u00df mit gutem Essen und Trinken bekommt eine ganz neue Dimension. Wir w\u00fcnschen Ihnen gute Unterhaltung und vor allem guten Appetit.\",\"breadcrumb\":{\"@id\":\"https:\/\/www.ponteo.sk\/de\/bar-bowling\/bowling-menue\/#breadcrumb\"},\"inLanguage\":\"de\",\"potentialAction\":[{\"@type\":\"ReadAction\",\"target\":[\"https:\/\/www.ponteo.sk\/de\/bar-bowling\/bowling-menue\/\"]}]},{\"@type\":\"ImageObject\",\"inLanguage\":\"de\",\"@id\":\"https:\/\/www.ponteo.sk\/de\/bar-bowling\/bowling-menue\/#primaryimage\",\"url\":\"https:\/\/www.ponteo.sk\/wp-content\/uploads\/2022\/11\/bowling-menu-kridla-340x230-1-scaled.jpg\",\"contentUrl\":\"https:\/\/www.ponteo.sk\/wp-content\/uploads\/2022\/11\/bowling-menu-kridla-340x230-1-scaled.jpg\",\"width\":2560,\"height\":1731},{\"@type\":\"BreadcrumbList\",\"@id\":\"https:\/\/www.ponteo.sk\/de\/bar-bowling\/bowling-menue\/#breadcrumb\",\"itemListElement\":[{\"@type\":\"ListItem\",\"position\":1,\"name\":\"Domov\",\"item\":\"https:\/\/www.ponteo.sk\/de\/\"},{\"@type\":\"ListItem\",\"position\":2,\"name\":\"Bar &#038; Bowling\",\"item\":\"https:\/\/www.ponteo.sk\/de\/bar-bowling\/\"},{\"@type\":\"ListItem\",\"position\":3,\"name\":\"Bowling-Men\u00fc\"}]},{\"@type\":\"WebSite\",\"@id\":\"https:\/\/www.ponteo.sk\/#website\",\"url\":\"https:\/\/www.ponteo.sk\/\",\"name\":\"Hotel 4* PONTEO\",\"description\":\"Miesto, ktor\u00e9 v\u00e1m zostane v srdci\",\"potentialAction\":[{\"@type\":\"SearchAction\",\"target\":{\"@type\":\"EntryPoint\",\"urlTemplate\":\"https:\/\/www.ponteo.sk\/?s={search_term_string}\"},\"query-input\":\"required name=search_term_string\"}],\"inLanguage\":\"de\"}]}<\/script>\n<!-- \/ Yoast SEO plugin. -->","yoast_head_json":{"title":"Bowling-Men\u00fc | Hotel 4* PONTEO","description":"Spa\u00df mit gutem Essen und Trinken bekommt eine ganz neue Dimension. Wir w\u00fcnschen Ihnen gute Unterhaltung und vor allem guten Appetit.","robots":{"index":"index","follow":"follow","max-snippet":"max-snippet:-1","max-image-preview":"max-image-preview:large","max-video-preview":"max-video-preview:-1"},"canonical":"https:\/\/www.ponteo.sk\/de\/bar-bowling\/bowling-menue\/","og_locale":"de_DE","og_type":"article","og_title":"Bowling-Men\u00fc | Hotel 4* PONTEO","og_description":"Spa\u00df mit gutem Essen und Trinken bekommt eine ganz neue Dimension. Wir w\u00fcnschen Ihnen gute Unterhaltung und vor allem guten Appetit.","og_url":"https:\/\/www.ponteo.sk\/de\/bar-bowling\/bowling-menue\/","og_site_name":"Hotel 4* PONTEO","article_publisher":"https:\/\/www.facebook.com\/ponteo\/","article_modified_time":"2025-09-25T11:00:20+00:00","og_image":[{"width":2560,"height":1731,"url":"https:\/\/www.ponteo.sk\/wp-content\/uploads\/2022\/11\/bowling-menu-kridla-340x230-1-scaled.jpg","type":"image\/jpeg"}],"twitter_card":"summary_large_image","twitter_misc":{"Gesch\u00e4tzte Lesezeit":"3\u00a0Minuten"},"schema":{"@context":"https:\/\/schema.org","@graph":[{"@type":"WebPage","@id":"https:\/\/www.ponteo.sk\/de\/bar-bowling\/bowling-menue\/","url":"https:\/\/www.ponteo.sk\/de\/bar-bowling\/bowling-menue\/","name":"Bowling-Men\u00fc | Hotel 4* PONTEO","isPartOf":{"@id":"https:\/\/www.ponteo.sk\/#website"},"primaryImageOfPage":{"@id":"https:\/\/www.ponteo.sk\/de\/bar-bowling\/bowling-menue\/#primaryimage"},"image":{"@id":"https:\/\/www.ponteo.sk\/de\/bar-bowling\/bowling-menue\/#primaryimage"},"thumbnailUrl":"https:\/\/www.ponteo.sk\/wp-content\/uploads\/2022\/11\/bowling-menu-kridla-340x230-1-scaled.jpg","datePublished":"2017-01-11T12:50:19+00:00","dateModified":"2025-09-25T11:00:20+00:00","description":"Spa\u00df mit gutem Essen und Trinken bekommt eine ganz neue Dimension. Wir w\u00fcnschen Ihnen gute Unterhaltung und vor allem guten Appetit.","breadcrumb":{"@id":"https:\/\/www.ponteo.sk\/de\/bar-bowling\/bowling-menue\/#breadcrumb"},"inLanguage":"de","potentialAction":[{"@type":"ReadAction","target":["https:\/\/www.ponteo.sk\/de\/bar-bowling\/bowling-menue\/"]}]},{"@type":"ImageObject","inLanguage":"de","@id":"https:\/\/www.ponteo.sk\/de\/bar-bowling\/bowling-menue\/#primaryimage","url":"https:\/\/www.ponteo.sk\/wp-content\/uploads\/2022\/11\/bowling-menu-kridla-340x230-1-scaled.jpg","contentUrl":"https:\/\/www.ponteo.sk\/wp-content\/uploads\/2022\/11\/bowling-menu-kridla-340x230-1-scaled.jpg","width":2560,"height":1731},{"@type":"BreadcrumbList","@id":"https:\/\/www.ponteo.sk\/de\/bar-bowling\/bowling-menue\/#breadcrumb","itemListElement":[{"@type":"ListItem","position":1,"name":"Domov","item":"https:\/\/www.ponteo.sk\/de\/"},{"@type":"ListItem","position":2,"name":"Bar &#038; Bowling","item":"https:\/\/www.ponteo.sk\/de\/bar-bowling\/"},{"@type":"ListItem","position":3,"name":"Bowling-Men\u00fc"}]},{"@type":"WebSite","@id":"https:\/\/www.ponteo.sk\/#website","url":"https:\/\/www.ponteo.sk\/","name":"Hotel 4* PONTEO","description":"Miesto, ktor\u00e9 v\u00e1m zostane v srdci","potentialAction":[{"@type":"SearchAction","target":{"@type":"EntryPoint","urlTemplate":"https:\/\/www.ponteo.sk\/?s={search_term_string}"},"query-input":"required name=search_term_string"}],"inLanguage":"de"}]}},"_links":{"self":[{"href":"https:\/\/www.ponteo.sk\/de\/wp-json\/wp\/v2\/pages\/4188"}],"collection":[{"href":"https:\/\/www.ponteo.sk\/de\/wp-json\/wp\/v2\/pages"}],"about":[{"href":"https:\/\/www.ponteo.sk\/de\/wp-json\/wp\/v2\/types\/page"}],"author":[{"embeddable":true,"href":"https:\/\/www.ponteo.sk\/de\/wp-json\/wp\/v2\/users\/4"}],"replies":[{"embeddable":true,"href":"https:\/\/www.ponteo.sk\/de\/wp-json\/wp\/v2\/comments?post=4188"}],"version-history":[{"count":13,"href":"https:\/\/www.ponteo.sk\/de\/wp-json\/wp\/v2\/pages\/4188\/revisions"}],"predecessor-version":[{"id":47872,"href":"https:\/\/www.ponteo.sk\/de\/wp-json\/wp\/v2\/pages\/4188\/revisions\/47872"}],"up":[{"embeddable":true,"href":"https:\/\/www.ponteo.sk\/de\/wp-json\/wp\/v2\/pages\/4145"}],"wp:featuredmedia":[{"embeddable":true,"href":"https:\/\/www.ponteo.sk\/de\/wp-json\/wp\/v2\/media\/34437"}],"wp:attachment":[{"href":"https:\/\/www.ponteo.sk\/de\/wp-json\/wp\/v2\/media?parent=4188"}],"curies":[{"name":"wp","href":"https:\/\/api.w.org\/{rel}","templated":true}]}}