{"id":4244,"date":"2017-01-11T16:55:24","date_gmt":"2017-01-11T15:55:24","guid":{"rendered":"http:\/\/ponteo.sk\/?page_id=4244\/"},"modified":"2017-01-11T16:55:24","modified_gmt":"2017-01-11T15:55:24","slug":"saunen-und-jacuzzi","status":"publish","type":"page","link":"https:\/\/www.ponteo.sk\/de\/wellness\/saunen-und-jacuzzi\/","title":{"rendered":"Saunen und Jacuzzi"},"content":{"rendered":"<p><img loading=\"lazy\" decoding=\"async\" class=\"size-full wp-image-1775 aligncenter lazyload\" data-src=\"https:\/\/ponteo.sk\/wp-content\/uploads\/2016\/08\/Ponteo_wellness_65.jpg\" alt=\"_ponteo_wellness_65\" width=\"1100\" height=\"550\" data-srcset=\"https:\/\/www.ponteo.sk\/wp-content\/uploads\/2016\/08\/Ponteo_wellness_65.jpg 1100w, https:\/\/www.ponteo.sk\/wp-content\/uploads\/2016\/08\/Ponteo_wellness_65-300x150.jpg 300w, https:\/\/www.ponteo.sk\/wp-content\/uploads\/2016\/08\/Ponteo_wellness_65-768x384.jpg 768w, https:\/\/www.ponteo.sk\/wp-content\/uploads\/2016\/08\/Ponteo_wellness_65-1024x512.jpg 1024w, https:\/\/www.ponteo.sk\/wp-content\/uploads\/2016\/08\/Ponteo_wellness_65-75x38.jpg 75w\" data-sizes=\"(max-width: 1100px) 100vw, 1100px\" src=\"data:image\/gif;base64,R0lGODlhAQABAAAAACH5BAEKAAEALAAAAAABAAEAAAICTAEAOw==\" style=\"--smush-placeholder-width: 1100px; --smush-placeholder-aspect-ratio: 1100\/550;\" \/><noscript><img loading=\"lazy\" decoding=\"async\" class=\"size-full wp-image-1775 aligncenter\" src=\"https:\/\/ponteo.sk\/wp-content\/uploads\/2016\/08\/Ponteo_wellness_65.jpg\" alt=\"_ponteo_wellness_65\" width=\"1100\" height=\"550\" srcset=\"https:\/\/www.ponteo.sk\/wp-content\/uploads\/2016\/08\/Ponteo_wellness_65.jpg 1100w, https:\/\/www.ponteo.sk\/wp-content\/uploads\/2016\/08\/Ponteo_wellness_65-300x150.jpg 300w, https:\/\/www.ponteo.sk\/wp-content\/uploads\/2016\/08\/Ponteo_wellness_65-768x384.jpg 768w, https:\/\/www.ponteo.sk\/wp-content\/uploads\/2016\/08\/Ponteo_wellness_65-1024x512.jpg 1024w, https:\/\/www.ponteo.sk\/wp-content\/uploads\/2016\/08\/Ponteo_wellness_65-75x38.jpg 75w\" sizes=\"(max-width: 1100px) 100vw, 1100px\" \/><\/noscript><\/p>\n<h1 style=\"text-align: center;\">Saunen und Jacuzzi<\/h1>\n<h2 style=\"text-align: center;\">Vergessen Sie alle Sorgen und entspannen Sie<\/h2>\n<p style=\"text-align: center;\">Sie wollen die Harmonie von K\u00f6rper und Geist finden, sich erholen und dabei ohne k\u00f6rperliche Anstrengung Ihrem Organismus Gutes tun?<\/p>\n<p style=\"text-align: center;\">Dann empfehlen wir Ihnen die Saunawelt Ponteo. Die wohltuende Wirkung einer finnischen, Dampf- oder Infrarotsauna mit anschlie\u00dfender Erfrischung in eiskaltem Wasser, das ist die wahre, gesunde Gymnastik f\u00fcr die Gef\u00e4\u00dfe, danach f\u00fchlt man sich wie neu geboren. Anschlie\u00dfend sollten Sie sich unbedingt noch Streicheleinheiten in unserer Luxus-Jacuzzi auf der offenen Terrasse mit einem \u00fcberw\u00e4ltigenden Ausblick auf die Umgebung g\u00f6nnen.<\/p>\n<p>&nbsp;<\/p>\n<hr style=\"color: #b9d986; background-color: #b9d986; height: 1px;\" \/>\n<p>&nbsp;<\/p>\n<div class=\"csRow\">\n<div class=\"csColumnGap\" style=\"margin: 0px; padding: 0px; float: left; width: 1.56%;\"><img decoding=\"async\" style=\"border: none;\" data-src=\"https:\/\/ponteo.sk\/wp-content\/plugins\/advanced-wp-columns\/assets\/js\/plugins\/views\/img\/1x1-pixel.png\" src=\"data:image\/gif;base64,R0lGODlhAQABAAAAACH5BAEKAAEALAAAAAABAAEAAAICTAEAOw==\" class=\"lazyload\" \/><noscript><img decoding=\"async\" style=\"border: none;\" data-src=\"https:\/\/ponteo.sk\/wp-content\/plugins\/advanced-wp-columns\/assets\/js\/plugins\/views\/img\/1x1-pixel.png\" src=\"data:image\/gif;base64,R0lGODlhAQABAAAAACH5BAEKAAEALAAAAAABAAEAAAICTAEAOw==\" class=\"lazyload\" \/><noscript><img decoding=\"async\" style=\"border: none;\" data-src=\"https:\/\/ponteo.sk\/wp-content\/plugins\/advanced-wp-columns\/assets\/js\/plugins\/views\/img\/1x1-pixel.png\" src=\"data:image\/gif;base64,R0lGODlhAQABAAAAACH5BAEKAAEALAAAAAABAAEAAAICTAEAOw==\" class=\"lazyload\" \/><noscript><img decoding=\"async\" style=\"border: none;\" data-src=\"https:\/\/ponteo.sk\/wp-content\/plugins\/advanced-wp-columns\/assets\/js\/plugins\/views\/img\/1x1-pixel.png\" src=\"data:image\/gif;base64,R0lGODlhAQABAAAAACH5BAEKAAEALAAAAAABAAEAAAICTAEAOw==\" class=\"lazyload\" \/><noscript><img decoding=\"async\" style=\"border: none;\" src=\"https:\/\/ponteo.sk\/wp-content\/plugins\/advanced-wp-columns\/assets\/js\/plugins\/views\/img\/1x1-pixel.png\" \/><\/noscript><\/noscript><\/noscript><\/noscript><\/div>\n<div class=\"csColumn\" style=\"margin: 0px; padding: 0px; float: left; width: 31.3%;\" data-csstartpoint=\"15\" data-csendpoint=\"315\" data-cswidth=\"31.3%\" data-csid=\"b62e5889-a515-775d-ae53-e1b99ac6fbe1\">\n<div class=\"vf_bg6\">\n<p><img loading=\"lazy\" decoding=\"async\" class=\"vf_polaroid8 aligncenter wp-image-1776 size-full lazyload\" data-src=\"https:\/\/ponteo.sk\/wp-content\/uploads\/2016\/08\/Ponteo_wellness_65-1.jpg\" alt=\"Sauny\" width=\"450\" height=\"300\" data-srcset=\"https:\/\/www.ponteo.sk\/wp-content\/uploads\/2016\/08\/Ponteo_wellness_65-1.jpg 450w, https:\/\/www.ponteo.sk\/wp-content\/uploads\/2016\/08\/Ponteo_wellness_65-1-300x200.jpg 300w, https:\/\/www.ponteo.sk\/wp-content\/uploads\/2016\/08\/Ponteo_wellness_65-1-75x50.jpg 75w\" data-sizes=\"(max-width: 450px) 100vw, 450px\" src=\"data:image\/gif;base64,R0lGODlhAQABAAAAACH5BAEKAAEALAAAAAABAAEAAAICTAEAOw==\" style=\"--smush-placeholder-width: 450px; --smush-placeholder-aspect-ratio: 450\/300;\" \/><noscript><img loading=\"lazy\" decoding=\"async\" class=\"vf_polaroid8 aligncenter wp-image-1776 size-full\" src=\"https:\/\/ponteo.sk\/wp-content\/uploads\/2016\/08\/Ponteo_wellness_65-1.jpg\" alt=\"Sauny\" width=\"450\" height=\"300\" srcset=\"https:\/\/www.ponteo.sk\/wp-content\/uploads\/2016\/08\/Ponteo_wellness_65-1.jpg 450w, https:\/\/www.ponteo.sk\/wp-content\/uploads\/2016\/08\/Ponteo_wellness_65-1-300x200.jpg 300w, https:\/\/www.ponteo.sk\/wp-content\/uploads\/2016\/08\/Ponteo_wellness_65-1-75x50.jpg 75w\" sizes=\"(max-width: 450px) 100vw, 450px\" \/><\/noscript><\/p>\n<h3 style=\"text-align: center;\">Saunen<\/h3>\n<p style=\"text-align: center;\">Sie m\u00f6gen die Hitze in der trockenen finnischen Sauna? Oder m\u00f6gen Sie lieber den wohltuenden Einfluss des Dampfbads, in dem K\u00f6rper und Atemwege frei werden? Auch die gesunde Strahlung der Infrarotsauna ist einen Besuch wert. F\u00fcr die perfekte Abrundung des Saunabesuchs sorgt das Abk\u00fchlbecken.<\/p>\n<p>&nbsp;<\/p>\n<\/div>\n<\/div>\n<div class=\"csColumnGap\" style=\"margin: 0px; padding: 0px; float: left; width: 1.56%;\"><img decoding=\"async\" style=\"border: none;\" data-src=\"https:\/\/ponteo.sk\/wp-content\/plugins\/advanced-wp-columns\/assets\/js\/plugins\/views\/img\/1x1-pixel.png\" src=\"data:image\/gif;base64,R0lGODlhAQABAAAAACH5BAEKAAEALAAAAAABAAEAAAICTAEAOw==\" class=\"lazyload\" \/><noscript><img decoding=\"async\" style=\"border: none;\" data-src=\"https:\/\/ponteo.sk\/wp-content\/plugins\/advanced-wp-columns\/assets\/js\/plugins\/views\/img\/1x1-pixel.png\" src=\"data:image\/gif;base64,R0lGODlhAQABAAAAACH5BAEKAAEALAAAAAABAAEAAAICTAEAOw==\" class=\"lazyload\" \/><noscript><img decoding=\"async\" style=\"border: none;\" data-src=\"https:\/\/ponteo.sk\/wp-content\/plugins\/advanced-wp-columns\/assets\/js\/plugins\/views\/img\/1x1-pixel.png\" src=\"data:image\/gif;base64,R0lGODlhAQABAAAAACH5BAEKAAEALAAAAAABAAEAAAICTAEAOw==\" class=\"lazyload\" \/><noscript><img decoding=\"async\" style=\"border: none;\" data-src=\"https:\/\/ponteo.sk\/wp-content\/plugins\/advanced-wp-columns\/assets\/js\/plugins\/views\/img\/1x1-pixel.png\" src=\"data:image\/gif;base64,R0lGODlhAQABAAAAACH5BAEKAAEALAAAAAABAAEAAAICTAEAOw==\" class=\"lazyload\" \/><noscript><img decoding=\"async\" style=\"border: none;\" src=\"https:\/\/ponteo.sk\/wp-content\/plugins\/advanced-wp-columns\/assets\/js\/plugins\/views\/img\/1x1-pixel.png\" \/><\/noscript><\/noscript><\/noscript><\/noscript><\/div>\n<div class=\"csColumn\" style=\"margin: 0px; padding: 0px; float: left; width: 31.3%;\" data-csstartpoint=\"330\" data-csendpoint=\"630\" data-cswidth=\"31.3%\" data-csid=\"45c5f9dd-12e3-b13f-9103-bbed13bf8649\">\n<div class=\"vf_bg6\">\n<p><img loading=\"lazy\" decoding=\"async\" class=\"vf_polaroid8 aligncenter wp-image-1777 size-full lazyload\" data-src=\"https:\/\/ponteo.sk\/wp-content\/uploads\/2016\/08\/Ponteo-wellness-relaxa\u010dna-miestnost.jpg\" alt=\"ponteo wellness relaxacna miestnost\" width=\"450\" height=\"300\" data-srcset=\"https:\/\/www.ponteo.sk\/wp-content\/uploads\/2016\/08\/Ponteo-wellness-relaxa\u010dna-miestnost.jpg 450w, https:\/\/www.ponteo.sk\/wp-content\/uploads\/2016\/08\/Ponteo-wellness-relaxa\u010dna-miestnost-300x200.jpg 300w, https:\/\/www.ponteo.sk\/wp-content\/uploads\/2016\/08\/Ponteo-wellness-relaxa\u010dna-miestnost-75x50.jpg 75w\" data-sizes=\"(max-width: 450px) 100vw, 450px\" src=\"data:image\/gif;base64,R0lGODlhAQABAAAAACH5BAEKAAEALAAAAAABAAEAAAICTAEAOw==\" style=\"--smush-placeholder-width: 450px; --smush-placeholder-aspect-ratio: 450\/300;\" \/><noscript><img loading=\"lazy\" decoding=\"async\" class=\"vf_polaroid8 aligncenter wp-image-1777 size-full\" src=\"https:\/\/ponteo.sk\/wp-content\/uploads\/2016\/08\/Ponteo-wellness-relaxa\u010dna-miestnost.jpg\" alt=\"ponteo wellness relaxacna miestnost\" width=\"450\" height=\"300\" srcset=\"https:\/\/www.ponteo.sk\/wp-content\/uploads\/2016\/08\/Ponteo-wellness-relaxa\u010dna-miestnost.jpg 450w, https:\/\/www.ponteo.sk\/wp-content\/uploads\/2016\/08\/Ponteo-wellness-relaxa\u010dna-miestnost-300x200.jpg 300w, https:\/\/www.ponteo.sk\/wp-content\/uploads\/2016\/08\/Ponteo-wellness-relaxa\u010dna-miestnost-75x50.jpg 75w\" sizes=\"(max-width: 450px) 100vw, 450px\" \/><\/noscript><\/p>\n<h3 style=\"text-align: center;\">Entspannungsraum<\/h3>\n<p style=\"text-align: center;\">Erholung nach oder zwischen den Saunag\u00e4ngen, Ruhe, Entspannung, Meditation, Romantik\u2026 Ergonomisch geformte Komfortliegen, das nat\u00fcrliche Design des Raums, die intime Atmosph\u00e4re des Kerzenlichts\u2026 Diese Entspannung haben Sie sich wirklich verdient. G\u00f6nnen Sie sich das bei Ponteo.<\/p>\n<p>&nbsp;<\/p>\n<\/div>\n<\/div>\n<div class=\"csColumnGap\" style=\"margin: 0px; padding: 0px; float: left; width: 1.56%;\"><img decoding=\"async\" style=\"border: none;\" data-src=\"https:\/\/ponteo.sk\/wp-content\/plugins\/advanced-wp-columns\/assets\/js\/plugins\/views\/img\/1x1-pixel.png\" src=\"data:image\/gif;base64,R0lGODlhAQABAAAAACH5BAEKAAEALAAAAAABAAEAAAICTAEAOw==\" class=\"lazyload\" \/><noscript><img decoding=\"async\" style=\"border: none;\" data-src=\"https:\/\/ponteo.sk\/wp-content\/plugins\/advanced-wp-columns\/assets\/js\/plugins\/views\/img\/1x1-pixel.png\" src=\"data:image\/gif;base64,R0lGODlhAQABAAAAACH5BAEKAAEALAAAAAABAAEAAAICTAEAOw==\" class=\"lazyload\" \/><noscript><img decoding=\"async\" style=\"border: none;\" data-src=\"https:\/\/ponteo.sk\/wp-content\/plugins\/advanced-wp-columns\/assets\/js\/plugins\/views\/img\/1x1-pixel.png\" src=\"data:image\/gif;base64,R0lGODlhAQABAAAAACH5BAEKAAEALAAAAAABAAEAAAICTAEAOw==\" class=\"lazyload\" \/><noscript><img decoding=\"async\" style=\"border: none;\" data-src=\"https:\/\/ponteo.sk\/wp-content\/plugins\/advanced-wp-columns\/assets\/js\/plugins\/views\/img\/1x1-pixel.png\" src=\"data:image\/gif;base64,R0lGODlhAQABAAAAACH5BAEKAAEALAAAAAABAAEAAAICTAEAOw==\" class=\"lazyload\" \/><noscript><img decoding=\"async\" style=\"border: none;\" src=\"https:\/\/ponteo.sk\/wp-content\/plugins\/advanced-wp-columns\/assets\/js\/plugins\/views\/img\/1x1-pixel.png\" \/><\/noscript><\/noscript><\/noscript><\/noscript><\/div>\n<div class=\"csColumn\" style=\"margin: 0px; padding: 0px; float: left; width: 31.3%;\" data-csstartpoint=\"645\" data-csendpoint=\"945\" data-cswidth=\"31.3%\" data-csid=\"2706d6a4-83ab-c7af-8731-8b3ac8fef663\">\n<div class=\"vf_bg6\">\n<p><img loading=\"lazy\" decoding=\"async\" class=\"vf_polaroid8 aligncenter wp-image-1778 size-full lazyload\" data-src=\"https:\/\/ponteo.sk\/wp-content\/uploads\/2016\/08\/Ponteo-wellness-virivka.jpg\" alt=\"virivka\" width=\"450\" height=\"300\" data-srcset=\"https:\/\/www.ponteo.sk\/wp-content\/uploads\/2016\/08\/Ponteo-wellness-virivka.jpg 450w, https:\/\/www.ponteo.sk\/wp-content\/uploads\/2016\/08\/Ponteo-wellness-virivka-300x200.jpg 300w, https:\/\/www.ponteo.sk\/wp-content\/uploads\/2016\/08\/Ponteo-wellness-virivka-75x50.jpg 75w\" data-sizes=\"(max-width: 450px) 100vw, 450px\" src=\"data:image\/gif;base64,R0lGODlhAQABAAAAACH5BAEKAAEALAAAAAABAAEAAAICTAEAOw==\" style=\"--smush-placeholder-width: 450px; --smush-placeholder-aspect-ratio: 450\/300;\" \/><noscript><img loading=\"lazy\" decoding=\"async\" class=\"vf_polaroid8 aligncenter wp-image-1778 size-full\" src=\"https:\/\/ponteo.sk\/wp-content\/uploads\/2016\/08\/Ponteo-wellness-virivka.jpg\" alt=\"virivka\" width=\"450\" height=\"300\" srcset=\"https:\/\/www.ponteo.sk\/wp-content\/uploads\/2016\/08\/Ponteo-wellness-virivka.jpg 450w, https:\/\/www.ponteo.sk\/wp-content\/uploads\/2016\/08\/Ponteo-wellness-virivka-300x200.jpg 300w, https:\/\/www.ponteo.sk\/wp-content\/uploads\/2016\/08\/Ponteo-wellness-virivka-75x50.jpg 75w\" sizes=\"(max-width: 450px) 100vw, 450px\" \/><\/noscript><\/p>\n<h3 style=\"text-align: center;\">Jacuzzi<\/h3>\n<p style=\"text-align: center;\">Eine wohltuende Massage des ganzen K\u00f6rpers durch Wasserstrahle neben einer angenehmen Unterhaltung mit dem Partner oder Freunden. Dazu der Ausblick auf den Sonnenuntergang \u00fcber der Tiefebene des Donaulandes\u2026 Diese Romantik bietet Ihnen unsere Luxus-Jacuzzi auf der offenen Terrasse.<\/p>\n<p>&nbsp;<\/p>\n<\/div>\n<\/div>\n<div class=\"csColumnGap\" style=\"margin: 0px; padding: 0px; float: left; width: 1.56%;\"><img decoding=\"async\" style=\"border: none;\" data-src=\"https:\/\/ponteo.sk\/wp-content\/plugins\/advanced-wp-columns\/assets\/js\/plugins\/views\/img\/1x1-pixel.png\" src=\"data:image\/gif;base64,R0lGODlhAQABAAAAACH5BAEKAAEALAAAAAABAAEAAAICTAEAOw==\" class=\"lazyload\" \/><noscript><img decoding=\"async\" style=\"border: none;\" data-src=\"https:\/\/ponteo.sk\/wp-content\/plugins\/advanced-wp-columns\/assets\/js\/plugins\/views\/img\/1x1-pixel.png\" src=\"data:image\/gif;base64,R0lGODlhAQABAAAAACH5BAEKAAEALAAAAAABAAEAAAICTAEAOw==\" class=\"lazyload\" \/><noscript><img decoding=\"async\" style=\"border: none;\" data-src=\"https:\/\/ponteo.sk\/wp-content\/plugins\/advanced-wp-columns\/assets\/js\/plugins\/views\/img\/1x1-pixel.png\" src=\"data:image\/gif;base64,R0lGODlhAQABAAAAACH5BAEKAAEALAAAAAABAAEAAAICTAEAOw==\" class=\"lazyload\" \/><noscript><img decoding=\"async\" style=\"border: none;\" data-src=\"https:\/\/ponteo.sk\/wp-content\/plugins\/advanced-wp-columns\/assets\/js\/plugins\/views\/img\/1x1-pixel.png\" src=\"data:image\/gif;base64,R0lGODlhAQABAAAAACH5BAEKAAEALAAAAAABAAEAAAICTAEAOw==\" class=\"lazyload\" \/><noscript><img decoding=\"async\" style=\"border: none;\" src=\"https:\/\/ponteo.sk\/wp-content\/plugins\/advanced-wp-columns\/assets\/js\/plugins\/views\/img\/1x1-pixel.png\" \/><\/noscript><\/noscript><\/noscript><\/noscript><\/div>\n<div style=\"clear: both; float: none; display: block; visibility: hidden; width: 0px; font-size: 0px; line-height: 0;\"><\/div>\n<p>&nbsp;<\/p>\n<hr style=\"color: #b9d986; background-color: #b9d986; height: 1px;\" \/>\n<p>&nbsp;<\/p>\n<p><center><iframe loading=\"lazy\" style=\"border: 0;\" data-src=\"https:\/\/www.google.com\/maps\/embed?pb=!1m0!3m2!1scs!2sus!4v1463595546256!6m8!1m7!1sUXja7BwU9gkAAAQvOp-Zqw!2m2!1d48.04168559081334!2d17.15838540458981!3f37!4f0!5f0.7820865974627469\" width=\"810\" height=\"435\" frameborder=\"0\" allowfullscreen=\"allowfullscreen\" data-mce-fragment=\"1\" src=\"data:image\/gif;base64,R0lGODlhAQABAAAAACH5BAEKAAEALAAAAAABAAEAAAICTAEAOw==\" class=\"lazyload\" data-load-mode=\"1\"><\/iframe><\/center><\/div>\n<p>&nbsp;<\/p>\n","protected":false},"excerpt":{"rendered":"<p>Saunen und Jacuzzi Vergessen Sie alle Sorgen und entspannen Sie Sie wollen die Harmonie von K\u00f6rper und Geist finden, sich erholen und dabei ohne k\u00f6rperliche Anstrengung Ihrem Organismus Gutes tun? Dann empfehlen wir Ihnen die Saunawelt Ponteo. Die wohltuende Wirkung<\/p>\n","protected":false},"author":2,"featured_media":30876,"parent":4237,"menu_order":0,"comment_status":"closed","ping_status":"closed","template":"page-templates\/business-two.php","meta":{"footnotes":""},"yoast_head":"<!-- This site is optimized with the Yoast SEO plugin v23.2 - https:\/\/yoast.com\/wordpress\/plugins\/seo\/ -->\n<title>Saunen und Jacuzzi | Hotel 4* PONTEO<\/title>\n<meta name=\"robots\" content=\"index, follow, max-snippet:-1, max-image-preview:large, max-video-preview:-1\" \/>\n<link rel=\"canonical\" href=\"https:\/\/www.ponteo.sk\/de\/wellness\/saunen-und-jacuzzi\/\" \/>\n<meta property=\"og:locale\" content=\"de_DE\" \/>\n<meta property=\"og:type\" content=\"article\" \/>\n<meta property=\"og:title\" content=\"Saunen und Jacuzzi | Hotel 4* PONTEO\" \/>\n<meta property=\"og:description\" content=\"Saunen und Jacuzzi Vergessen Sie alle Sorgen und entspannen Sie Sie wollen die Harmonie von K\u00f6rper und Geist finden, sich erholen und dabei ohne k\u00f6rperliche Anstrengung Ihrem Organismus Gutes tun? Dann empfehlen wir Ihnen die Saunawelt Ponteo. Die wohltuende Wirkung\" \/>\n<meta property=\"og:url\" content=\"https:\/\/www.ponteo.sk\/de\/wellness\/saunen-und-jacuzzi\/\" \/>\n<meta property=\"og:site_name\" content=\"Hotel 4* PONTEO\" \/>\n<meta property=\"article:publisher\" content=\"https:\/\/www.facebook.com\/ponteo\/\" \/>\n<meta property=\"og:image\" content=\"http:\/\/ponteo.sk\/wp-content\/uploads\/2016\/08\/Ponteo_wellness_65.jpg\" \/>\n<meta name=\"twitter:card\" content=\"summary_large_image\" \/>\n<meta name=\"twitter:label1\" content=\"Gesch\u00e4tzte Lesezeit\" \/>\n\t<meta name=\"twitter:data1\" content=\"1\u00a0Minute\" \/>\n<script type=\"application\/ld+json\" class=\"yoast-schema-graph\">{\"@context\":\"https:\/\/schema.org\",\"@graph\":[{\"@type\":\"WebPage\",\"@id\":\"https:\/\/www.ponteo.sk\/de\/wellness\/saunen-und-jacuzzi\/\",\"url\":\"https:\/\/www.ponteo.sk\/de\/wellness\/saunen-und-jacuzzi\/\",\"name\":\"Saunen und Jacuzzi | Hotel 4* PONTEO\",\"isPartOf\":{\"@id\":\"https:\/\/www.ponteo.sk\/#website\"},\"primaryImageOfPage\":{\"@id\":\"https:\/\/www.ponteo.sk\/de\/wellness\/saunen-und-jacuzzi\/#primaryimage\"},\"image\":{\"@id\":\"https:\/\/www.ponteo.sk\/de\/wellness\/saunen-und-jacuzzi\/#primaryimage\"},\"thumbnailUrl\":\"https:\/\/www.ponteo.sk\/wp-content\/uploads\/2017\/07\/Ponteo_wellness_340x230.jpg\",\"datePublished\":\"2017-01-11T15:55:24+00:00\",\"dateModified\":\"2017-01-11T15:55:24+00:00\",\"breadcrumb\":{\"@id\":\"https:\/\/www.ponteo.sk\/de\/wellness\/saunen-und-jacuzzi\/#breadcrumb\"},\"inLanguage\":\"de\",\"potentialAction\":[{\"@type\":\"ReadAction\",\"target\":[\"https:\/\/www.ponteo.sk\/de\/wellness\/saunen-und-jacuzzi\/\"]}]},{\"@type\":\"ImageObject\",\"inLanguage\":\"de\",\"@id\":\"https:\/\/www.ponteo.sk\/de\/wellness\/saunen-und-jacuzzi\/#primaryimage\",\"url\":\"https:\/\/www.ponteo.sk\/wp-content\/uploads\/2017\/07\/Ponteo_wellness_340x230.jpg\",\"contentUrl\":\"https:\/\/www.ponteo.sk\/wp-content\/uploads\/2017\/07\/Ponteo_wellness_340x230.jpg\",\"width\":\"340\",\"height\":\"230\"},{\"@type\":\"BreadcrumbList\",\"@id\":\"https:\/\/www.ponteo.sk\/de\/wellness\/saunen-und-jacuzzi\/#breadcrumb\",\"itemListElement\":[{\"@type\":\"ListItem\",\"position\":1,\"name\":\"Domov\",\"item\":\"https:\/\/www.ponteo.sk\/de\/\"},{\"@type\":\"ListItem\",\"position\":2,\"name\":\"Wellness\",\"item\":\"https:\/\/www.ponteo.sk\/de\/wellness\/\"},{\"@type\":\"ListItem\",\"position\":3,\"name\":\"Saunen und Jacuzzi\"}]},{\"@type\":\"WebSite\",\"@id\":\"https:\/\/www.ponteo.sk\/#website\",\"url\":\"https:\/\/www.ponteo.sk\/\",\"name\":\"Hotel 4* PONTEO\",\"description\":\"Miesto, ktor\u00e9 v\u00e1m zostane v srdci\",\"potentialAction\":[{\"@type\":\"SearchAction\",\"target\":{\"@type\":\"EntryPoint\",\"urlTemplate\":\"https:\/\/www.ponteo.sk\/?s={search_term_string}\"},\"query-input\":\"required name=search_term_string\"}],\"inLanguage\":\"de\"}]}<\/script>\n<!-- \/ Yoast SEO plugin. -->","yoast_head_json":{"title":"Saunen und Jacuzzi | Hotel 4* PONTEO","robots":{"index":"index","follow":"follow","max-snippet":"max-snippet:-1","max-image-preview":"max-image-preview:large","max-video-preview":"max-video-preview:-1"},"canonical":"https:\/\/www.ponteo.sk\/de\/wellness\/saunen-und-jacuzzi\/","og_locale":"de_DE","og_type":"article","og_title":"Saunen und Jacuzzi | Hotel 4* PONTEO","og_description":"Saunen und Jacuzzi Vergessen Sie alle Sorgen und entspannen Sie Sie wollen die Harmonie von K\u00f6rper und Geist finden, sich erholen und dabei ohne k\u00f6rperliche Anstrengung Ihrem Organismus Gutes tun? Dann empfehlen wir Ihnen die Saunawelt Ponteo. Die wohltuende Wirkung","og_url":"https:\/\/www.ponteo.sk\/de\/wellness\/saunen-und-jacuzzi\/","og_site_name":"Hotel 4* PONTEO","article_publisher":"https:\/\/www.facebook.com\/ponteo\/","og_image":[{"url":"http:\/\/ponteo.sk\/wp-content\/uploads\/2016\/08\/Ponteo_wellness_65.jpg"}],"twitter_card":"summary_large_image","twitter_misc":{"Gesch\u00e4tzte Lesezeit":"1\u00a0Minute"},"schema":{"@context":"https:\/\/schema.org","@graph":[{"@type":"WebPage","@id":"https:\/\/www.ponteo.sk\/de\/wellness\/saunen-und-jacuzzi\/","url":"https:\/\/www.ponteo.sk\/de\/wellness\/saunen-und-jacuzzi\/","name":"Saunen und Jacuzzi | Hotel 4* PONTEO","isPartOf":{"@id":"https:\/\/www.ponteo.sk\/#website"},"primaryImageOfPage":{"@id":"https:\/\/www.ponteo.sk\/de\/wellness\/saunen-und-jacuzzi\/#primaryimage"},"image":{"@id":"https:\/\/www.ponteo.sk\/de\/wellness\/saunen-und-jacuzzi\/#primaryimage"},"thumbnailUrl":"https:\/\/www.ponteo.sk\/wp-content\/uploads\/2017\/07\/Ponteo_wellness_340x230.jpg","datePublished":"2017-01-11T15:55:24+00:00","dateModified":"2017-01-11T15:55:24+00:00","breadcrumb":{"@id":"https:\/\/www.ponteo.sk\/de\/wellness\/saunen-und-jacuzzi\/#breadcrumb"},"inLanguage":"de","potentialAction":[{"@type":"ReadAction","target":["https:\/\/www.ponteo.sk\/de\/wellness\/saunen-und-jacuzzi\/"]}]},{"@type":"ImageObject","inLanguage":"de","@id":"https:\/\/www.ponteo.sk\/de\/wellness\/saunen-und-jacuzzi\/#primaryimage","url":"https:\/\/www.ponteo.sk\/wp-content\/uploads\/2017\/07\/Ponteo_wellness_340x230.jpg","contentUrl":"https:\/\/www.ponteo.sk\/wp-content\/uploads\/2017\/07\/Ponteo_wellness_340x230.jpg","width":"340","height":"230"},{"@type":"BreadcrumbList","@id":"https:\/\/www.ponteo.sk\/de\/wellness\/saunen-und-jacuzzi\/#breadcrumb","itemListElement":[{"@type":"ListItem","position":1,"name":"Domov","item":"https:\/\/www.ponteo.sk\/de\/"},{"@type":"ListItem","position":2,"name":"Wellness","item":"https:\/\/www.ponteo.sk\/de\/wellness\/"},{"@type":"ListItem","position":3,"name":"Saunen und Jacuzzi"}]},{"@type":"WebSite","@id":"https:\/\/www.ponteo.sk\/#website","url":"https:\/\/www.ponteo.sk\/","name":"Hotel 4* PONTEO","description":"Miesto, ktor\u00e9 v\u00e1m zostane v srdci","potentialAction":[{"@type":"SearchAction","target":{"@type":"EntryPoint","urlTemplate":"https:\/\/www.ponteo.sk\/?s={search_term_string}"},"query-input":"required name=search_term_string"}],"inLanguage":"de"}]}},"_links":{"self":[{"href":"https:\/\/www.ponteo.sk\/de\/wp-json\/wp\/v2\/pages\/4244"}],"collection":[{"href":"https:\/\/www.ponteo.sk\/de\/wp-json\/wp\/v2\/pages"}],"about":[{"href":"https:\/\/www.ponteo.sk\/de\/wp-json\/wp\/v2\/types\/page"}],"author":[{"embeddable":true,"href":"https:\/\/www.ponteo.sk\/de\/wp-json\/wp\/v2\/users\/2"}],"replies":[{"embeddable":true,"href":"https:\/\/www.ponteo.sk\/de\/wp-json\/wp\/v2\/comments?post=4244"}],"version-history":[{"count":0,"href":"https:\/\/www.ponteo.sk\/de\/wp-json\/wp\/v2\/pages\/4244\/revisions"}],"up":[{"embeddable":true,"href":"https:\/\/www.ponteo.sk\/de\/wp-json\/wp\/v2\/pages\/4237"}],"wp:featuredmedia":[{"embeddable":true,"href":"https:\/\/www.ponteo.sk\/de\/wp-json\/wp\/v2\/media\/30876"}],"wp:attachment":[{"href":"https:\/\/www.ponteo.sk\/de\/wp-json\/wp\/v2\/media?parent=4244"}],"curies":[{"name":"wp","href":"https:\/\/api.w.org\/{rel}","templated":true}]}}