{"id":4254,"date":"2017-01-12T11:14:45","date_gmt":"2017-01-12T10:14:45","guid":{"rendered":"http:\/\/ponteo.sk\/?page_id=4254\/"},"modified":"2023-03-31T12:53:21","modified_gmt":"2023-03-31T10:53:21","slug":"konferenzsaal-austria","status":"publish","type":"page","link":"https:\/\/www.ponteo.sk\/de\/konferenzsaal\/konferenzsaal-austria\/","title":{"rendered":"Konferenzsaal Austria"},"content":{"rendered":"<p><img loading=\"lazy\" decoding=\"async\" class=\"aligncenter wp-image-25183 size-full lazyload\" data-src=\"https:\/\/ponteo.sk\/wp-content\/uploads\/2022\/08\/Austria-view-1100x550-1.jpg\" alt=\"\" width=\"1100\" height=\"549\" data-srcset=\"https:\/\/www.ponteo.sk\/wp-content\/uploads\/2022\/08\/Austria-view-1100x550-1.jpg 1100w, https:\/\/www.ponteo.sk\/wp-content\/uploads\/2022\/08\/Austria-view-1100x550-1-300x150.jpg 300w, https:\/\/www.ponteo.sk\/wp-content\/uploads\/2022\/08\/Austria-view-1100x550-1-1024x511.jpg 1024w, https:\/\/www.ponteo.sk\/wp-content\/uploads\/2022\/08\/Austria-view-1100x550-1-768x383.jpg 768w\" data-sizes=\"(max-width: 1100px) 100vw, 1100px\" src=\"data:image\/gif;base64,R0lGODlhAQABAAAAACH5BAEKAAEALAAAAAABAAEAAAICTAEAOw==\" style=\"--smush-placeholder-width: 1100px; --smush-placeholder-aspect-ratio: 1100\/549;\" \/><noscript><img loading=\"lazy\" decoding=\"async\" class=\"aligncenter wp-image-25183 size-full\" src=\"https:\/\/ponteo.sk\/wp-content\/uploads\/2022\/08\/Austria-view-1100x550-1.jpg\" alt=\"\" width=\"1100\" height=\"549\" srcset=\"https:\/\/www.ponteo.sk\/wp-content\/uploads\/2022\/08\/Austria-view-1100x550-1.jpg 1100w, https:\/\/www.ponteo.sk\/wp-content\/uploads\/2022\/08\/Austria-view-1100x550-1-300x150.jpg 300w, https:\/\/www.ponteo.sk\/wp-content\/uploads\/2022\/08\/Austria-view-1100x550-1-1024x511.jpg 1024w, https:\/\/www.ponteo.sk\/wp-content\/uploads\/2022\/08\/Austria-view-1100x550-1-768x383.jpg 768w\" sizes=\"(max-width: 1100px) 100vw, 1100px\" \/><\/noscript><\/p>\n<h1 style=\"text-align: center;\">Konferenzsaal<br \/>\nAUSTRIA<\/h1>\n<h2 style=\"text-align: center;\">Der Raum eignet sich f\u00fcr verschiedene Veranstaltungsarten:<\/h2>\n<p style=\"text-align: center;\">Konferenzen, Kongressen, Pressekonferenzen, Schulungen, Meetings, Pr\u00e4sentationen, Seminare, Workshops, Lehrg\u00e4nge, Empf\u00e4nge.<\/p>\n<p style=\"text-align: center;\">Der kleine Konferenzsaal ist verglast und bietet einen Ausblick auf die nahe Umgebung. F\u00fcr die Pausen kann auch die Wellness-Terrasse genutzt werden, die sich gleich nebenan befindet.<\/p>\n<p style=\"text-align: center;\"><a class=\"vfbutton\" href=\"http:\/\/ponteo.sk\/de\/galerie\/konferenzen\/\">Galerie<\/a><a class=\"vfbutton2\" href=\"http:\/\/ponteo.sk\/rezervacny-formular-konferencie\/\">Reservierung<\/a><\/p>\n<hr style=\"color: #b9d986; background-color: #b9d986; height: 1px;\" \/>\n<div class=\"csRow\">\n<div class=\"csColumnGap\" style=\"margin: 0px; padding: 0px; float: left; width: 3.13%;\"><img decoding=\"async\" style=\"border: none;\" data-src=\"https:\/\/ponteo.sk\/wp-content\/plugins\/advanced-wp-columns\/assets\/js\/plugins\/views\/img\/1x1-pixel.png\" src=\"data:image\/gif;base64,R0lGODlhAQABAAAAACH5BAEKAAEALAAAAAABAAEAAAICTAEAOw==\" class=\"lazyload\" \/><noscript><img decoding=\"async\" style=\"border: none;\" data-src=\"https:\/\/ponteo.sk\/wp-content\/plugins\/advanced-wp-columns\/assets\/js\/plugins\/views\/img\/1x1-pixel.png\" src=\"data:image\/gif;base64,R0lGODlhAQABAAAAACH5BAEKAAEALAAAAAABAAEAAAICTAEAOw==\" class=\"lazyload\" \/><noscript><img decoding=\"async\" style=\"border: none;\" data-src=\"https:\/\/ponteo.sk\/wp-content\/plugins\/advanced-wp-columns\/assets\/js\/plugins\/views\/img\/1x1-pixel.png\" src=\"data:image\/gif;base64,R0lGODlhAQABAAAAACH5BAEKAAEALAAAAAABAAEAAAICTAEAOw==\" class=\"lazyload\" \/><noscript><img decoding=\"async\" style=\"border: none;\" data-src=\"https:\/\/ponteo.sk\/wp-content\/plugins\/advanced-wp-columns\/assets\/js\/plugins\/views\/img\/1x1-pixel.png\" src=\"data:image\/gif;base64,R0lGODlhAQABAAAAACH5BAEKAAEALAAAAAABAAEAAAICTAEAOw==\" class=\"lazyload\" \/><noscript><img decoding=\"async\" style=\"border: none;\" data-src=\"https:\/\/ponteo.sk\/wp-content\/plugins\/advanced-wp-columns\/assets\/js\/plugins\/views\/img\/1x1-pixel.png\" src=\"data:image\/gif;base64,R0lGODlhAQABAAAAACH5BAEKAAEALAAAAAABAAEAAAICTAEAOw==\" class=\"lazyload\" \/><noscript><img decoding=\"async\" style=\"border: none;\" src=\"https:\/\/ponteo.sk\/wp-content\/plugins\/advanced-wp-columns\/assets\/js\/plugins\/views\/img\/1x1-pixel.png\" \/><\/noscript><\/noscript><\/noscript><\/noscript><\/noscript><\/div>\n<div class=\"csColumn\" style=\"margin: 0px; padding: 0px; float: left; width: 66.7%;\" data-csstartpoint=\"30\" data-csendpoint=\"670.5\" data-cswidth=\"66.7%\" data-csid=\"3d31dd57-c26e-63d8-8e82-22e04004be81\">\n<h3 style=\"text-align: left;\">Technische Ausstattung<\/h3>\n<ul>\n<li style=\"text-align: left;\">\u2022 Videoprojektor<\/li>\n<li style=\"text-align: left;\">\u2022 3D-DVD-Blu-ray-Player<\/li>\n<li style=\"text-align: left;\">\u2022 Fernseher<\/li>\n<li style=\"text-align: left;\">\u2022 Laserpointer<\/li>\n<li style=\"text-align: left;\">\u2022 Whiteboard<\/li>\n<li style=\"text-align: left;\">\u2022 M\u00f6glichkeit den Projektorschirm zu benutzen<\/li>\n<li style=\"text-align: left;\">\u2022 WLAN<\/li>\n<li style=\"text-align: left;\">\u2022 Klimaanlage<\/li>\n<li style=\"text-align: left;\">\u2022 optionale Verdunkelung der Fenster<\/li>\n<\/ul>\n<\/div>\n<div class=\"csColumnGap\" style=\"margin: 0px; padding: 0px; float: left; width: 6.25%;\"><img decoding=\"async\" style=\"border: none;\" data-src=\"https:\/\/ponteo.sk\/wp-content\/plugins\/advanced-wp-columns\/assets\/js\/plugins\/views\/img\/1x1-pixel.png\" src=\"data:image\/gif;base64,R0lGODlhAQABAAAAACH5BAEKAAEALAAAAAABAAEAAAICTAEAOw==\" class=\"lazyload\" \/><noscript><img decoding=\"async\" style=\"border: none;\" data-src=\"https:\/\/ponteo.sk\/wp-content\/plugins\/advanced-wp-columns\/assets\/js\/plugins\/views\/img\/1x1-pixel.png\" src=\"data:image\/gif;base64,R0lGODlhAQABAAAAACH5BAEKAAEALAAAAAABAAEAAAICTAEAOw==\" class=\"lazyload\" \/><noscript><img decoding=\"async\" style=\"border: none;\" data-src=\"https:\/\/ponteo.sk\/wp-content\/plugins\/advanced-wp-columns\/assets\/js\/plugins\/views\/img\/1x1-pixel.png\" src=\"data:image\/gif;base64,R0lGODlhAQABAAAAACH5BAEKAAEALAAAAAABAAEAAAICTAEAOw==\" class=\"lazyload\" \/><noscript><img decoding=\"async\" style=\"border: none;\" data-src=\"https:\/\/ponteo.sk\/wp-content\/plugins\/advanced-wp-columns\/assets\/js\/plugins\/views\/img\/1x1-pixel.png\" src=\"data:image\/gif;base64,R0lGODlhAQABAAAAACH5BAEKAAEALAAAAAABAAEAAAICTAEAOw==\" class=\"lazyload\" \/><noscript><img decoding=\"async\" style=\"border: none;\" data-src=\"https:\/\/ponteo.sk\/wp-content\/plugins\/advanced-wp-columns\/assets\/js\/plugins\/views\/img\/1x1-pixel.png\" src=\"data:image\/gif;base64,R0lGODlhAQABAAAAACH5BAEKAAEALAAAAAABAAEAAAICTAEAOw==\" class=\"lazyload\" \/><noscript><img decoding=\"async\" style=\"border: none;\" src=\"https:\/\/ponteo.sk\/wp-content\/plugins\/advanced-wp-columns\/assets\/js\/plugins\/views\/img\/1x1-pixel.png\" \/><\/noscript><\/noscript><\/noscript><\/noscript><\/noscript><\/div>\n<div class=\"csColumn\" style=\"margin: 0px; padding: 0px; float: left; width: 20.8%;\" data-csstartpoint=\"730.5\" data-csendpoint=\"930\" data-cswidth=\"20.8%\" data-csid=\"48dfa04f-99eb-a00e-9ece-e3185275e71a\">\n<h3 style=\"text-align: left;\">Fl\u00e4che:<\/h3>\n<p style=\"text-align: left;\">Saal: 52 m<sup>2<\/sup><br \/>\nKapazit\u00e4t: 25 Personen<\/p>\n<\/div>\n<\/div>\n<hr style=\"color: #b9d986; background-color: #b9d986; height: 1px;\" \/>\n<h2 style=\"text-align: center;\">Bestuhlung:<\/h2>\n<div class=\"csRow\">\n<div class=\"csColumnGap\" style=\"margin: 0px; padding: 0px; float: left; width: 1.56%;\"><img decoding=\"async\" style=\"border: none;\" data-src=\"https:\/\/ponteo.sk\/wp-content\/plugins\/advanced-wp-columns\/assets\/js\/plugins\/views\/img\/1x1-pixel.png\" src=\"data:image\/gif;base64,R0lGODlhAQABAAAAACH5BAEKAAEALAAAAAABAAEAAAICTAEAOw==\" class=\"lazyload\" \/><noscript><img decoding=\"async\" style=\"border: none;\" data-src=\"https:\/\/ponteo.sk\/wp-content\/plugins\/advanced-wp-columns\/assets\/js\/plugins\/views\/img\/1x1-pixel.png\" src=\"data:image\/gif;base64,R0lGODlhAQABAAAAACH5BAEKAAEALAAAAAABAAEAAAICTAEAOw==\" class=\"lazyload\" \/><noscript><img decoding=\"async\" style=\"border: none;\" data-src=\"https:\/\/ponteo.sk\/wp-content\/plugins\/advanced-wp-columns\/assets\/js\/plugins\/views\/img\/1x1-pixel.png\" src=\"data:image\/gif;base64,R0lGODlhAQABAAAAACH5BAEKAAEALAAAAAABAAEAAAICTAEAOw==\" class=\"lazyload\" \/><noscript><img decoding=\"async\" style=\"border: none;\" data-src=\"https:\/\/ponteo.sk\/wp-content\/plugins\/advanced-wp-columns\/assets\/js\/plugins\/views\/img\/1x1-pixel.png\" src=\"data:image\/gif;base64,R0lGODlhAQABAAAAACH5BAEKAAEALAAAAAABAAEAAAICTAEAOw==\" class=\"lazyload\" \/><noscript><img decoding=\"async\" style=\"border: none;\" data-src=\"https:\/\/ponteo.sk\/wp-content\/plugins\/advanced-wp-columns\/assets\/js\/plugins\/views\/img\/1x1-pixel.png\" src=\"data:image\/gif;base64,R0lGODlhAQABAAAAACH5BAEKAAEALAAAAAABAAEAAAICTAEAOw==\" class=\"lazyload\" \/><noscript><img decoding=\"async\" style=\"border: none;\" src=\"https:\/\/ponteo.sk\/wp-content\/plugins\/advanced-wp-columns\/assets\/js\/plugins\/views\/img\/1x1-pixel.png\" \/><\/noscript><\/noscript><\/noscript><\/noscript><\/noscript><\/div>\n<div class=\"csColumn\" style=\"margin: 0px; padding: 0px; float: left; width: 31.3%;\" data-csstartpoint=\"15\" data-csendpoint=\"315\" data-cswidth=\"31.3%\" data-csid=\"2c12a3a3-f00a-c8c4-b2e1-73ff39188aea\">\n<h4 style=\"text-align: center;\">Stuhlreihen<\/h4>\n<p style=\"text-align: center;\">(25 Pl\u00e4tze)<\/p>\n<p style=\"text-align: center;\"><img loading=\"lazy\" decoding=\"async\" class=\"alignnone size-full wp-image-159 lazyload\" data-src=\"https:\/\/ponteo.sk\/wp-content\/uploads\/2016\/08\/sedenie1.png\" alt=\"sedenie1\" width=\"87\" height=\"56\" src=\"data:image\/gif;base64,R0lGODlhAQABAAAAACH5BAEKAAEALAAAAAABAAEAAAICTAEAOw==\" style=\"--smush-placeholder-width: 87px; --smush-placeholder-aspect-ratio: 87\/56;\" \/><noscript><img loading=\"lazy\" decoding=\"async\" class=\"alignnone size-full wp-image-159\" src=\"https:\/\/ponteo.sk\/wp-content\/uploads\/2016\/08\/sedenie1.png\" alt=\"sedenie1\" width=\"87\" height=\"56\" \/><\/noscript><\/p>\n<\/div>\n<div class=\"csColumnGap\" style=\"margin: 0px; padding: 0px; float: left; width: 1.56%;\"><img decoding=\"async\" style=\"border: none;\" data-src=\"https:\/\/ponteo.sk\/wp-content\/plugins\/advanced-wp-columns\/assets\/js\/plugins\/views\/img\/1x1-pixel.png\" src=\"data:image\/gif;base64,R0lGODlhAQABAAAAACH5BAEKAAEALAAAAAABAAEAAAICTAEAOw==\" class=\"lazyload\" \/><noscript><img decoding=\"async\" style=\"border: none;\" data-src=\"https:\/\/ponteo.sk\/wp-content\/plugins\/advanced-wp-columns\/assets\/js\/plugins\/views\/img\/1x1-pixel.png\" src=\"data:image\/gif;base64,R0lGODlhAQABAAAAACH5BAEKAAEALAAAAAABAAEAAAICTAEAOw==\" class=\"lazyload\" \/><noscript><img decoding=\"async\" style=\"border: none;\" data-src=\"https:\/\/ponteo.sk\/wp-content\/plugins\/advanced-wp-columns\/assets\/js\/plugins\/views\/img\/1x1-pixel.png\" src=\"data:image\/gif;base64,R0lGODlhAQABAAAAACH5BAEKAAEALAAAAAABAAEAAAICTAEAOw==\" class=\"lazyload\" \/><noscript><img decoding=\"async\" style=\"border: none;\" data-src=\"https:\/\/ponteo.sk\/wp-content\/plugins\/advanced-wp-columns\/assets\/js\/plugins\/views\/img\/1x1-pixel.png\" src=\"data:image\/gif;base64,R0lGODlhAQABAAAAACH5BAEKAAEALAAAAAABAAEAAAICTAEAOw==\" class=\"lazyload\" \/><noscript><img decoding=\"async\" style=\"border: none;\" data-src=\"https:\/\/ponteo.sk\/wp-content\/plugins\/advanced-wp-columns\/assets\/js\/plugins\/views\/img\/1x1-pixel.png\" src=\"data:image\/gif;base64,R0lGODlhAQABAAAAACH5BAEKAAEALAAAAAABAAEAAAICTAEAOw==\" class=\"lazyload\" \/><noscript><img decoding=\"async\" style=\"border: none;\" src=\"https:\/\/ponteo.sk\/wp-content\/plugins\/advanced-wp-columns\/assets\/js\/plugins\/views\/img\/1x1-pixel.png\" \/><\/noscript><\/noscript><\/noscript><\/noscript><\/noscript><\/div>\n<div class=\"csColumn\" style=\"margin: 0px; padding: 0px; float: left; width: 31.3%;\" data-csstartpoint=\"330\" data-csendpoint=\"630\" data-cswidth=\"31.3%\" data-csid=\"5ab6fab0-2226-3ce8-bda8-344fab176cf2\">\n<h4 style=\"text-align: center;\">U-Anordnung<\/h4>\n<p style=\"text-align: center;\">(18 Pl\u00e4tze)<\/p>\n<p style=\"text-align: center;\"><img loading=\"lazy\" decoding=\"async\" class=\"alignnone size-full wp-image-161 lazyload\" data-src=\"https:\/\/ponteo.sk\/wp-content\/uploads\/2016\/08\/sedenie3.png\" alt=\"sedenie3\" width=\"87\" height=\"56\" src=\"data:image\/gif;base64,R0lGODlhAQABAAAAACH5BAEKAAEALAAAAAABAAEAAAICTAEAOw==\" style=\"--smush-placeholder-width: 87px; --smush-placeholder-aspect-ratio: 87\/56;\" \/><noscript><img loading=\"lazy\" decoding=\"async\" class=\"alignnone size-full wp-image-161\" src=\"https:\/\/ponteo.sk\/wp-content\/uploads\/2016\/08\/sedenie3.png\" alt=\"sedenie3\" width=\"87\" height=\"56\" \/><\/noscript><\/p>\n<\/div>\n<div class=\"csColumnGap\" style=\"margin: 0px; padding: 0px; float: left; width: 1.56%;\"><img decoding=\"async\" style=\"border: none;\" data-src=\"https:\/\/ponteo.sk\/wp-content\/plugins\/advanced-wp-columns\/assets\/js\/plugins\/views\/img\/1x1-pixel.png\" src=\"data:image\/gif;base64,R0lGODlhAQABAAAAACH5BAEKAAEALAAAAAABAAEAAAICTAEAOw==\" class=\"lazyload\" \/><noscript><img decoding=\"async\" style=\"border: none;\" data-src=\"https:\/\/ponteo.sk\/wp-content\/plugins\/advanced-wp-columns\/assets\/js\/plugins\/views\/img\/1x1-pixel.png\" src=\"data:image\/gif;base64,R0lGODlhAQABAAAAACH5BAEKAAEALAAAAAABAAEAAAICTAEAOw==\" class=\"lazyload\" \/><noscript><img decoding=\"async\" style=\"border: none;\" data-src=\"https:\/\/ponteo.sk\/wp-content\/plugins\/advanced-wp-columns\/assets\/js\/plugins\/views\/img\/1x1-pixel.png\" src=\"data:image\/gif;base64,R0lGODlhAQABAAAAACH5BAEKAAEALAAAAAABAAEAAAICTAEAOw==\" class=\"lazyload\" \/><noscript><img decoding=\"async\" style=\"border: none;\" data-src=\"https:\/\/ponteo.sk\/wp-content\/plugins\/advanced-wp-columns\/assets\/js\/plugins\/views\/img\/1x1-pixel.png\" src=\"data:image\/gif;base64,R0lGODlhAQABAAAAACH5BAEKAAEALAAAAAABAAEAAAICTAEAOw==\" class=\"lazyload\" \/><noscript><img decoding=\"async\" style=\"border: none;\" data-src=\"https:\/\/ponteo.sk\/wp-content\/plugins\/advanced-wp-columns\/assets\/js\/plugins\/views\/img\/1x1-pixel.png\" src=\"data:image\/gif;base64,R0lGODlhAQABAAAAACH5BAEKAAEALAAAAAABAAEAAAICTAEAOw==\" class=\"lazyload\" \/><noscript><img decoding=\"async\" style=\"border: none;\" src=\"https:\/\/ponteo.sk\/wp-content\/plugins\/advanced-wp-columns\/assets\/js\/plugins\/views\/img\/1x1-pixel.png\" \/><\/noscript><\/noscript><\/noscript><\/noscript><\/noscript><\/div>\n<div class=\"csColumn\" style=\"margin: 0px; padding: 0px; float: left; width: 31.3%;\" data-csstartpoint=\"645\" data-csendpoint=\"945\" data-cswidth=\"31.3%\" data-csid=\"a0c57706-44d9-2a42-9a52-cecdbf2da56f\">\n<h4 style=\"text-align: center;\">Parlamentarisch<\/h4>\n<p style=\"text-align: center;\">(24 Pl\u00e4tze)<\/p>\n<p style=\"text-align: center;\"><img loading=\"lazy\" decoding=\"async\" class=\"alignnone size-full wp-image-160 lazyload\" data-src=\"https:\/\/ponteo.sk\/wp-content\/uploads\/2016\/08\/sedenie2.png\" alt=\"sedenie2\" width=\"87\" height=\"56\" src=\"data:image\/gif;base64,R0lGODlhAQABAAAAACH5BAEKAAEALAAAAAABAAEAAAICTAEAOw==\" style=\"--smush-placeholder-width: 87px; --smush-placeholder-aspect-ratio: 87\/56;\" \/><noscript><img loading=\"lazy\" decoding=\"async\" class=\"alignnone size-full wp-image-160\" src=\"https:\/\/ponteo.sk\/wp-content\/uploads\/2016\/08\/sedenie2.png\" alt=\"sedenie2\" width=\"87\" height=\"56\" \/><\/noscript><\/p>\n<\/div>\n<\/div>\n<hr style=\"color: #b9d986; background-color: #b9d986; height: 1px;\" \/>\n<p><center><iframe loading=\"lazy\" style=\"border: 0;\" data-src=\"https:\/\/www.google.com\/maps\/embed?pb=!1m0!3m2!1scs!2sus!4v1463594586059!6m8!1m7!1s4F6PZfYmLh4AAAQvOp-ZqQ!2m2!1d48.041888680378!2d17.15825566693218!3f163!4f-12.210489392197857!5f0.7820865974627469\" width=\"810\" height=\"435\" frameborder=\"0\" allowfullscreen=\"allowfullscreen\" data-mce-fragment=\"1\" src=\"data:image\/gif;base64,R0lGODlhAQABAAAAACH5BAEKAAEALAAAAAABAAEAAAICTAEAOw==\" class=\"lazyload\" data-load-mode=\"1\"><\/iframe><\/center><\/p>\n","protected":false},"excerpt":{"rendered":"<p>Konferenzsaal AUSTRIA Der Raum eignet sich f\u00fcr verschiedene Veranstaltungsarten: Konferenzen, Kongressen, Pressekonferenzen, Schulungen, Meetings, Pr\u00e4sentationen, Seminare, Workshops, Lehrg\u00e4nge, Empf\u00e4nge. Der kleine Konferenzsaal ist verglast und bietet einen Ausblick auf die nahe Umgebung. F\u00fcr die Pausen kann auch die Wellness-Terrasse genutzt<\/p>\n","protected":false},"author":2,"featured_media":0,"parent":4206,"menu_order":0,"comment_status":"closed","ping_status":"closed","template":"page-templates\/business-two.php","meta":{"footnotes":""},"yoast_head":"<!-- This site is optimized with the Yoast SEO plugin v23.2 - https:\/\/yoast.com\/wordpress\/plugins\/seo\/ -->\n<title>Konferenzsaal Austria | Ponteo Activity Park Rusovce<\/title>\n<meta name=\"description\" content=\"Konferenzsaal AUSTRIA - Der Raum eignet sich f\u00fcr verschiedene Veranstaltungsarten: Konferenzen, Kongressen, Pressekonferenzen, Schulungen, Meetings, Pr\u00e4sentationen, Seminare, Workshops, Lehrg\u00e4nge, Empf\u00e4nge.\" \/>\n<meta name=\"robots\" content=\"index, follow, max-snippet:-1, max-image-preview:large, max-video-preview:-1\" \/>\n<link rel=\"canonical\" href=\"https:\/\/www.ponteo.sk\/de\/konferenzsaal\/konferenzsaal-austria\/\" \/>\n<meta property=\"og:locale\" content=\"de_DE\" \/>\n<meta property=\"og:type\" content=\"article\" \/>\n<meta property=\"og:title\" content=\"Konferenzsaal Austria | Ponteo Activity Park Rusovce\" \/>\n<meta property=\"og:description\" content=\"Konferenzsaal AUSTRIA - Der Raum eignet sich f\u00fcr verschiedene Veranstaltungsarten: Konferenzen, Kongressen, Pressekonferenzen, Schulungen, Meetings, Pr\u00e4sentationen, Seminare, Workshops, Lehrg\u00e4nge, Empf\u00e4nge.\" \/>\n<meta property=\"og:url\" content=\"https:\/\/www.ponteo.sk\/de\/konferenzsaal\/konferenzsaal-austria\/\" \/>\n<meta property=\"og:site_name\" content=\"Hotel 4* PONTEO\" \/>\n<meta property=\"article:publisher\" content=\"https:\/\/www.facebook.com\/ponteo\/\" \/>\n<meta property=\"article:modified_time\" content=\"2023-03-31T10:53:21+00:00\" \/>\n<meta property=\"og:image\" content=\"https:\/\/ponteo.sk\/wp-content\/uploads\/2022\/08\/Austria-view-1100x550-1.jpg\" \/>\n<meta name=\"twitter:card\" content=\"summary_large_image\" \/>\n<script type=\"application\/ld+json\" class=\"yoast-schema-graph\">{\"@context\":\"https:\/\/schema.org\",\"@graph\":[{\"@type\":\"WebPage\",\"@id\":\"https:\/\/www.ponteo.sk\/de\/konferenzsaal\/konferenzsaal-austria\/\",\"url\":\"https:\/\/www.ponteo.sk\/de\/konferenzsaal\/konferenzsaal-austria\/\",\"name\":\"Konferenzsaal Austria | Ponteo Activity Park Rusovce\",\"isPartOf\":{\"@id\":\"https:\/\/www.ponteo.sk\/#website\"},\"primaryImageOfPage\":{\"@id\":\"https:\/\/www.ponteo.sk\/de\/konferenzsaal\/konferenzsaal-austria\/#primaryimage\"},\"image\":{\"@id\":\"https:\/\/www.ponteo.sk\/de\/konferenzsaal\/konferenzsaal-austria\/#primaryimage\"},\"thumbnailUrl\":\"https:\/\/ponteo.sk\/wp-content\/uploads\/2022\/08\/Austria-view-1100x550-1.jpg\",\"datePublished\":\"2017-01-12T10:14:45+00:00\",\"dateModified\":\"2023-03-31T10:53:21+00:00\",\"description\":\"Konferenzsaal AUSTRIA - Der Raum eignet sich f\u00fcr verschiedene Veranstaltungsarten: Konferenzen, Kongressen, Pressekonferenzen, Schulungen, Meetings, Pr\u00e4sentationen, Seminare, Workshops, Lehrg\u00e4nge, Empf\u00e4nge.\",\"breadcrumb\":{\"@id\":\"https:\/\/www.ponteo.sk\/de\/konferenzsaal\/konferenzsaal-austria\/#breadcrumb\"},\"inLanguage\":\"de\",\"potentialAction\":[{\"@type\":\"ReadAction\",\"target\":[\"https:\/\/www.ponteo.sk\/de\/konferenzsaal\/konferenzsaal-austria\/\"]}]},{\"@type\":\"ImageObject\",\"inLanguage\":\"de\",\"@id\":\"https:\/\/www.ponteo.sk\/de\/konferenzsaal\/konferenzsaal-austria\/#primaryimage\",\"url\":\"https:\/\/ponteo.sk\/wp-content\/uploads\/2022\/08\/Austria-view-1100x550-1.jpg\",\"contentUrl\":\"https:\/\/ponteo.sk\/wp-content\/uploads\/2022\/08\/Austria-view-1100x550-1.jpg\"},{\"@type\":\"BreadcrumbList\",\"@id\":\"https:\/\/www.ponteo.sk\/de\/konferenzsaal\/konferenzsaal-austria\/#breadcrumb\",\"itemListElement\":[{\"@type\":\"ListItem\",\"position\":1,\"name\":\"Domov\",\"item\":\"https:\/\/www.ponteo.sk\/de\/\"},{\"@type\":\"ListItem\",\"position\":2,\"name\":\"Konferenzen\",\"item\":\"https:\/\/www.ponteo.sk\/de\/konferenzsaal\/\"},{\"@type\":\"ListItem\",\"position\":3,\"name\":\"Konferenzsaal Austria\"}]},{\"@type\":\"WebSite\",\"@id\":\"https:\/\/www.ponteo.sk\/#website\",\"url\":\"https:\/\/www.ponteo.sk\/\",\"name\":\"Hotel 4* PONTEO\",\"description\":\"Miesto, ktor\u00e9 v\u00e1m zostane v srdci\",\"potentialAction\":[{\"@type\":\"SearchAction\",\"target\":{\"@type\":\"EntryPoint\",\"urlTemplate\":\"https:\/\/www.ponteo.sk\/?s={search_term_string}\"},\"query-input\":\"required name=search_term_string\"}],\"inLanguage\":\"de\"}]}<\/script>\n<!-- \/ Yoast SEO plugin. -->","yoast_head_json":{"title":"Konferenzsaal Austria | Ponteo Activity Park Rusovce","description":"Konferenzsaal AUSTRIA - Der Raum eignet sich f\u00fcr verschiedene Veranstaltungsarten: Konferenzen, Kongressen, Pressekonferenzen, Schulungen, Meetings, Pr\u00e4sentationen, Seminare, Workshops, Lehrg\u00e4nge, Empf\u00e4nge.","robots":{"index":"index","follow":"follow","max-snippet":"max-snippet:-1","max-image-preview":"max-image-preview:large","max-video-preview":"max-video-preview:-1"},"canonical":"https:\/\/www.ponteo.sk\/de\/konferenzsaal\/konferenzsaal-austria\/","og_locale":"de_DE","og_type":"article","og_title":"Konferenzsaal Austria | Ponteo Activity Park Rusovce","og_description":"Konferenzsaal AUSTRIA - Der Raum eignet sich f\u00fcr verschiedene Veranstaltungsarten: Konferenzen, Kongressen, Pressekonferenzen, Schulungen, Meetings, Pr\u00e4sentationen, Seminare, Workshops, Lehrg\u00e4nge, Empf\u00e4nge.","og_url":"https:\/\/www.ponteo.sk\/de\/konferenzsaal\/konferenzsaal-austria\/","og_site_name":"Hotel 4* PONTEO","article_publisher":"https:\/\/www.facebook.com\/ponteo\/","article_modified_time":"2023-03-31T10:53:21+00:00","og_image":[{"url":"https:\/\/ponteo.sk\/wp-content\/uploads\/2022\/08\/Austria-view-1100x550-1.jpg"}],"twitter_card":"summary_large_image","schema":{"@context":"https:\/\/schema.org","@graph":[{"@type":"WebPage","@id":"https:\/\/www.ponteo.sk\/de\/konferenzsaal\/konferenzsaal-austria\/","url":"https:\/\/www.ponteo.sk\/de\/konferenzsaal\/konferenzsaal-austria\/","name":"Konferenzsaal Austria | Ponteo Activity Park Rusovce","isPartOf":{"@id":"https:\/\/www.ponteo.sk\/#website"},"primaryImageOfPage":{"@id":"https:\/\/www.ponteo.sk\/de\/konferenzsaal\/konferenzsaal-austria\/#primaryimage"},"image":{"@id":"https:\/\/www.ponteo.sk\/de\/konferenzsaal\/konferenzsaal-austria\/#primaryimage"},"thumbnailUrl":"https:\/\/ponteo.sk\/wp-content\/uploads\/2022\/08\/Austria-view-1100x550-1.jpg","datePublished":"2017-01-12T10:14:45+00:00","dateModified":"2023-03-31T10:53:21+00:00","description":"Konferenzsaal AUSTRIA - Der Raum eignet sich f\u00fcr verschiedene Veranstaltungsarten: Konferenzen, Kongressen, Pressekonferenzen, Schulungen, Meetings, Pr\u00e4sentationen, Seminare, Workshops, Lehrg\u00e4nge, Empf\u00e4nge.","breadcrumb":{"@id":"https:\/\/www.ponteo.sk\/de\/konferenzsaal\/konferenzsaal-austria\/#breadcrumb"},"inLanguage":"de","potentialAction":[{"@type":"ReadAction","target":["https:\/\/www.ponteo.sk\/de\/konferenzsaal\/konferenzsaal-austria\/"]}]},{"@type":"ImageObject","inLanguage":"de","@id":"https:\/\/www.ponteo.sk\/de\/konferenzsaal\/konferenzsaal-austria\/#primaryimage","url":"https:\/\/ponteo.sk\/wp-content\/uploads\/2022\/08\/Austria-view-1100x550-1.jpg","contentUrl":"https:\/\/ponteo.sk\/wp-content\/uploads\/2022\/08\/Austria-view-1100x550-1.jpg"},{"@type":"BreadcrumbList","@id":"https:\/\/www.ponteo.sk\/de\/konferenzsaal\/konferenzsaal-austria\/#breadcrumb","itemListElement":[{"@type":"ListItem","position":1,"name":"Domov","item":"https:\/\/www.ponteo.sk\/de\/"},{"@type":"ListItem","position":2,"name":"Konferenzen","item":"https:\/\/www.ponteo.sk\/de\/konferenzsaal\/"},{"@type":"ListItem","position":3,"name":"Konferenzsaal Austria"}]},{"@type":"WebSite","@id":"https:\/\/www.ponteo.sk\/#website","url":"https:\/\/www.ponteo.sk\/","name":"Hotel 4* PONTEO","description":"Miesto, ktor\u00e9 v\u00e1m zostane v srdci","potentialAction":[{"@type":"SearchAction","target":{"@type":"EntryPoint","urlTemplate":"https:\/\/www.ponteo.sk\/?s={search_term_string}"},"query-input":"required name=search_term_string"}],"inLanguage":"de"}]}},"_links":{"self":[{"href":"https:\/\/www.ponteo.sk\/de\/wp-json\/wp\/v2\/pages\/4254"}],"collection":[{"href":"https:\/\/www.ponteo.sk\/de\/wp-json\/wp\/v2\/pages"}],"about":[{"href":"https:\/\/www.ponteo.sk\/de\/wp-json\/wp\/v2\/types\/page"}],"author":[{"embeddable":true,"href":"https:\/\/www.ponteo.sk\/de\/wp-json\/wp\/v2\/users\/2"}],"replies":[{"embeddable":true,"href":"https:\/\/www.ponteo.sk\/de\/wp-json\/wp\/v2\/comments?post=4254"}],"version-history":[{"count":2,"href":"https:\/\/www.ponteo.sk\/de\/wp-json\/wp\/v2\/pages\/4254\/revisions"}],"predecessor-version":[{"id":26676,"href":"https:\/\/www.ponteo.sk\/de\/wp-json\/wp\/v2\/pages\/4254\/revisions\/26676"}],"up":[{"embeddable":true,"href":"https:\/\/www.ponteo.sk\/de\/wp-json\/wp\/v2\/pages\/4206"}],"wp:attachment":[{"href":"https:\/\/www.ponteo.sk\/de\/wp-json\/wp\/v2\/media?parent=4254"}],"curies":[{"name":"wp","href":"https:\/\/api.w.org\/{rel}","templated":true}]}}