{"id":4262,"date":"2017-01-12T11:45:58","date_gmt":"2017-01-12T10:45:58","guid":{"rendered":"http:\/\/ponteo.sk\/?page_id=4262\/"},"modified":"2017-01-12T11:45:58","modified_gmt":"2017-01-12T10:45:58","slug":"individuelles-training","status":"publish","type":"page","link":"https:\/\/www.ponteo.sk\/de\/sportaktivitaeten\/individuelles-training\/","title":{"rendered":"Individuelles Training"},"content":{"rendered":"<p><img loading=\"lazy\" decoding=\"async\" class=\"size-full wp-image-3209 aligncenter lazyload\" data-src=\"https:\/\/ponteo.sk\/wp-content\/uploads\/2016\/09\/individualne_cvicenia.jpg\" alt=\"individualne_cvicenia\" width=\"1100\" height=\"550\" data-srcset=\"https:\/\/www.ponteo.sk\/wp-content\/uploads\/2016\/09\/individualne_cvicenia.jpg 1100w, https:\/\/www.ponteo.sk\/wp-content\/uploads\/2016\/09\/individualne_cvicenia-300x150.jpg 300w, https:\/\/www.ponteo.sk\/wp-content\/uploads\/2016\/09\/individualne_cvicenia-768x384.jpg 768w, https:\/\/www.ponteo.sk\/wp-content\/uploads\/2016\/09\/individualne_cvicenia-1024x512.jpg 1024w\" data-sizes=\"(max-width: 1100px) 100vw, 1100px\" src=\"data:image\/gif;base64,R0lGODlhAQABAAAAACH5BAEKAAEALAAAAAABAAEAAAICTAEAOw==\" style=\"--smush-placeholder-width: 1100px; --smush-placeholder-aspect-ratio: 1100\/550;\" \/><noscript><img loading=\"lazy\" decoding=\"async\" class=\"size-full wp-image-3209 aligncenter\" src=\"https:\/\/ponteo.sk\/wp-content\/uploads\/2016\/09\/individualne_cvicenia.jpg\" alt=\"individualne_cvicenia\" width=\"1100\" height=\"550\" srcset=\"https:\/\/www.ponteo.sk\/wp-content\/uploads\/2016\/09\/individualne_cvicenia.jpg 1100w, https:\/\/www.ponteo.sk\/wp-content\/uploads\/2016\/09\/individualne_cvicenia-300x150.jpg 300w, https:\/\/www.ponteo.sk\/wp-content\/uploads\/2016\/09\/individualne_cvicenia-768x384.jpg 768w, https:\/\/www.ponteo.sk\/wp-content\/uploads\/2016\/09\/individualne_cvicenia-1024x512.jpg 1024w\" sizes=\"(max-width: 1100px) 100vw, 1100px\" \/><\/noscript><\/p>\n<h1 style=\"text-align: center;\">Individuelles Training<\/h1>\n<p>&nbsp;<\/p>\n<p style=\"text-align: center;\">Ihre Kondition k\u00f6nnen Sie bei Ponteo nicht nur beim beliebten Gruppentraining verbessern, sondern auch individuell, unter der Leitung eines erfahrenen Trainers. Dieser \u00fcberwacht die richtige Technik der \u00dcbungen, er erkl\u00e4rt Ihnen, welche \u00dcbungen f\u00fcr Sie am besten geeignet sind und welche Sie umgekehrt lieber meiden sollten. Die Ratschl\u00e4ge und Erfahrungen des Trainers helfen Ihnen ganz sicher auf Ihrem Weg zu besserer Kondition und einer festen Gesundheit.<\/p>\n<p style=\"text-align: center;\">Das individuelle Training k\u00f6nnen Sie per E-Mail unter <a href=\"mailto:sportactivity@ponteo.sk\">sportactivity@ponteo.sk<\/a> oder telefonisch unter 02\/20 90 90 16 bestellen.<\/p>\n<p>&nbsp;<\/p>\n<hr style=\"color: #b9d986; background-color: #b9d986; height: 1px;\" \/>\n<div class=\"csRow\">\n<div class=\"csColumnGap\" style=\"margin: 0px; padding: 0px; float: left; width: 1.56%;\"><img decoding=\"async\" style=\"border: none;\" data-src=\"https:\/\/ponteo.sk\/wp-content\/plugins\/advanced-wp-columns\/assets\/js\/plugins\/views\/img\/1x1-pixel.png\" src=\"data:image\/gif;base64,R0lGODlhAQABAAAAACH5BAEKAAEALAAAAAABAAEAAAICTAEAOw==\" class=\"lazyload\" \/><noscript><img decoding=\"async\" style=\"border: none;\" data-src=\"https:\/\/ponteo.sk\/wp-content\/plugins\/advanced-wp-columns\/assets\/js\/plugins\/views\/img\/1x1-pixel.png\" src=\"data:image\/gif;base64,R0lGODlhAQABAAAAACH5BAEKAAEALAAAAAABAAEAAAICTAEAOw==\" class=\"lazyload\" \/><noscript><img decoding=\"async\" style=\"border: none;\" data-src=\"https:\/\/ponteo.sk\/wp-content\/plugins\/advanced-wp-columns\/assets\/js\/plugins\/views\/img\/1x1-pixel.png\" src=\"data:image\/gif;base64,R0lGODlhAQABAAAAACH5BAEKAAEALAAAAAABAAEAAAICTAEAOw==\" class=\"lazyload\" \/><noscript><img decoding=\"async\" style=\"border: none;\" data-src=\"https:\/\/ponteo.sk\/wp-content\/plugins\/advanced-wp-columns\/assets\/js\/plugins\/views\/img\/1x1-pixel.png\" src=\"data:image\/gif;base64,R0lGODlhAQABAAAAACH5BAEKAAEALAAAAAABAAEAAAICTAEAOw==\" class=\"lazyload\" \/><noscript><img decoding=\"async\" style=\"border: none;\" src=\"https:\/\/ponteo.sk\/wp-content\/plugins\/advanced-wp-columns\/assets\/js\/plugins\/views\/img\/1x1-pixel.png\" \/><\/noscript><\/noscript><\/noscript><\/noscript><\/div>\n<div class=\"csColumn\" style=\"margin: 0px; padding: 0px; float: left; width: 31.3%;\" data-csstartpoint=\"15\" data-csendpoint=\"315\" data-cswidth=\"31.3%\" data-csid=\"083eb1ab-fe8f-12c3-8233-0f9b6dfced82\">\n<div class=\"vf_bg0\">\n<p><img loading=\"lazy\" decoding=\"async\" class=\"aligncenter wp-image-2070 size-full lazyload\" data-src=\"https:\/\/ponteo.sk\/wp-content\/uploads\/2016\/09\/Ponteo-Pilates-450x300.jpg\" alt=\"ponteo pilates \" width=\"450\" height=\"300\" data-srcset=\"https:\/\/www.ponteo.sk\/wp-content\/uploads\/2016\/09\/Ponteo-Pilates-450x300.jpg 450w, https:\/\/www.ponteo.sk\/wp-content\/uploads\/2016\/09\/Ponteo-Pilates-450x300-300x200.jpg 300w, https:\/\/www.ponteo.sk\/wp-content\/uploads\/2016\/09\/Ponteo-Pilates-450x300-75x50.jpg 75w\" data-sizes=\"(max-width: 450px) 100vw, 450px\" src=\"data:image\/gif;base64,R0lGODlhAQABAAAAACH5BAEKAAEALAAAAAABAAEAAAICTAEAOw==\" style=\"--smush-placeholder-width: 450px; --smush-placeholder-aspect-ratio: 450\/300;\" \/><noscript><img loading=\"lazy\" decoding=\"async\" class=\"aligncenter wp-image-2070 size-full\" src=\"https:\/\/ponteo.sk\/wp-content\/uploads\/2016\/09\/Ponteo-Pilates-450x300.jpg\" alt=\"ponteo pilates \" width=\"450\" height=\"300\" srcset=\"https:\/\/www.ponteo.sk\/wp-content\/uploads\/2016\/09\/Ponteo-Pilates-450x300.jpg 450w, https:\/\/www.ponteo.sk\/wp-content\/uploads\/2016\/09\/Ponteo-Pilates-450x300-300x200.jpg 300w, https:\/\/www.ponteo.sk\/wp-content\/uploads\/2016\/09\/Ponteo-Pilates-450x300-75x50.jpg 75w\" sizes=\"(max-width: 450px) 100vw, 450px\" \/><\/noscript><\/p>\n<h4 style=\"text-align: center;\">PILATES<\/h4>\n<\/div>\n<\/div>\n<div class=\"csColumnGap\" style=\"margin: 0px; padding: 0px; float: left; width: 1.56%;\"><img decoding=\"async\" style=\"border: none;\" data-src=\"https:\/\/ponteo.sk\/wp-content\/plugins\/advanced-wp-columns\/assets\/js\/plugins\/views\/img\/1x1-pixel.png\" src=\"data:image\/gif;base64,R0lGODlhAQABAAAAACH5BAEKAAEALAAAAAABAAEAAAICTAEAOw==\" class=\"lazyload\" \/><noscript><img decoding=\"async\" style=\"border: none;\" data-src=\"https:\/\/ponteo.sk\/wp-content\/plugins\/advanced-wp-columns\/assets\/js\/plugins\/views\/img\/1x1-pixel.png\" src=\"data:image\/gif;base64,R0lGODlhAQABAAAAACH5BAEKAAEALAAAAAABAAEAAAICTAEAOw==\" class=\"lazyload\" \/><noscript><img decoding=\"async\" style=\"border: none;\" data-src=\"https:\/\/ponteo.sk\/wp-content\/plugins\/advanced-wp-columns\/assets\/js\/plugins\/views\/img\/1x1-pixel.png\" src=\"data:image\/gif;base64,R0lGODlhAQABAAAAACH5BAEKAAEALAAAAAABAAEAAAICTAEAOw==\" class=\"lazyload\" \/><noscript><img decoding=\"async\" style=\"border: none;\" data-src=\"https:\/\/ponteo.sk\/wp-content\/plugins\/advanced-wp-columns\/assets\/js\/plugins\/views\/img\/1x1-pixel.png\" src=\"data:image\/gif;base64,R0lGODlhAQABAAAAACH5BAEKAAEALAAAAAABAAEAAAICTAEAOw==\" class=\"lazyload\" \/><noscript><img decoding=\"async\" style=\"border: none;\" src=\"https:\/\/ponteo.sk\/wp-content\/plugins\/advanced-wp-columns\/assets\/js\/plugins\/views\/img\/1x1-pixel.png\" \/><\/noscript><\/noscript><\/noscript><\/noscript><\/div>\n<div class=\"csColumn\" style=\"margin: 0px; padding: 0px; float: left; width: 31.3%;\" data-csstartpoint=\"330\" data-csendpoint=\"630\" data-cswidth=\"31.3%\" data-csid=\"c68279c8-442d-11c1-8943-db23bffe2ccd\">\n<div class=\"vf_bg0\">\n<p><img loading=\"lazy\" decoding=\"async\" class=\"aligncenter wp-image-3555 size-full lazyload\" data-src=\"https:\/\/ponteo.sk\/wp-content\/uploads\/2016\/09\/Cvicenie-XBody-450x300-px.jpg\" width=\"450\" height=\"300\" data-srcset=\"https:\/\/www.ponteo.sk\/wp-content\/uploads\/2016\/09\/Cvicenie-XBody-450x300-px.jpg 450w, https:\/\/www.ponteo.sk\/wp-content\/uploads\/2016\/09\/Cvicenie-XBody-450x300-px-300x200.jpg 300w\" data-sizes=\"(max-width: 450px) 100vw, 450px\" src=\"data:image\/gif;base64,R0lGODlhAQABAAAAACH5BAEKAAEALAAAAAABAAEAAAICTAEAOw==\" style=\"--smush-placeholder-width: 450px; --smush-placeholder-aspect-ratio: 450\/300;\" \/><noscript><img loading=\"lazy\" decoding=\"async\" class=\"aligncenter wp-image-3555 size-full\" src=\"https:\/\/ponteo.sk\/wp-content\/uploads\/2016\/09\/Cvicenie-XBody-450x300-px.jpg\" width=\"450\" height=\"300\" srcset=\"https:\/\/www.ponteo.sk\/wp-content\/uploads\/2016\/09\/Cvicenie-XBody-450x300-px.jpg 450w, https:\/\/www.ponteo.sk\/wp-content\/uploads\/2016\/09\/Cvicenie-XBody-450x300-px-300x200.jpg 300w\" sizes=\"(max-width: 450px) 100vw, 450px\" \/><\/noscript><\/p>\n<h4 style=\"text-align: center;\">XBODY<\/h4>\n<\/div>\n<\/div>\n<div class=\"csColumnGap\" style=\"margin: 0px; padding: 0px; float: left; width: 1.56%;\"><img decoding=\"async\" style=\"border: none;\" data-src=\"https:\/\/ponteo.sk\/wp-content\/plugins\/advanced-wp-columns\/assets\/js\/plugins\/views\/img\/1x1-pixel.png\" src=\"data:image\/gif;base64,R0lGODlhAQABAAAAACH5BAEKAAEALAAAAAABAAEAAAICTAEAOw==\" class=\"lazyload\" \/><noscript><img decoding=\"async\" style=\"border: none;\" data-src=\"https:\/\/ponteo.sk\/wp-content\/plugins\/advanced-wp-columns\/assets\/js\/plugins\/views\/img\/1x1-pixel.png\" src=\"data:image\/gif;base64,R0lGODlhAQABAAAAACH5BAEKAAEALAAAAAABAAEAAAICTAEAOw==\" class=\"lazyload\" \/><noscript><img decoding=\"async\" style=\"border: none;\" data-src=\"https:\/\/ponteo.sk\/wp-content\/plugins\/advanced-wp-columns\/assets\/js\/plugins\/views\/img\/1x1-pixel.png\" src=\"data:image\/gif;base64,R0lGODlhAQABAAAAACH5BAEKAAEALAAAAAABAAEAAAICTAEAOw==\" class=\"lazyload\" \/><noscript><img decoding=\"async\" style=\"border: none;\" data-src=\"https:\/\/ponteo.sk\/wp-content\/plugins\/advanced-wp-columns\/assets\/js\/plugins\/views\/img\/1x1-pixel.png\" src=\"data:image\/gif;base64,R0lGODlhAQABAAAAACH5BAEKAAEALAAAAAABAAEAAAICTAEAOw==\" class=\"lazyload\" \/><noscript><img decoding=\"async\" style=\"border: none;\" src=\"https:\/\/ponteo.sk\/wp-content\/plugins\/advanced-wp-columns\/assets\/js\/plugins\/views\/img\/1x1-pixel.png\" \/><\/noscript><\/noscript><\/noscript><\/noscript><\/div>\n<div class=\"csColumn\" style=\"margin: 0px; padding: 0px; float: left; width: 31.3%;\" data-csstartpoint=\"645\" data-csendpoint=\"945\" data-cswidth=\"31.3%\" data-csid=\"0adc4e55-8682-d6af-87cf-ecc56fa8d279\">\n<div class=\"vf_bg0\">\n<p><img loading=\"lazy\" decoding=\"async\" class=\"aligncenter wp-image-1805 size-full lazyload\" data-src=\"https:\/\/ponteo.sk\/wp-content\/uploads\/2016\/07\/Ponteo-individualne-cvicenia.jpg\" alt=\"_ponteo-individualne-cvicenia\" width=\"450\" height=\"300\" data-srcset=\"https:\/\/www.ponteo.sk\/wp-content\/uploads\/2016\/07\/Ponteo-individualne-cvicenia.jpg 450w, https:\/\/www.ponteo.sk\/wp-content\/uploads\/2016\/07\/Ponteo-individualne-cvicenia-300x200.jpg 300w, https:\/\/www.ponteo.sk\/wp-content\/uploads\/2016\/07\/Ponteo-individualne-cvicenia-75x50.jpg 75w\" data-sizes=\"(max-width: 450px) 100vw, 450px\" src=\"data:image\/gif;base64,R0lGODlhAQABAAAAACH5BAEKAAEALAAAAAABAAEAAAICTAEAOw==\" style=\"--smush-placeholder-width: 450px; --smush-placeholder-aspect-ratio: 450\/300;\" \/><noscript><img loading=\"lazy\" decoding=\"async\" class=\"aligncenter wp-image-1805 size-full\" src=\"https:\/\/ponteo.sk\/wp-content\/uploads\/2016\/07\/Ponteo-individualne-cvicenia.jpg\" alt=\"_ponteo-individualne-cvicenia\" width=\"450\" height=\"300\" srcset=\"https:\/\/www.ponteo.sk\/wp-content\/uploads\/2016\/07\/Ponteo-individualne-cvicenia.jpg 450w, https:\/\/www.ponteo.sk\/wp-content\/uploads\/2016\/07\/Ponteo-individualne-cvicenia-300x200.jpg 300w, https:\/\/www.ponteo.sk\/wp-content\/uploads\/2016\/07\/Ponteo-individualne-cvicenia-75x50.jpg 75w\" sizes=\"(max-width: 450px) 100vw, 450px\" \/><\/noscript><\/p>\n<h4 style=\"text-align: center;\">TRAINING MIT EINEM PERSONAL TRAINER<\/h4>\n<\/div>\n<\/div>\n<div class=\"csColumnGap\" style=\"margin: 0px; padding: 0px; float: left; width: 1.56%;\"><img decoding=\"async\" style=\"border: none;\" data-src=\"https:\/\/ponteo.sk\/wp-content\/plugins\/advanced-wp-columns\/assets\/js\/plugins\/views\/img\/1x1-pixel.png\" src=\"data:image\/gif;base64,R0lGODlhAQABAAAAACH5BAEKAAEALAAAAAABAAEAAAICTAEAOw==\" class=\"lazyload\" \/><noscript><img decoding=\"async\" style=\"border: none;\" data-src=\"https:\/\/ponteo.sk\/wp-content\/plugins\/advanced-wp-columns\/assets\/js\/plugins\/views\/img\/1x1-pixel.png\" src=\"data:image\/gif;base64,R0lGODlhAQABAAAAACH5BAEKAAEALAAAAAABAAEAAAICTAEAOw==\" class=\"lazyload\" \/><noscript><img decoding=\"async\" style=\"border: none;\" data-src=\"https:\/\/ponteo.sk\/wp-content\/plugins\/advanced-wp-columns\/assets\/js\/plugins\/views\/img\/1x1-pixel.png\" src=\"data:image\/gif;base64,R0lGODlhAQABAAAAACH5BAEKAAEALAAAAAABAAEAAAICTAEAOw==\" class=\"lazyload\" \/><noscript><img decoding=\"async\" style=\"border: none;\" data-src=\"https:\/\/ponteo.sk\/wp-content\/plugins\/advanced-wp-columns\/assets\/js\/plugins\/views\/img\/1x1-pixel.png\" src=\"data:image\/gif;base64,R0lGODlhAQABAAAAACH5BAEKAAEALAAAAAABAAEAAAICTAEAOw==\" class=\"lazyload\" \/><noscript><img decoding=\"async\" style=\"border: none;\" src=\"https:\/\/ponteo.sk\/wp-content\/plugins\/advanced-wp-columns\/assets\/js\/plugins\/views\/img\/1x1-pixel.png\" \/><\/noscript><\/noscript><\/noscript><\/noscript><\/div>\n<div style=\"clear: both; float: none; display: block; visibility: hidden; width: 0px; font-size: 0px; line-height: 0;\"><\/div>\n<\/div>\n<p>&nbsp;<\/p>\n<p>&nbsp;<\/p>\n<p>&nbsp;<\/p>\n","protected":false},"excerpt":{"rendered":"<p>Individuelles Training &nbsp; Ihre Kondition k\u00f6nnen Sie bei Ponteo nicht nur beim beliebten Gruppentraining verbessern, sondern auch individuell, unter der Leitung eines erfahrenen Trainers. Dieser \u00fcberwacht die richtige Technik der \u00dcbungen, er erkl\u00e4rt Ihnen, welche \u00dcbungen f\u00fcr Sie am besten<\/p>\n","protected":false},"author":2,"featured_media":0,"parent":4258,"menu_order":0,"comment_status":"closed","ping_status":"closed","template":"page-templates\/business-two.php","meta":{"footnotes":""},"yoast_head":"<!-- This site is optimized with the Yoast SEO plugin v23.2 - https:\/\/yoast.com\/wordpress\/plugins\/seo\/ -->\n<title>Individuelles Training | Hotel 4* PONTEO<\/title>\n<meta name=\"robots\" content=\"index, follow, max-snippet:-1, max-image-preview:large, max-video-preview:-1\" \/>\n<link rel=\"canonical\" href=\"https:\/\/www.ponteo.sk\/de\/sportaktivitaeten\/individuelles-training\/\" \/>\n<meta property=\"og:locale\" content=\"de_DE\" \/>\n<meta property=\"og:type\" content=\"article\" \/>\n<meta property=\"og:title\" content=\"Individuelles Training | Hotel 4* PONTEO\" \/>\n<meta property=\"og:description\" content=\"Individuelles Training &nbsp; Ihre Kondition k\u00f6nnen Sie bei Ponteo nicht nur beim beliebten Gruppentraining verbessern, sondern auch individuell, unter der Leitung eines erfahrenen Trainers. Dieser \u00fcberwacht die richtige Technik der \u00dcbungen, er erkl\u00e4rt Ihnen, welche \u00dcbungen f\u00fcr Sie am besten\" \/>\n<meta property=\"og:url\" content=\"https:\/\/www.ponteo.sk\/de\/sportaktivitaeten\/individuelles-training\/\" \/>\n<meta property=\"og:site_name\" content=\"Hotel 4* PONTEO\" \/>\n<meta property=\"article:publisher\" content=\"https:\/\/www.facebook.com\/ponteo\/\" \/>\n<meta property=\"og:image\" content=\"http:\/\/ponteo.sk\/wp-content\/uploads\/2016\/09\/individualne_cvicenia.jpg\" \/>\n<meta name=\"twitter:card\" content=\"summary_large_image\" \/>\n<meta name=\"twitter:label1\" content=\"Gesch\u00e4tzte Lesezeit\" \/>\n\t<meta name=\"twitter:data1\" content=\"1\u00a0Minute\" \/>\n<script type=\"application\/ld+json\" class=\"yoast-schema-graph\">{\"@context\":\"https:\/\/schema.org\",\"@graph\":[{\"@type\":\"WebPage\",\"@id\":\"https:\/\/www.ponteo.sk\/de\/sportaktivitaeten\/individuelles-training\/\",\"url\":\"https:\/\/www.ponteo.sk\/de\/sportaktivitaeten\/individuelles-training\/\",\"name\":\"Individuelles Training | Hotel 4* PONTEO\",\"isPartOf\":{\"@id\":\"https:\/\/www.ponteo.sk\/#website\"},\"primaryImageOfPage\":{\"@id\":\"https:\/\/www.ponteo.sk\/de\/sportaktivitaeten\/individuelles-training\/#primaryimage\"},\"image\":{\"@id\":\"https:\/\/www.ponteo.sk\/de\/sportaktivitaeten\/individuelles-training\/#primaryimage\"},\"thumbnailUrl\":\"http:\/\/ponteo.sk\/wp-content\/uploads\/2016\/09\/individualne_cvicenia.jpg\",\"datePublished\":\"2017-01-12T10:45:58+00:00\",\"dateModified\":\"2017-01-12T10:45:58+00:00\",\"breadcrumb\":{\"@id\":\"https:\/\/www.ponteo.sk\/de\/sportaktivitaeten\/individuelles-training\/#breadcrumb\"},\"inLanguage\":\"de\",\"potentialAction\":[{\"@type\":\"ReadAction\",\"target\":[\"https:\/\/www.ponteo.sk\/de\/sportaktivitaeten\/individuelles-training\/\"]}]},{\"@type\":\"ImageObject\",\"inLanguage\":\"de\",\"@id\":\"https:\/\/www.ponteo.sk\/de\/sportaktivitaeten\/individuelles-training\/#primaryimage\",\"url\":\"http:\/\/ponteo.sk\/wp-content\/uploads\/2016\/09\/individualne_cvicenia.jpg\",\"contentUrl\":\"http:\/\/ponteo.sk\/wp-content\/uploads\/2016\/09\/individualne_cvicenia.jpg\"},{\"@type\":\"BreadcrumbList\",\"@id\":\"https:\/\/www.ponteo.sk\/de\/sportaktivitaeten\/individuelles-training\/#breadcrumb\",\"itemListElement\":[{\"@type\":\"ListItem\",\"position\":1,\"name\":\"Domov\",\"item\":\"https:\/\/www.ponteo.sk\/de\/\"},{\"@type\":\"ListItem\",\"position\":2,\"name\":\"Sportaktivit\u00e4ten\",\"item\":\"https:\/\/www.ponteo.sk\/de\/sportaktivitaeten\/\"},{\"@type\":\"ListItem\",\"position\":3,\"name\":\"Individuelles Training\"}]},{\"@type\":\"WebSite\",\"@id\":\"https:\/\/www.ponteo.sk\/#website\",\"url\":\"https:\/\/www.ponteo.sk\/\",\"name\":\"Hotel 4* PONTEO\",\"description\":\"Miesto, ktor\u00e9 v\u00e1m zostane v srdci\",\"potentialAction\":[{\"@type\":\"SearchAction\",\"target\":{\"@type\":\"EntryPoint\",\"urlTemplate\":\"https:\/\/www.ponteo.sk\/?s={search_term_string}\"},\"query-input\":\"required name=search_term_string\"}],\"inLanguage\":\"de\"}]}<\/script>\n<!-- \/ Yoast SEO plugin. -->","yoast_head_json":{"title":"Individuelles Training | Hotel 4* PONTEO","robots":{"index":"index","follow":"follow","max-snippet":"max-snippet:-1","max-image-preview":"max-image-preview:large","max-video-preview":"max-video-preview:-1"},"canonical":"https:\/\/www.ponteo.sk\/de\/sportaktivitaeten\/individuelles-training\/","og_locale":"de_DE","og_type":"article","og_title":"Individuelles Training | Hotel 4* PONTEO","og_description":"Individuelles Training &nbsp; Ihre Kondition k\u00f6nnen Sie bei Ponteo nicht nur beim beliebten Gruppentraining verbessern, sondern auch individuell, unter der Leitung eines erfahrenen Trainers. Dieser \u00fcberwacht die richtige Technik der \u00dcbungen, er erkl\u00e4rt Ihnen, welche \u00dcbungen f\u00fcr Sie am besten","og_url":"https:\/\/www.ponteo.sk\/de\/sportaktivitaeten\/individuelles-training\/","og_site_name":"Hotel 4* PONTEO","article_publisher":"https:\/\/www.facebook.com\/ponteo\/","og_image":[{"url":"http:\/\/ponteo.sk\/wp-content\/uploads\/2016\/09\/individualne_cvicenia.jpg"}],"twitter_card":"summary_large_image","twitter_misc":{"Gesch\u00e4tzte Lesezeit":"1\u00a0Minute"},"schema":{"@context":"https:\/\/schema.org","@graph":[{"@type":"WebPage","@id":"https:\/\/www.ponteo.sk\/de\/sportaktivitaeten\/individuelles-training\/","url":"https:\/\/www.ponteo.sk\/de\/sportaktivitaeten\/individuelles-training\/","name":"Individuelles Training | Hotel 4* PONTEO","isPartOf":{"@id":"https:\/\/www.ponteo.sk\/#website"},"primaryImageOfPage":{"@id":"https:\/\/www.ponteo.sk\/de\/sportaktivitaeten\/individuelles-training\/#primaryimage"},"image":{"@id":"https:\/\/www.ponteo.sk\/de\/sportaktivitaeten\/individuelles-training\/#primaryimage"},"thumbnailUrl":"http:\/\/ponteo.sk\/wp-content\/uploads\/2016\/09\/individualne_cvicenia.jpg","datePublished":"2017-01-12T10:45:58+00:00","dateModified":"2017-01-12T10:45:58+00:00","breadcrumb":{"@id":"https:\/\/www.ponteo.sk\/de\/sportaktivitaeten\/individuelles-training\/#breadcrumb"},"inLanguage":"de","potentialAction":[{"@type":"ReadAction","target":["https:\/\/www.ponteo.sk\/de\/sportaktivitaeten\/individuelles-training\/"]}]},{"@type":"ImageObject","inLanguage":"de","@id":"https:\/\/www.ponteo.sk\/de\/sportaktivitaeten\/individuelles-training\/#primaryimage","url":"http:\/\/ponteo.sk\/wp-content\/uploads\/2016\/09\/individualne_cvicenia.jpg","contentUrl":"http:\/\/ponteo.sk\/wp-content\/uploads\/2016\/09\/individualne_cvicenia.jpg"},{"@type":"BreadcrumbList","@id":"https:\/\/www.ponteo.sk\/de\/sportaktivitaeten\/individuelles-training\/#breadcrumb","itemListElement":[{"@type":"ListItem","position":1,"name":"Domov","item":"https:\/\/www.ponteo.sk\/de\/"},{"@type":"ListItem","position":2,"name":"Sportaktivit\u00e4ten","item":"https:\/\/www.ponteo.sk\/de\/sportaktivitaeten\/"},{"@type":"ListItem","position":3,"name":"Individuelles Training"}]},{"@type":"WebSite","@id":"https:\/\/www.ponteo.sk\/#website","url":"https:\/\/www.ponteo.sk\/","name":"Hotel 4* PONTEO","description":"Miesto, ktor\u00e9 v\u00e1m zostane v srdci","potentialAction":[{"@type":"SearchAction","target":{"@type":"EntryPoint","urlTemplate":"https:\/\/www.ponteo.sk\/?s={search_term_string}"},"query-input":"required name=search_term_string"}],"inLanguage":"de"}]}},"_links":{"self":[{"href":"https:\/\/www.ponteo.sk\/de\/wp-json\/wp\/v2\/pages\/4262"}],"collection":[{"href":"https:\/\/www.ponteo.sk\/de\/wp-json\/wp\/v2\/pages"}],"about":[{"href":"https:\/\/www.ponteo.sk\/de\/wp-json\/wp\/v2\/types\/page"}],"author":[{"embeddable":true,"href":"https:\/\/www.ponteo.sk\/de\/wp-json\/wp\/v2\/users\/2"}],"replies":[{"embeddable":true,"href":"https:\/\/www.ponteo.sk\/de\/wp-json\/wp\/v2\/comments?post=4262"}],"version-history":[{"count":0,"href":"https:\/\/www.ponteo.sk\/de\/wp-json\/wp\/v2\/pages\/4262\/revisions"}],"up":[{"embeddable":true,"href":"https:\/\/www.ponteo.sk\/de\/wp-json\/wp\/v2\/pages\/4258"}],"wp:attachment":[{"href":"https:\/\/www.ponteo.sk\/de\/wp-json\/wp\/v2\/media?parent=4262"}],"curies":[{"name":"wp","href":"https:\/\/api.w.org\/{rel}","templated":true}]}}