{"id":4268,"date":"2017-01-12T12:15:36","date_gmt":"2017-01-12T11:15:36","guid":{"rendered":"http:\/\/ponteo.sk\/?page_id=4268\/"},"modified":"2024-08-20T19:33:02","modified_gmt":"2024-08-20T17:33:02","slug":"restaurant","status":"publish","type":"page","link":"https:\/\/www.ponteo.sk\/de\/restaurant\/","title":{"rendered":"Restaurant"},"content":{"rendered":"<p><img loading=\"lazy\" decoding=\"async\" class=\"aligncenter wp-image-28266 size-full lazyload\" data-src=\"https:\/\/www.ponteo.sk\/wp-content\/uploads\/2024\/02\/restauracia-1100x550-Valentin-1024x512.jpg\" width=\"1100\" height=\"550\" src=\"data:image\/gif;base64,R0lGODlhAQABAAAAACH5BAEKAAEALAAAAAABAAEAAAICTAEAOw==\" style=\"--smush-placeholder-width: 1100px; --smush-placeholder-aspect-ratio: 1100\/550;\" \/><noscript><img loading=\"lazy\" decoding=\"async\" class=\"aligncenter wp-image-28266 size-full\" src=\"https:\/\/www.ponteo.sk\/wp-content\/uploads\/2024\/02\/restauracia-1100x550-Valentin-1024x512.jpg\" width=\"1100\" height=\"550\" \/><\/noscript><\/p>\n<h1 style=\"text-align: center;\">RESTAURANT<\/h1>\n<h2 style=\"text-align: center;\">Ein Ort, auf den Sie immer Appetit haben werden<\/h2>\n<p style=\"text-align: center;\">Erleben Sie den Genuss der heimischen und internationalen K\u00fcche in einer angenehmen und stilvollen Atmosph\u00e4re. Alle unsere Speisen sind unseren unsere Originalrezepte unter Ber\u00fccksichtigung der Grundprinzipien unserer K\u00fcche.<\/p>\n<p style=\"text-align: center;\">Das Komfortrestaurant mit Kamin, zwei gem\u00fctliche Salons, ein eleganter Wintergarten, das Caf\u00e9 und die Au\u00dfenterrasse sind der ideale Ort f\u00fcr private oder Firmenevents, f\u00fcr Familienfeiern oder Hochzeiten mit einer Kapazit\u00e4t von bis zu 120 Personen. Tageslicht, das zusammen mit dem sonnigen Wintergarten die Atmosph\u00e4re eines hellen Sonnenwetters gestaltet, finden Sie nur selten. Die hochwertige Beschallung des Restaurants und ihre Variabilit\u00e4t bieten einen ausreichenden Komfort auch f\u00fcr anspruchsvollste Kunden.<\/p>\n<h4 style=\"text-align: center;\">Probieren Sie bei uns DIE GESCHICHTE VON RICHTIGEM ESSEN.<\/h4>\n<p style=\"text-align: center;\"><a class=\"vfbutton\" href=\"http:\/\/ponteo.sk\/de\/galerie\/restaurant\/\">Galerie<\/a><a class=\"vfbutton\" href=\"https:\/\/www.tripadvisor.sk\/Hotel_Review-g1439609-d1520304-Reviews-Ponteo_Activity_Park_Rusovce-Rusovce_Bratislava_Region.html\">Tripadvisor<\/a><a class=\"vfbutton2\" href=\"http:\/\/ponteo.sk\/rezervacny-formular-restauracia\/\">Reservierung<\/a><\/p>\n<hr style=\"color: #b9d986; background-color: #b9d986; height: 1px;\" \/>\n<div class=\"csRow\">\n<div class=\"csColumnGap\" style=\"margin: 0px; padding: 0px; float: left; width: 1.56%;\"><img decoding=\"async\" style=\"border: none;\" data-src=\"https:\/\/ponteo.sk\/wp-content\/plugins\/advanced-wp-columns\/assets\/js\/plugins\/views\/img\/1x1-pixel.png\" src=\"data:image\/gif;base64,R0lGODlhAQABAAAAACH5BAEKAAEALAAAAAABAAEAAAICTAEAOw==\" class=\"lazyload\" \/><noscript><img decoding=\"async\" style=\"border: none;\" data-src=\"https:\/\/ponteo.sk\/wp-content\/plugins\/advanced-wp-columns\/assets\/js\/plugins\/views\/img\/1x1-pixel.png\" src=\"data:image\/gif;base64,R0lGODlhAQABAAAAACH5BAEKAAEALAAAAAABAAEAAAICTAEAOw==\" class=\"lazyload\" \/><noscript><img decoding=\"async\" style=\"border: none;\" data-src=\"https:\/\/ponteo.sk\/wp-content\/plugins\/advanced-wp-columns\/assets\/js\/plugins\/views\/img\/1x1-pixel.png\" src=\"data:image\/gif;base64,R0lGODlhAQABAAAAACH5BAEKAAEALAAAAAABAAEAAAICTAEAOw==\" class=\"lazyload\" \/><noscript><img decoding=\"async\" style=\"border: none;\" data-src=\"https:\/\/ponteo.sk\/wp-content\/plugins\/advanced-wp-columns\/assets\/js\/plugins\/views\/img\/1x1-pixel.png\" src=\"data:image\/gif;base64,R0lGODlhAQABAAAAACH5BAEKAAEALAAAAAABAAEAAAICTAEAOw==\" class=\"lazyload\" \/><noscript><img decoding=\"async\" style=\"border: none;\" src=\"https:\/\/ponteo.sk\/wp-content\/plugins\/advanced-wp-columns\/assets\/js\/plugins\/views\/img\/1x1-pixel.png\" \/><\/noscript><\/noscript><\/noscript><\/noscript><\/div>\n<div class=\"csColumn\" style=\"margin: 0px; padding: 0px; float: left; width: 31.3%;\" data-csstartpoint=\"15\" data-csendpoint=\"315\" data-cswidth=\"31.3%\" data-csid=\"599f4bc8-b98e-cc4e-9454-24fbb43f3e5e\">\n<div class=\"vf_bg0\">\n<p><a href=\"https:\/\/www.ponteo.sk\/de\/restaurant\/menue\/\"><img loading=\"lazy\" decoding=\"async\" class=\"aligncenter wp-image-39436 size-full lazyload\" style=\"--smush-placeholder-width: 450px; --smush-placeholder-aspect-ratio: 450\/300;display: block; margin-left: auto; margin-right: auto;\" data-src=\"https:\/\/www.ponteo.sk\/wp-content\/uploads\/2024\/06\/Jedalny-listok-17-450x300-.jpg\" alt=\"\" width=\"450\" height=\"300\" data-srcset=\"https:\/\/www.ponteo.sk\/wp-content\/uploads\/2024\/06\/Jedalny-listok-17-450x300-.jpg 450w, https:\/\/www.ponteo.sk\/wp-content\/uploads\/2024\/06\/Jedalny-listok-17-450x300--300x200.jpg 300w\" data-sizes=\"(max-width: 450px) 100vw, 450px\" src=\"data:image\/gif;base64,R0lGODlhAQABAAAAACH5BAEKAAEALAAAAAABAAEAAAICTAEAOw==\" \/><noscript><img loading=\"lazy\" decoding=\"async\" class=\"aligncenter wp-image-39436 size-full\" style=\"display: block; margin-left: auto; margin-right: auto;\" src=\"https:\/\/www.ponteo.sk\/wp-content\/uploads\/2024\/06\/Jedalny-listok-17-450x300-.jpg\" alt=\"\" width=\"450\" height=\"300\" srcset=\"https:\/\/www.ponteo.sk\/wp-content\/uploads\/2024\/06\/Jedalny-listok-17-450x300-.jpg 450w, https:\/\/www.ponteo.sk\/wp-content\/uploads\/2024\/06\/Jedalny-listok-17-450x300--300x200.jpg 300w\" sizes=\"(max-width: 450px) 100vw, 450px\" \/><\/noscript><\/a><\/p>\n<h3 style=\"text-align: center;\">Men\u00fc<\/h3>\n<\/div>\n<\/div>\n<div class=\"csColumnGap\" style=\"margin: 0px; padding: 0px; float: left; width: 1.56%;\"><img decoding=\"async\" style=\"border: none;\" data-src=\"https:\/\/ponteo.sk\/wp-content\/plugins\/advanced-wp-columns\/assets\/js\/plugins\/views\/img\/1x1-pixel.png\" src=\"data:image\/gif;base64,R0lGODlhAQABAAAAACH5BAEKAAEALAAAAAABAAEAAAICTAEAOw==\" class=\"lazyload\" \/><noscript><img decoding=\"async\" style=\"border: none;\" data-src=\"https:\/\/ponteo.sk\/wp-content\/plugins\/advanced-wp-columns\/assets\/js\/plugins\/views\/img\/1x1-pixel.png\" src=\"data:image\/gif;base64,R0lGODlhAQABAAAAACH5BAEKAAEALAAAAAABAAEAAAICTAEAOw==\" class=\"lazyload\" \/><noscript><img decoding=\"async\" style=\"border: none;\" data-src=\"https:\/\/ponteo.sk\/wp-content\/plugins\/advanced-wp-columns\/assets\/js\/plugins\/views\/img\/1x1-pixel.png\" src=\"data:image\/gif;base64,R0lGODlhAQABAAAAACH5BAEKAAEALAAAAAABAAEAAAICTAEAOw==\" class=\"lazyload\" \/><noscript><img decoding=\"async\" style=\"border: none;\" data-src=\"https:\/\/ponteo.sk\/wp-content\/plugins\/advanced-wp-columns\/assets\/js\/plugins\/views\/img\/1x1-pixel.png\" src=\"data:image\/gif;base64,R0lGODlhAQABAAAAACH5BAEKAAEALAAAAAABAAEAAAICTAEAOw==\" class=\"lazyload\" \/><noscript><img decoding=\"async\" style=\"border: none;\" src=\"https:\/\/ponteo.sk\/wp-content\/plugins\/advanced-wp-columns\/assets\/js\/plugins\/views\/img\/1x1-pixel.png\" \/><\/noscript><\/noscript><\/noscript><\/noscript><\/div>\n<div class=\"csColumn\" style=\"margin: 0px; padding: 0px; float: left; width: 31.3%;\" data-csstartpoint=\"330\" data-csendpoint=\"630\" data-cswidth=\"31.3%\" data-csid=\"3fa50350-ca2a-418d-b7ab-013c628f155f\">\n<div class=\"vf_bg0\">\n<p><a href=\"https:\/\/ponteo.sk\/de\/restaurant\/kindermenue\/\"><img loading=\"lazy\" decoding=\"async\" class=\"aligncenter wp-image-1702 size-full lazyload\" data-src=\"https:\/\/ponteo.sk\/wp-content\/uploads\/2016\/09\/Ponteo-detske-menu.jpg\" alt=\"\" width=\"450\" height=\"300\" data-srcset=\"https:\/\/www.ponteo.sk\/wp-content\/uploads\/2016\/09\/Ponteo-detske-menu.jpg 450w, https:\/\/www.ponteo.sk\/wp-content\/uploads\/2016\/09\/Ponteo-detske-menu-300x200.jpg 300w, https:\/\/www.ponteo.sk\/wp-content\/uploads\/2016\/09\/Ponteo-detske-menu-75x50.jpg 75w\" data-sizes=\"(max-width: 450px) 100vw, 450px\" src=\"data:image\/gif;base64,R0lGODlhAQABAAAAACH5BAEKAAEALAAAAAABAAEAAAICTAEAOw==\" style=\"--smush-placeholder-width: 450px; --smush-placeholder-aspect-ratio: 450\/300;\" \/><noscript><img loading=\"lazy\" decoding=\"async\" class=\"aligncenter wp-image-1702 size-full\" src=\"https:\/\/ponteo.sk\/wp-content\/uploads\/2016\/09\/Ponteo-detske-menu.jpg\" alt=\"\" width=\"450\" height=\"300\" srcset=\"https:\/\/www.ponteo.sk\/wp-content\/uploads\/2016\/09\/Ponteo-detske-menu.jpg 450w, https:\/\/www.ponteo.sk\/wp-content\/uploads\/2016\/09\/Ponteo-detske-menu-300x200.jpg 300w, https:\/\/www.ponteo.sk\/wp-content\/uploads\/2016\/09\/Ponteo-detske-menu-75x50.jpg 75w\" sizes=\"(max-width: 450px) 100vw, 450px\" \/><\/noscript><\/a><\/p>\n<h3 style=\"text-align: center;\">Kindermen\u00fc<\/h3>\n<\/div>\n<\/div>\n<div class=\"csColumnGap\" style=\"margin: 0px; padding: 0px; float: left; width: 1.56%;\"><img decoding=\"async\" style=\"border: none;\" data-src=\"https:\/\/ponteo.sk\/wp-content\/plugins\/advanced-wp-columns\/assets\/js\/plugins\/views\/img\/1x1-pixel.png\" src=\"data:image\/gif;base64,R0lGODlhAQABAAAAACH5BAEKAAEALAAAAAABAAEAAAICTAEAOw==\" class=\"lazyload\" \/><noscript><img decoding=\"async\" style=\"border: none;\" data-src=\"https:\/\/ponteo.sk\/wp-content\/plugins\/advanced-wp-columns\/assets\/js\/plugins\/views\/img\/1x1-pixel.png\" src=\"data:image\/gif;base64,R0lGODlhAQABAAAAACH5BAEKAAEALAAAAAABAAEAAAICTAEAOw==\" class=\"lazyload\" \/><noscript><img decoding=\"async\" style=\"border: none;\" data-src=\"https:\/\/ponteo.sk\/wp-content\/plugins\/advanced-wp-columns\/assets\/js\/plugins\/views\/img\/1x1-pixel.png\" src=\"data:image\/gif;base64,R0lGODlhAQABAAAAACH5BAEKAAEALAAAAAABAAEAAAICTAEAOw==\" class=\"lazyload\" \/><noscript><img decoding=\"async\" style=\"border: none;\" data-src=\"https:\/\/ponteo.sk\/wp-content\/plugins\/advanced-wp-columns\/assets\/js\/plugins\/views\/img\/1x1-pixel.png\" src=\"data:image\/gif;base64,R0lGODlhAQABAAAAACH5BAEKAAEALAAAAAABAAEAAAICTAEAOw==\" class=\"lazyload\" \/><noscript><img decoding=\"async\" style=\"border: none;\" src=\"https:\/\/ponteo.sk\/wp-content\/plugins\/advanced-wp-columns\/assets\/js\/plugins\/views\/img\/1x1-pixel.png\" \/><\/noscript><\/noscript><\/noscript><\/noscript><\/div>\n<div class=\"csColumn\" style=\"margin: 0px; padding: 0px; float: left; width: 31.3%;\" data-csstartpoint=\"645\" data-csendpoint=\"945\" data-cswidth=\"31.3%\" data-csid=\"3b42e6cd-452a-41f0-8773-b7f6e95c8510\">\n<div class=\"vf_bg0\">\n<p><a href=\"https:\/\/ponteo.sk\/de\/restaurant\/getraenkekarte\/\"><img loading=\"lazy\" decoding=\"async\" class=\"aligncenter wp-image-1700 size-full lazyload\" style=\"--smush-placeholder-width: 450px; --smush-placeholder-aspect-ratio: 450\/300;display: block; margin-left: auto; margin-right: auto;\" data-src=\"https:\/\/ponteo.sk\/wp-content\/uploads\/2016\/09\/Ponteo-napojovy-listok.jpg\" alt=\"\" width=\"450\" height=\"300\" data-srcset=\"https:\/\/www.ponteo.sk\/wp-content\/uploads\/2016\/09\/Ponteo-napojovy-listok.jpg 450w, https:\/\/www.ponteo.sk\/wp-content\/uploads\/2016\/09\/Ponteo-napojovy-listok-300x200.jpg 300w, https:\/\/www.ponteo.sk\/wp-content\/uploads\/2016\/09\/Ponteo-napojovy-listok-75x50.jpg 75w\" data-sizes=\"(max-width: 450px) 100vw, 450px\" src=\"data:image\/gif;base64,R0lGODlhAQABAAAAACH5BAEKAAEALAAAAAABAAEAAAICTAEAOw==\" \/><noscript><img loading=\"lazy\" decoding=\"async\" class=\"aligncenter wp-image-1700 size-full\" style=\"display: block; margin-left: auto; margin-right: auto;\" src=\"https:\/\/ponteo.sk\/wp-content\/uploads\/2016\/09\/Ponteo-napojovy-listok.jpg\" alt=\"\" width=\"450\" height=\"300\" srcset=\"https:\/\/www.ponteo.sk\/wp-content\/uploads\/2016\/09\/Ponteo-napojovy-listok.jpg 450w, https:\/\/www.ponteo.sk\/wp-content\/uploads\/2016\/09\/Ponteo-napojovy-listok-300x200.jpg 300w, https:\/\/www.ponteo.sk\/wp-content\/uploads\/2016\/09\/Ponteo-napojovy-listok-75x50.jpg 75w\" sizes=\"(max-width: 450px) 100vw, 450px\" \/><\/noscript><\/a><\/p>\n<h3 style=\"text-align: center;\">Getr\u00e4nkekarte<\/h3>\n<\/div>\n<\/div>\n<div class=\"csColumnGap\" style=\"margin: 0px; padding: 0px; float: left; width: 1.56%;\"><img decoding=\"async\" style=\"border: none;\" data-src=\"https:\/\/ponteo.sk\/wp-content\/plugins\/advanced-wp-columns\/assets\/js\/plugins\/views\/img\/1x1-pixel.png\" src=\"data:image\/gif;base64,R0lGODlhAQABAAAAACH5BAEKAAEALAAAAAABAAEAAAICTAEAOw==\" class=\"lazyload\" \/><noscript><img decoding=\"async\" style=\"border: none;\" data-src=\"https:\/\/ponteo.sk\/wp-content\/plugins\/advanced-wp-columns\/assets\/js\/plugins\/views\/img\/1x1-pixel.png\" src=\"data:image\/gif;base64,R0lGODlhAQABAAAAACH5BAEKAAEALAAAAAABAAEAAAICTAEAOw==\" class=\"lazyload\" \/><noscript><img decoding=\"async\" style=\"border: none;\" data-src=\"https:\/\/ponteo.sk\/wp-content\/plugins\/advanced-wp-columns\/assets\/js\/plugins\/views\/img\/1x1-pixel.png\" src=\"data:image\/gif;base64,R0lGODlhAQABAAAAACH5BAEKAAEALAAAAAABAAEAAAICTAEAOw==\" class=\"lazyload\" \/><noscript><img decoding=\"async\" style=\"border: none;\" data-src=\"https:\/\/ponteo.sk\/wp-content\/plugins\/advanced-wp-columns\/assets\/js\/plugins\/views\/img\/1x1-pixel.png\" src=\"data:image\/gif;base64,R0lGODlhAQABAAAAACH5BAEKAAEALAAAAAABAAEAAAICTAEAOw==\" class=\"lazyload\" \/><noscript><img decoding=\"async\" style=\"border: none;\" src=\"https:\/\/ponteo.sk\/wp-content\/plugins\/advanced-wp-columns\/assets\/js\/plugins\/views\/img\/1x1-pixel.png\" \/><\/noscript><\/noscript><\/noscript><\/noscript><\/div>\n<div style=\"clear: both; float: none; display: block; visibility: hidden; width: 0px; font-size: 0px; line-height: 0;\"><\/div>\n<\/div>\n<hr style=\"color: #b9d986; background-color: #b9d986; height: 1px;\" \/>\n<p><center><iframe loading=\"lazy\" style=\"border: 0;\" data-src=\"https:\/\/www.google.com\/maps\/embed?pb=!1m0!3m2!1scs!2sus!4v1463595703977!6m8!1m7!1sNQSujXbyISsAAAQvOqHsxA!2m2!1d48.04178456448517!2d17.15818793123344!3f98.3788798652294!4f-4.713314602493895!5f0.7820865974627469\" width=\"810\" height=\"435\" frameborder=\"0\" allowfullscreen=\"allowfullscreen\" data-mce-fragment=\"1\" src=\"data:image\/gif;base64,R0lGODlhAQABAAAAACH5BAEKAAEALAAAAAABAAEAAAICTAEAOw==\" class=\"lazyload\" data-load-mode=\"1\"><\/iframe><\/center><\/p>\n","protected":false},"excerpt":{"rendered":"<p>RESTAURANT Ein Ort, auf den Sie immer Appetit haben werden Erleben Sie den Genuss der heimischen und internationalen K\u00fcche in einer angenehmen und stilvollen Atmosph\u00e4re. Alle unsere Speisen sind unseren unsere Originalrezepte unter Ber\u00fccksichtigung der Grundprinzipien unserer K\u00fcche. Das Komfortrestaurant<\/p>\n","protected":false},"author":4,"featured_media":40545,"parent":0,"menu_order":0,"comment_status":"closed","ping_status":"closed","template":"page-templates\/business-two.php","meta":{"footnotes":""},"yoast_head":"<!-- This site is optimized with the Yoast SEO plugin v23.2 - https:\/\/yoast.com\/wordpress\/plugins\/seo\/ -->\n<title>Restaurant | Hotel 4* PONTEO<\/title>\n<meta name=\"robots\" content=\"index, follow, max-snippet:-1, max-image-preview:large, max-video-preview:-1\" \/>\n<link rel=\"canonical\" href=\"https:\/\/www.ponteo.sk\/de\/restaurant\/\" \/>\n<meta property=\"og:locale\" content=\"de_DE\" \/>\n<meta property=\"og:type\" content=\"article\" \/>\n<meta property=\"og:title\" content=\"Restaurant | Hotel 4* PONTEO\" \/>\n<meta property=\"og:description\" content=\"RESTAURANT Ein Ort, auf den Sie immer Appetit haben werden Erleben Sie den Genuss der heimischen und internationalen K\u00fcche in einer angenehmen und stilvollen Atmosph\u00e4re. Alle unsere Speisen sind unseren unsere Originalrezepte unter Ber\u00fccksichtigung der Grundprinzipien unserer K\u00fcche. Das Komfortrestaurant\" \/>\n<meta property=\"og:url\" content=\"https:\/\/www.ponteo.sk\/de\/restaurant\/\" \/>\n<meta property=\"og:site_name\" content=\"Hotel 4* PONTEO\" \/>\n<meta property=\"article:publisher\" content=\"https:\/\/www.facebook.com\/ponteo\/\" \/>\n<meta property=\"article:modified_time\" content=\"2024-08-20T17:33:02+00:00\" \/>\n<meta property=\"og:image\" content=\"https:\/\/www.ponteo.sk\/wp-content\/uploads\/2024\/08\/Sepiove-rizoto-kalamare320x230.jpg\" \/>\n\t<meta property=\"og:image:width\" content=\"320\" \/>\n\t<meta property=\"og:image:height\" content=\"230\" \/>\n\t<meta property=\"og:image:type\" content=\"image\/jpeg\" \/>\n<meta name=\"twitter:card\" content=\"summary_large_image\" \/>\n<meta name=\"twitter:label1\" content=\"Gesch\u00e4tzte Lesezeit\" \/>\n\t<meta name=\"twitter:data1\" content=\"3\u00a0Minuten\" \/>\n<script type=\"application\/ld+json\" class=\"yoast-schema-graph\">{\"@context\":\"https:\/\/schema.org\",\"@graph\":[{\"@type\":\"WebPage\",\"@id\":\"https:\/\/www.ponteo.sk\/de\/restaurant\/\",\"url\":\"https:\/\/www.ponteo.sk\/de\/restaurant\/\",\"name\":\"Restaurant | Hotel 4* PONTEO\",\"isPartOf\":{\"@id\":\"https:\/\/www.ponteo.sk\/#website\"},\"primaryImageOfPage\":{\"@id\":\"https:\/\/www.ponteo.sk\/de\/restaurant\/#primaryimage\"},\"image\":{\"@id\":\"https:\/\/www.ponteo.sk\/de\/restaurant\/#primaryimage\"},\"thumbnailUrl\":\"https:\/\/www.ponteo.sk\/wp-content\/uploads\/2024\/08\/Sepiove-rizoto-kalamare320x230.jpg\",\"datePublished\":\"2017-01-12T11:15:36+00:00\",\"dateModified\":\"2024-08-20T17:33:02+00:00\",\"breadcrumb\":{\"@id\":\"https:\/\/www.ponteo.sk\/de\/restaurant\/#breadcrumb\"},\"inLanguage\":\"de\",\"potentialAction\":[{\"@type\":\"ReadAction\",\"target\":[\"https:\/\/www.ponteo.sk\/de\/restaurant\/\"]}]},{\"@type\":\"ImageObject\",\"inLanguage\":\"de\",\"@id\":\"https:\/\/www.ponteo.sk\/de\/restaurant\/#primaryimage\",\"url\":\"https:\/\/www.ponteo.sk\/wp-content\/uploads\/2024\/08\/Sepiove-rizoto-kalamare320x230.jpg\",\"contentUrl\":\"https:\/\/www.ponteo.sk\/wp-content\/uploads\/2024\/08\/Sepiove-rizoto-kalamare320x230.jpg\",\"width\":320,\"height\":230},{\"@type\":\"BreadcrumbList\",\"@id\":\"https:\/\/www.ponteo.sk\/de\/restaurant\/#breadcrumb\",\"itemListElement\":[{\"@type\":\"ListItem\",\"position\":1,\"name\":\"Domov\",\"item\":\"https:\/\/www.ponteo.sk\/de\/\"},{\"@type\":\"ListItem\",\"position\":2,\"name\":\"Restaurant\"}]},{\"@type\":\"WebSite\",\"@id\":\"https:\/\/www.ponteo.sk\/#website\",\"url\":\"https:\/\/www.ponteo.sk\/\",\"name\":\"Hotel 4* PONTEO\",\"description\":\"Miesto, ktor\u00e9 v\u00e1m zostane v srdci\",\"potentialAction\":[{\"@type\":\"SearchAction\",\"target\":{\"@type\":\"EntryPoint\",\"urlTemplate\":\"https:\/\/www.ponteo.sk\/?s={search_term_string}\"},\"query-input\":\"required name=search_term_string\"}],\"inLanguage\":\"de\"}]}<\/script>\n<!-- \/ Yoast SEO plugin. -->","yoast_head_json":{"title":"Restaurant | Hotel 4* PONTEO","robots":{"index":"index","follow":"follow","max-snippet":"max-snippet:-1","max-image-preview":"max-image-preview:large","max-video-preview":"max-video-preview:-1"},"canonical":"https:\/\/www.ponteo.sk\/de\/restaurant\/","og_locale":"de_DE","og_type":"article","og_title":"Restaurant | Hotel 4* PONTEO","og_description":"RESTAURANT Ein Ort, auf den Sie immer Appetit haben werden Erleben Sie den Genuss der heimischen und internationalen K\u00fcche in einer angenehmen und stilvollen Atmosph\u00e4re. Alle unsere Speisen sind unseren unsere Originalrezepte unter Ber\u00fccksichtigung der Grundprinzipien unserer K\u00fcche. Das Komfortrestaurant","og_url":"https:\/\/www.ponteo.sk\/de\/restaurant\/","og_site_name":"Hotel 4* PONTEO","article_publisher":"https:\/\/www.facebook.com\/ponteo\/","article_modified_time":"2024-08-20T17:33:02+00:00","og_image":[{"width":320,"height":230,"url":"https:\/\/www.ponteo.sk\/wp-content\/uploads\/2024\/08\/Sepiove-rizoto-kalamare320x230.jpg","type":"image\/jpeg"}],"twitter_card":"summary_large_image","twitter_misc":{"Gesch\u00e4tzte Lesezeit":"3\u00a0Minuten"},"schema":{"@context":"https:\/\/schema.org","@graph":[{"@type":"WebPage","@id":"https:\/\/www.ponteo.sk\/de\/restaurant\/","url":"https:\/\/www.ponteo.sk\/de\/restaurant\/","name":"Restaurant | Hotel 4* PONTEO","isPartOf":{"@id":"https:\/\/www.ponteo.sk\/#website"},"primaryImageOfPage":{"@id":"https:\/\/www.ponteo.sk\/de\/restaurant\/#primaryimage"},"image":{"@id":"https:\/\/www.ponteo.sk\/de\/restaurant\/#primaryimage"},"thumbnailUrl":"https:\/\/www.ponteo.sk\/wp-content\/uploads\/2024\/08\/Sepiove-rizoto-kalamare320x230.jpg","datePublished":"2017-01-12T11:15:36+00:00","dateModified":"2024-08-20T17:33:02+00:00","breadcrumb":{"@id":"https:\/\/www.ponteo.sk\/de\/restaurant\/#breadcrumb"},"inLanguage":"de","potentialAction":[{"@type":"ReadAction","target":["https:\/\/www.ponteo.sk\/de\/restaurant\/"]}]},{"@type":"ImageObject","inLanguage":"de","@id":"https:\/\/www.ponteo.sk\/de\/restaurant\/#primaryimage","url":"https:\/\/www.ponteo.sk\/wp-content\/uploads\/2024\/08\/Sepiove-rizoto-kalamare320x230.jpg","contentUrl":"https:\/\/www.ponteo.sk\/wp-content\/uploads\/2024\/08\/Sepiove-rizoto-kalamare320x230.jpg","width":320,"height":230},{"@type":"BreadcrumbList","@id":"https:\/\/www.ponteo.sk\/de\/restaurant\/#breadcrumb","itemListElement":[{"@type":"ListItem","position":1,"name":"Domov","item":"https:\/\/www.ponteo.sk\/de\/"},{"@type":"ListItem","position":2,"name":"Restaurant"}]},{"@type":"WebSite","@id":"https:\/\/www.ponteo.sk\/#website","url":"https:\/\/www.ponteo.sk\/","name":"Hotel 4* PONTEO","description":"Miesto, ktor\u00e9 v\u00e1m zostane v srdci","potentialAction":[{"@type":"SearchAction","target":{"@type":"EntryPoint","urlTemplate":"https:\/\/www.ponteo.sk\/?s={search_term_string}"},"query-input":"required name=search_term_string"}],"inLanguage":"de"}]}},"_links":{"self":[{"href":"https:\/\/www.ponteo.sk\/de\/wp-json\/wp\/v2\/pages\/4268"}],"collection":[{"href":"https:\/\/www.ponteo.sk\/de\/wp-json\/wp\/v2\/pages"}],"about":[{"href":"https:\/\/www.ponteo.sk\/de\/wp-json\/wp\/v2\/types\/page"}],"author":[{"embeddable":true,"href":"https:\/\/www.ponteo.sk\/de\/wp-json\/wp\/v2\/users\/4"}],"replies":[{"embeddable":true,"href":"https:\/\/www.ponteo.sk\/de\/wp-json\/wp\/v2\/comments?post=4268"}],"version-history":[{"count":49,"href":"https:\/\/www.ponteo.sk\/de\/wp-json\/wp\/v2\/pages\/4268\/revisions"}],"predecessor-version":[{"id":40578,"href":"https:\/\/www.ponteo.sk\/de\/wp-json\/wp\/v2\/pages\/4268\/revisions\/40578"}],"wp:featuredmedia":[{"embeddable":true,"href":"https:\/\/www.ponteo.sk\/de\/wp-json\/wp\/v2\/media\/40545"}],"wp:attachment":[{"href":"https:\/\/www.ponteo.sk\/de\/wp-json\/wp\/v2\/media?parent=4268"}],"curies":[{"name":"wp","href":"https:\/\/api.w.org\/{rel}","templated":true}]}}