{"id":5356,"date":"2017-04-27T11:13:00","date_gmt":"2017-04-27T09:13:00","guid":{"rendered":"http:\/\/ponteo.sk\/?page_id=5356\/"},"modified":"2025-01-09T16:33:47","modified_gmt":"2025-01-09T15:33:47","slug":"weinkarte","status":"publish","type":"page","link":"https:\/\/www.ponteo.sk\/de\/restaurant\/getraenkekarte\/weinkarte\/","title":{"rendered":"Weinkarte"},"content":{"rendered":"<p><img loading=\"lazy\" decoding=\"async\" class=\"aligncenter wp-image-5346 size-full lazyload\" data-src=\"https:\/\/ponteo.sk\/wp-content\/uploads\/2017\/04\/vinna-karta-Ponteo-vino-1.jpg\" alt=\"\" width=\"1100\" height=\"550\" data-srcset=\"https:\/\/www.ponteo.sk\/wp-content\/uploads\/2017\/04\/vinna-karta-Ponteo-vino-1.jpg 1100w, https:\/\/www.ponteo.sk\/wp-content\/uploads\/2017\/04\/vinna-karta-Ponteo-vino-1-300x150.jpg 300w, https:\/\/www.ponteo.sk\/wp-content\/uploads\/2017\/04\/vinna-karta-Ponteo-vino-1-768x384.jpg 768w, https:\/\/www.ponteo.sk\/wp-content\/uploads\/2017\/04\/vinna-karta-Ponteo-vino-1-1024x512.jpg 1024w\" data-sizes=\"(max-width: 1100px) 100vw, 1100px\" src=\"data:image\/gif;base64,R0lGODlhAQABAAAAACH5BAEKAAEALAAAAAABAAEAAAICTAEAOw==\" style=\"--smush-placeholder-width: 1100px; --smush-placeholder-aspect-ratio: 1100\/550;\" \/><noscript><img loading=\"lazy\" decoding=\"async\" class=\"aligncenter wp-image-5346 size-full\" src=\"https:\/\/ponteo.sk\/wp-content\/uploads\/2017\/04\/vinna-karta-Ponteo-vino-1.jpg\" alt=\"\" width=\"1100\" height=\"550\" srcset=\"https:\/\/www.ponteo.sk\/wp-content\/uploads\/2017\/04\/vinna-karta-Ponteo-vino-1.jpg 1100w, https:\/\/www.ponteo.sk\/wp-content\/uploads\/2017\/04\/vinna-karta-Ponteo-vino-1-300x150.jpg 300w, https:\/\/www.ponteo.sk\/wp-content\/uploads\/2017\/04\/vinna-karta-Ponteo-vino-1-768x384.jpg 768w, https:\/\/www.ponteo.sk\/wp-content\/uploads\/2017\/04\/vinna-karta-Ponteo-vino-1-1024x512.jpg 1024w\" sizes=\"(max-width: 1100px) 100vw, 1100px\" \/><\/noscript><\/p>\n<h1 style=\"text-align: center;\">Weinkarte<\/h1>\n<h2 style=\"text-align: center;\">Weinliebhabern legen wir ganz besonders unsere neue Weinkarte<strong>\u00a0<\/strong>ans Herz.<\/h2>\n<p style=\"text-align: center;\">Hier finden Sie 38 Qualit\u00e4tsweine, Champagner und Schaumwein aus der Slowakei und aller Welt.<\/p>\n<div class=\"csRow\">\n<div class=\"csColumnGap\" style=\"margin: 0px; padding: 0px; float: left; width: 1.56%;\"><\/div>\n<div class=\"csColumnGap\" style=\"margin: 0px; padding: 0px; float: left; width: 1.56%;\"><img decoding=\"async\" style=\"border: none;\" data-src=\"https:\/\/ponteo.sk\/wp-content\/plugins\/advanced-wp-columns\/assets\/js\/plugins\/views\/img\/1x1-pixel.png\" src=\"data:image\/gif;base64,R0lGODlhAQABAAAAACH5BAEKAAEALAAAAAABAAEAAAICTAEAOw==\" class=\"lazyload\" \/><noscript><img decoding=\"async\" style=\"border: none;\" src=\"https:\/\/ponteo.sk\/wp-content\/plugins\/advanced-wp-columns\/assets\/js\/plugins\/views\/img\/1x1-pixel.png\" \/><\/noscript><\/div>\n<div style=\"clear: both; float: none; display: block; visibility: hidden; width: 0px; font-size: 0px; line-height: 0;\"><\/div>\n<\/div>\n<hr style=\"color: #b9d986; background-color: #b9d986; height: 1px;\" \/>\n<h1 style=\"text-align: center;\">France<\/h1>\n<h2 style=\"text-align: center;\">Champagne<\/h2>\n<hr style=\"color: #b9d986; background-color: #b9d986; height: 1px; width: 15%;\" \/>\n<h4 style=\"text-align: center;\">Champagne Brut Reserve Boisel<\/h4>\n<p style=\"text-align: center;\">Variety of wine: Chardonnay, Pinot Noir and Pinot Meunier.<\/p>\n<p style=\"text-align: center;\"><strong>0,75 l |89,- EUR<\/strong><\/p>\n<hr style=\"color: #b9d986; background-color: #b9d986; height: 1px; width: 15%;\" \/>\n<h4 style=\"text-align: center;\">Champagne MonopoleHeidsieck&amp;Co, Blue Top Brut<\/h4>\n<p style=\"text-align: center;\">Variety of wine:\u00a0 Chardonnay, Pinot Noir a Pinot Meunier.<\/p>\n<p style=\"text-align: center;\"><strong>0,75 l |65,- EUR<\/strong><\/p>\n<hr style=\"color: #b9d986; background-color: #b9d986; height: 1px;\" \/>\n<h1 style=\"text-align: center;\">Italy<\/h1>\n<h2 style=\"text-align: center;\">Prosecco<\/h2>\n<hr style=\"color: #b9d986; background-color: #b9d986; height: 1px; width: 15%;\" \/>\n<h4 style=\"text-align: center;\"><b>Prosecco DOC , Treviso Brut, spumante<\/b><\/h4>\n<p style=\"text-align: center;\">Variety of wine : Glera 100% (v minulosti zn\u00e1ma ako prosecco)<\/p>\n<p style=\"text-align: center;\"><strong>0,10 l\u00a0| 3,80\u00a0EUR<\/strong><\/p>\n<hr style=\"color: #b9d986; background-color: #b9d986; height: 1px; width: 15%;\" \/>\n<h4 style=\"text-align: center;\">Prosecco Rosse, Contarini, extra dry<\/h4>\n<p style=\"text-align: center;\">Variety of wine : Glera 85% (v minulosti zn\u00e1ma ako prosecco), Pinot Nero 15%<\/p>\n<p style=\"text-align: center;\"><strong>0,10 l | 3,80 EUR<\/strong><\/p>\n<hr style=\"color: #b9d986; background-color: #b9d986; height: 1px;\" \/>\n<h1 style=\"text-align: center;\">Slowakei<\/h1>\n<h2 style=\"text-align: center;\">Schaumwein<\/h2>\n<hr style=\"color: #b9d986; background-color: #b9d986; height: 1px; width: 15%;\" \/>\n<h4 style=\"text-align: center;\"><b>Hubert <\/b><b>Brut,<\/b><b> Demi sec, De Luxe<\/b><\/h4>\n<p style=\"text-align: center;\">Variety of wine : Cuv\u00e9e from Irsay Oliver, Mu\u0161k\u00e1t Ottonel a Moravsk\u00fd mu\u0161k\u00e1t.<\/p>\n<p style=\"text-align: center;\"><strong>0,75 l | 27,- EUR<\/strong><\/p>\n<hr style=\"color: #b9d986; background-color: #b9d986; height: 1px; width: 15%;\" \/>\n<h4 style=\"text-align: center;\"><b>Rizling r\u00fdnsky, frizzante, VVD Dvory nad \u017ditavou, semidry<\/b><\/h4>\n<p style=\"text-align: center;\">Variety of wine : Rizling r\u00fdnsky.<\/p>\n<p style=\"text-align: center;\"><strong>0,15 l\u00a0| 5,30 EUR<\/strong><\/p>\n<hr style=\"color: #b9d986; background-color: #b9d986; height: 1px; width: 15%;\" \/>\n<h4 style=\"text-align: center;\"><b>\u00a0ST George Cabernet sauvignon ros\u00e9, vin\u00e1rstvo Dubovsk\u00fd&amp; Gran\u010di\u010d, semidry<br \/>\n<\/b><\/h4>\n<p style=\"text-align: center;\"><strong>0,75 l\u00a0| 25,- EUR<\/strong><\/p>\n<hr style=\"color: #b9d986; background-color: #b9d986; height: 1px;\" \/>\n<h1 style=\"text-align: center;\">Slowakei<\/h1>\n<h2 id=\"firstHeading\" class=\"firstHeading\" lang=\"de\" style=\"text-align: center;\">Wei\u00dfwein<\/h2>\n<hr style=\"color: #b9d986; background-color: #b9d986; height: 1px; width: 15%;\" \/>\n<h4 style=\"text-align: center;\">Rizling vla\u0161sk\u00fd,\u00a0 VVD Dvory nad \u017ditavou, ddry<\/h4>\n<p style=\"text-align: center;\"><strong>0,10 l| 2,80 EUR<\/strong><\/p>\n<hr style=\"color: #b9d986; background-color: #b9d986; height: 1px; width: 15%;\" \/>\n<h4 style=\"text-align: center;\">Chardonnay, VPS Pavelka a syn, dry<\/h4>\n<p style=\"text-align: center;\"><strong>0,10 l| 2,80 EUR<\/strong><\/p>\n<hr style=\"color: #b9d986; background-color: #b9d986; height: 1px; width: 15%;\" \/>\n<h4 style=\"text-align: center;\">Pinotblanc, VVD Dvory nad \u017ditavou, semidry<\/h4>\n<h4 style=\"text-align: center;\"><strong>0,10 l| 2,80 EUR<\/strong><\/h4>\n<hr style=\"color: #b9d986; background-color: #b9d986; height: 1px; width: 15%;\" \/>\n<h4 style=\"text-align: center;\">Rizling r\u00fdnsky, Rariga, dry<\/h4>\n<p style=\"text-align: center;\"><strong>0,75 l\u00a0| 26,-\u00a0EUR<\/strong><\/p>\n<hr style=\"color: #b9d986; background-color: #b9d986; height: 1px; width: 15%;\" \/>\n<h4 style=\"text-align: center;\">Sauvignon, Nichta, dry<\/h4>\n<p style=\"text-align: center;\"><strong>0,75 l\u00a0| 22,- EUR<\/strong><\/p>\n<hr style=\"color: #b9d986; background-color: #b9d986; height: 1px; width: 15%;\" \/>\n<h4 style=\"text-align: center;\">P\u00e1lava, vin\u00e1rstvo Dubovsk\u00fd &amp; Gran\u010di\u010d, semiddry<\/h4>\n<p style=\"text-align: center;\"><strong>0,75 l\u00a0| 25,- EUR<\/strong><\/p>\n<hr style=\"color: #b9d986; background-color: #b9d986; height: 1px; width: 15%;\" \/>\n<h4 style=\"text-align: center;\">Rulandsk\u00e9 \u0161ed\u00e9, Bellawinery, dry<\/h4>\n<p style=\"text-align: center;\"><strong>0,75 l\u00a0| 26,- EUR<\/strong><\/p>\n<hr style=\"color: #b9d986; background-color: #b9d986; height: 1px; width: 15%;\" \/>\n<h4 style=\"text-align: center;\">Noria, Chateau R\u00faba\u0148, semidry<\/h4>\n<p style=\"text-align: center;\"><strong>0,75 l\u00a0| 29,50 EUR<\/strong><\/p>\n<hr style=\"color: #b9d986; background-color: #b9d986; height: 1px;\" \/>\n<h1 style=\"text-align: center;\">Slowakei<\/h1>\n<h2 style=\"text-align: center;\">Ros\u00e9wein<\/h2>\n<hr style=\"color: #b9d986; background-color: #b9d986; height: 1px; width: 15%;\" \/>\n<h4 style=\"text-align: center;\">\u00a0Sv\u00e4tovavrineck\u00e9, Repa winery, dry<\/h4>\n<h4 style=\"text-align: center;\"><strong>0,10 l\u00a0| 2,80 EUR<\/strong><\/h4>\n<hr style=\"color: #b9d986; background-color: #b9d986; height: 1px; width: 15%;\" \/>\n<h4 style=\"text-align: center;\">Cabernet Sauvignon ros\u00e9, VVD Dvory nad \u017ditavou , semidry<\/h4>\n<h4 style=\"text-align: center;\"><strong>0,10 l | 2,80 EUR<\/strong><\/h4>\n<hr style=\"color: #b9d986; background-color: #b9d986; height: 1px; width: 15%;\" \/>\n<h4 style=\"text-align: center;\">Merlot ros\u00e9, Terra Wylak, semidry<\/h4>\n<h4 style=\"text-align: center;\"><strong>0,75 l\u00a0| 22,- EUR<\/strong><\/h4>\n<hr style=\"color: #b9d986; background-color: #b9d986; height: 1px;\" \/>\n<h1 style=\"text-align: center;\">Deutschland<\/h1>\n<h2 id=\"firstHeading\" class=\"firstHeading\" lang=\"de\" style=\"text-align: center;\">Wei\u00dfwein<\/h2>\n<hr style=\"color: #b9d986; background-color: #b9d986; height: 1px; width: 15%;\" \/>\n<h4 style=\"text-align: center;\">DR. LOOSEN, Riesling Mosel, ddry<i><\/i><\/h4>\n<p style=\"text-align: center;\"><strong>0,10 l\u00a0| 2,80 EUR<br \/>\n0,75 l\u00a0| 21,- EUR<br \/>\n<\/strong><\/p>\n<hr style=\"color: #b9d986; background-color: #b9d986; height: 1px; width: 15%;\" \/>\n<h4 style=\"text-align: center;\">WILLA WOLF, Pinot Gris, Mosel, dry<i><\/i><\/h4>\n<p style=\"text-align: center;\"><strong>0,75 l\u00a0|24 EUR<\/strong><\/p>\n<hr style=\"color: #b9d986; background-color: #b9d986; height: 1px; width: 15%;\" \/>\n<h4 style=\"text-align: center;\">\u00a0\u00a0<b>NICK KOWERICH,<\/b> <b>Riesling<\/b> <b>Einblick No.1, Mosel, dry<\/b><i><\/i><\/h4>\n<p style=\"text-align: center;\"><strong>0,75 l\u00a0| 26 EUR<\/strong><\/p>\n<hr style=\"color: #b9d986; background-color: #b9d986; height: 1px; width: 15%;\" \/>\n<h4 style=\"text-align: center;\"><b>WILLA WOLF,<\/b>\u00a0Pinot Noir Rose<b>, Mosel, dry<\/b><i><\/i><\/h4>\n<p style=\"text-align: center;\"><strong>0,10 l\u00a0| 2,80 EUR<br \/>\n<\/strong><strong>0,75 l\u00a0| 21 EUR<\/strong><\/p>\n<hr style=\"color: #b9d986; background-color: #b9d986; height: 1px;\" \/>\n<h1 style=\"text-align: center;\">Italien<\/h1>\n<h2 id=\"firstHeading\" class=\"firstHeading\" lang=\"de\" style=\"text-align: center;\">Wei\u00dfwein<\/h2>\n<hr style=\"color: #b9d986; background-color: #b9d986; height: 1px; width: 15%;\" \/>\n<h4 style=\"text-align: center;\">KALTERN CALDARO, Pinot Grigio 2015<\/h4>\n<h4 style=\"text-align: center;\"><strong>0,75 l\u00a0| 25,90\u00a0EUR<\/strong><\/h4>\n<hr style=\"color: #b9d986; background-color: #b9d986; height: 1px; width: 15%;\" \/>\n<h4 style=\"text-align: center;\">KALTERN CALDARO, Sauvignon 2015<\/h4>\n<h4 style=\"text-align: center;\"><strong>0,75 l\u00a0| 25,90\u00a0EUR<\/strong><\/h4>\n<hr style=\"color: #b9d986; background-color: #b9d986; height: 1px;\" \/>\n<h1 style=\"text-align: center;\">France<\/h1>\n<h2 id=\"firstHeading\" class=\"firstHeading\" lang=\"de\" style=\"text-align: center;\">Wei\u00dfwein<\/h2>\n<hr style=\"color: #b9d986; background-color: #b9d986; height: 1px; width: 15%;\" \/>\n<h4 style=\"text-align: center;\">KALTERN CALDARO, Pinot Grigio 2015<\/h4>\n<h4 style=\"text-align: center;\"><strong>0,75 l\u00a0| 25,90\u00a0EUR<\/strong><\/h4>\n<hr style=\"color: #b9d986; background-color: #b9d986; height: 1px; width: 15%;\" \/>\n<h4 style=\"text-align: center;\">KALTERN CALDARO, Sauvignon 2015<\/h4>\n<h4 style=\"text-align: center;\"><strong>0,75 l\u00a0| 25,90\u00a0EUR<\/strong><\/h4>\n<hr style=\"color: #b9d986; background-color: #b9d986; height: 1px;\" \/>\n<h1 style=\"text-align: center;\">Neuseeland<\/h1>\n<h2 id=\"firstHeading\" class=\"firstHeading\" lang=\"de\" style=\"text-align: center;\">Wei\u00dfwein<\/h2>\n<hr style=\"color: #b9d986; background-color: #b9d986; height: 1px; width: 15%;\" \/>\n<h4 style=\"text-align: center;\">Grand Barossa, Chardonnay, Austr\u00e1lia<i><\/i><\/h4>\n<p style=\"text-align: center;\"><strong>0,75 l\u00a0| 32,90\u00a0EUR<\/strong><\/p>\n<hr style=\"color: #b9d986; background-color: #b9d986; height: 1px; width: 15%;\" \/>\n<h4 style=\"text-align: center;\">Malborough\u00a0Astrolabe province, Sauvignon blanc, Nov\u00fd Z\u00e9land<\/h4>\n<p style=\"text-align: center;\"><strong>0,75 l\u00a0| 32,90\u00a0EUR<\/strong><\/p>\n<hr style=\"color: #b9d986; background-color: #b9d986; height: 1px;\" \/>\n<h1 style=\"text-align: center;\">Slowakei<\/h1>\n<h2 style=\"text-align: center;\">Rotwein<\/h2>\n<hr style=\"color: #b9d986; background-color: #b9d986; height: 1px; width: 15%;\" \/>\n<h4 style=\"text-align: center;\"><strong>Frankovka modr\u00e1,\u00a0 VVD Dvory nad \u017ditavou ,such\u00e9<\/strong><\/h4>\n<p style=\"text-align: center;\"><strong>0,10 l | 2,80 EUR<\/strong><\/p>\n<hr style=\"color: #b9d986; background-color: #b9d986; height: 1px; width: 15%;\" \/>\n<h4 style=\"text-align: center;\"><strong>\u010cerven\u00fd bar\u00f3n,<\/strong><strong>Ballawinery, such\u00e9<\/strong><\/h4>\n<p style=\"text-align: center;\"><strong>0,75 l\u00a0| 26,- EUR<\/strong><\/p>\n<hr style=\"color: #b9d986; background-color: #b9d986; height: 1px; width: 15%;\" \/>\n<h4 style=\"text-align: center;\">Cabernet Sauvignon, Mrva&amp;Stanko, such\u00e9<\/h4>\n<p style=\"text-align: center;\"><strong>0,75 l\u00a0| 29,50\u00a0EUR<\/strong><\/p>\n<hr style=\"color: #b9d986; background-color: #b9d986; height: 1px; width: 15%;\" \/>\n<h4 style=\"text-align: center;\"><strong>Dunaj, Juraj Z\u00e1pra\u017en\u00fd, such\u00e9<\/strong><\/h4>\n<p style=\"text-align: center;\"><strong>0,75 l\u00a0| 29,50 EUR<\/strong><\/p>\n<hr style=\"color: #b9d986; background-color: #b9d986; height: 1px; width: 15%;\" \/>\n<h4 style=\"text-align: center;\">Frankovka modr\u00e1 Terroir, Nichta, such\u00e9<\/h4>\n<p style=\"text-align: center;\"><strong>0,75 l\u00a0| 26,- EUR<\/strong><\/p>\n<hr style=\"color: #b9d986; background-color: #b9d986; height: 1px;\" \/>\n<h1 style=\"text-align: center;\">France<\/h1>\n<h2 style=\"text-align: center;\">Rotwein<\/h2>\n<hr style=\"color: #b9d986; background-color: #b9d986; height: 1px; width: 15%;\" \/>\n<h4 style=\"text-align: center;\">Roche Audran , ROUGE 2014, AOP C\u00f4tes du Rh\u00f4ne Rouge<\/h4>\n<p style=\"text-align: center;\">Variety of wine : 70% Grenache, 15% Syrah, 15% Carignan.<\/p>\n<h4 style=\"text-align: center;\"><strong>0,75 l\u00a0| 25,50 EUR<\/strong><\/h4>\n<hr style=\"color: #b9d986; background-color: #b9d986; height: 1px; width: 15%;\" \/>\n<h4 style=\"text-align: center;\">CHATEAU CAMENSAC, Haut-M\u00e9doc, 2009<\/h4>\n<p style=\"text-align: center;\">Variety of wine : Kup\u00e1\u017e 55% Cabernet Sauvignon a 45% Merlot<i><\/i><\/p>\n<p style=\"text-align: center;\"><strong>0,7 l\u00a0| 69,- EUR<\/strong><\/p>\n<hr style=\"color: #b9d986; background-color: #b9d986; height: 1px;\" \/>\n<h1 style=\"text-align: center;\">Italien<\/h1>\n<h2 style=\"text-align: center;\">Rotwein<\/h2>\n<hr style=\"color: #b9d986; background-color: #b9d986; height: 1px; width: 15%;\" \/>\n<h4 style=\"text-align: center;\">Famiglia Zingarelli, Chianti Classico Riserva<\/h4>\n<p style=\"text-align: center;\"><strong>0,75 l\u00a0| 38,50\u00a0EUR<\/strong><\/p>\n<hr style=\"color: #b9d986; background-color: #b9d986; height: 1px; width: 15%;\" \/>\n<h4 style=\"text-align: center;\">Villa DonoraticoRosso , Bolgheri,<\/h4>\n<p style=\"text-align: center;\">Tenuta Argentiera , Tuscany<\/p>\n<p style=\"text-align: center;\">Variety of wine :50% Cabernet Sauvignon, 30% Merlot, 15% Cabernet Franc, 5% Petit Verdot<\/p>\n<p style=\"text-align: center;\"><strong>0,75 l\u00a0| 49 EUR<\/strong><\/p>\n<hr style=\"color: #b9d986; background-color: #b9d986; height: 1px; width: 15%;\" \/>\n<h4 style=\"text-align: center;\">Papale Primit\u00edvo di Manduria<\/h4>\n<p style=\"text-align: center;\">Variety of wine: 100% Primitivo<\/p>\n<p style=\"text-align: center;\"><strong>0,75 l\u00a0| 23,90\u00a0EUR<\/strong><\/p>\n<hr style=\"color: #b9d986; background-color: #b9d986; height: 1px;\" \/>\n<p style=\"text-align: center;\">\n","protected":false},"excerpt":{"rendered":"<p>Weinkarte Weinliebhabern legen wir ganz besonders unsere neue Weinkarte\u00a0ans Herz. Hier finden Sie 38 Qualit\u00e4tsweine, Champagner und Schaumwein aus der Slowakei und aller Welt. France Champagne Champagne Brut Reserve Boisel Variety of wine: Chardonnay, Pinot Noir and Pinot Meunier. 0,75<\/p>\n","protected":false},"author":4,"featured_media":29932,"parent":4272,"menu_order":0,"comment_status":"closed","ping_status":"closed","template":"page-templates\/business-two.php","meta":{"footnotes":""},"yoast_head":"<!-- This site is optimized with the Yoast SEO plugin v23.2 - https:\/\/yoast.com\/wordpress\/plugins\/seo\/ -->\n<title>Weinkarte | Hotel 4* PONTEO<\/title>\n<meta name=\"robots\" content=\"index, follow, max-snippet:-1, max-image-preview:large, max-video-preview:-1\" \/>\n<link rel=\"canonical\" href=\"https:\/\/www.ponteo.sk\/de\/restaurant\/getraenkekarte\/weinkarte\/\" \/>\n<meta property=\"og:locale\" content=\"de_DE\" \/>\n<meta property=\"og:type\" content=\"article\" \/>\n<meta property=\"og:title\" content=\"Weinkarte | Hotel 4* PONTEO\" \/>\n<meta property=\"og:description\" content=\"Weinkarte Weinliebhabern legen wir ganz besonders unsere neue Weinkarte\u00a0ans Herz. Hier finden Sie 38 Qualit\u00e4tsweine, Champagner und Schaumwein aus der Slowakei und aller Welt. France Champagne Champagne Brut Reserve Boisel Variety of wine: Chardonnay, Pinot Noir and Pinot Meunier. 0,75\" \/>\n<meta property=\"og:url\" content=\"https:\/\/www.ponteo.sk\/de\/restaurant\/getraenkekarte\/weinkarte\/\" \/>\n<meta property=\"og:site_name\" content=\"Hotel 4* PONTEO\" \/>\n<meta property=\"article:publisher\" content=\"https:\/\/www.facebook.com\/ponteo\/\" \/>\n<meta property=\"article:modified_time\" content=\"2025-01-09T15:33:47+00:00\" \/>\n<meta property=\"og:image\" content=\"https:\/\/www.ponteo.sk\/wp-content\/uploads\/2016\/10\/DSC8225.jpg\" \/>\n\t<meta property=\"og:image:width\" content=\"1200\" \/>\n\t<meta property=\"og:image:height\" content=\"798\" \/>\n\t<meta property=\"og:image:type\" content=\"image\/jpeg\" \/>\n<meta name=\"twitter:card\" content=\"summary_large_image\" \/>\n<meta name=\"twitter:label1\" content=\"Gesch\u00e4tzte Lesezeit\" \/>\n\t<meta name=\"twitter:data1\" content=\"4\u00a0Minuten\" \/>\n<script type=\"application\/ld+json\" class=\"yoast-schema-graph\">{\"@context\":\"https:\/\/schema.org\",\"@graph\":[{\"@type\":\"WebPage\",\"@id\":\"https:\/\/www.ponteo.sk\/de\/restaurant\/getraenkekarte\/weinkarte\/\",\"url\":\"https:\/\/www.ponteo.sk\/de\/restaurant\/getraenkekarte\/weinkarte\/\",\"name\":\"Weinkarte | Hotel 4* PONTEO\",\"isPartOf\":{\"@id\":\"https:\/\/www.ponteo.sk\/#website\"},\"primaryImageOfPage\":{\"@id\":\"https:\/\/www.ponteo.sk\/de\/restaurant\/getraenkekarte\/weinkarte\/#primaryimage\"},\"image\":{\"@id\":\"https:\/\/www.ponteo.sk\/de\/restaurant\/getraenkekarte\/weinkarte\/#primaryimage\"},\"thumbnailUrl\":\"https:\/\/www.ponteo.sk\/wp-content\/uploads\/2016\/10\/DSC8225.jpg\",\"datePublished\":\"2017-04-27T09:13:00+00:00\",\"dateModified\":\"2025-01-09T15:33:47+00:00\",\"breadcrumb\":{\"@id\":\"https:\/\/www.ponteo.sk\/de\/restaurant\/getraenkekarte\/weinkarte\/#breadcrumb\"},\"inLanguage\":\"de\",\"potentialAction\":[{\"@type\":\"ReadAction\",\"target\":[\"https:\/\/www.ponteo.sk\/de\/restaurant\/getraenkekarte\/weinkarte\/\"]}]},{\"@type\":\"ImageObject\",\"inLanguage\":\"de\",\"@id\":\"https:\/\/www.ponteo.sk\/de\/restaurant\/getraenkekarte\/weinkarte\/#primaryimage\",\"url\":\"https:\/\/www.ponteo.sk\/wp-content\/uploads\/2016\/10\/DSC8225.jpg\",\"contentUrl\":\"https:\/\/www.ponteo.sk\/wp-content\/uploads\/2016\/10\/DSC8225.jpg\",\"width\":1200,\"height\":798},{\"@type\":\"BreadcrumbList\",\"@id\":\"https:\/\/www.ponteo.sk\/de\/restaurant\/getraenkekarte\/weinkarte\/#breadcrumb\",\"itemListElement\":[{\"@type\":\"ListItem\",\"position\":1,\"name\":\"Domov\",\"item\":\"https:\/\/www.ponteo.sk\/de\/\"},{\"@type\":\"ListItem\",\"position\":2,\"name\":\"Restaurant\",\"item\":\"https:\/\/www.ponteo.sk\/de\/restaurant\/\"},{\"@type\":\"ListItem\",\"position\":3,\"name\":\"Getr\u00e4nkekarte\",\"item\":\"https:\/\/www.ponteo.sk\/de\/restaurant\/getraenkekarte\/\"},{\"@type\":\"ListItem\",\"position\":4,\"name\":\"Weinkarte\"}]},{\"@type\":\"WebSite\",\"@id\":\"https:\/\/www.ponteo.sk\/#website\",\"url\":\"https:\/\/www.ponteo.sk\/\",\"name\":\"Hotel 4* PONTEO\",\"description\":\"Miesto, ktor\u00e9 v\u00e1m zostane v srdci\",\"potentialAction\":[{\"@type\":\"SearchAction\",\"target\":{\"@type\":\"EntryPoint\",\"urlTemplate\":\"https:\/\/www.ponteo.sk\/?s={search_term_string}\"},\"query-input\":\"required name=search_term_string\"}],\"inLanguage\":\"de\"}]}<\/script>\n<!-- \/ Yoast SEO plugin. -->","yoast_head_json":{"title":"Weinkarte | Hotel 4* PONTEO","robots":{"index":"index","follow":"follow","max-snippet":"max-snippet:-1","max-image-preview":"max-image-preview:large","max-video-preview":"max-video-preview:-1"},"canonical":"https:\/\/www.ponteo.sk\/de\/restaurant\/getraenkekarte\/weinkarte\/","og_locale":"de_DE","og_type":"article","og_title":"Weinkarte | Hotel 4* PONTEO","og_description":"Weinkarte Weinliebhabern legen wir ganz besonders unsere neue Weinkarte\u00a0ans Herz. Hier finden Sie 38 Qualit\u00e4tsweine, Champagner und Schaumwein aus der Slowakei und aller Welt. France Champagne Champagne Brut Reserve Boisel Variety of wine: Chardonnay, Pinot Noir and Pinot Meunier. 0,75","og_url":"https:\/\/www.ponteo.sk\/de\/restaurant\/getraenkekarte\/weinkarte\/","og_site_name":"Hotel 4* PONTEO","article_publisher":"https:\/\/www.facebook.com\/ponteo\/","article_modified_time":"2025-01-09T15:33:47+00:00","og_image":[{"width":1200,"height":798,"url":"https:\/\/www.ponteo.sk\/wp-content\/uploads\/2016\/10\/DSC8225.jpg","type":"image\/jpeg"}],"twitter_card":"summary_large_image","twitter_misc":{"Gesch\u00e4tzte Lesezeit":"4\u00a0Minuten"},"schema":{"@context":"https:\/\/schema.org","@graph":[{"@type":"WebPage","@id":"https:\/\/www.ponteo.sk\/de\/restaurant\/getraenkekarte\/weinkarte\/","url":"https:\/\/www.ponteo.sk\/de\/restaurant\/getraenkekarte\/weinkarte\/","name":"Weinkarte | Hotel 4* PONTEO","isPartOf":{"@id":"https:\/\/www.ponteo.sk\/#website"},"primaryImageOfPage":{"@id":"https:\/\/www.ponteo.sk\/de\/restaurant\/getraenkekarte\/weinkarte\/#primaryimage"},"image":{"@id":"https:\/\/www.ponteo.sk\/de\/restaurant\/getraenkekarte\/weinkarte\/#primaryimage"},"thumbnailUrl":"https:\/\/www.ponteo.sk\/wp-content\/uploads\/2016\/10\/DSC8225.jpg","datePublished":"2017-04-27T09:13:00+00:00","dateModified":"2025-01-09T15:33:47+00:00","breadcrumb":{"@id":"https:\/\/www.ponteo.sk\/de\/restaurant\/getraenkekarte\/weinkarte\/#breadcrumb"},"inLanguage":"de","potentialAction":[{"@type":"ReadAction","target":["https:\/\/www.ponteo.sk\/de\/restaurant\/getraenkekarte\/weinkarte\/"]}]},{"@type":"ImageObject","inLanguage":"de","@id":"https:\/\/www.ponteo.sk\/de\/restaurant\/getraenkekarte\/weinkarte\/#primaryimage","url":"https:\/\/www.ponteo.sk\/wp-content\/uploads\/2016\/10\/DSC8225.jpg","contentUrl":"https:\/\/www.ponteo.sk\/wp-content\/uploads\/2016\/10\/DSC8225.jpg","width":1200,"height":798},{"@type":"BreadcrumbList","@id":"https:\/\/www.ponteo.sk\/de\/restaurant\/getraenkekarte\/weinkarte\/#breadcrumb","itemListElement":[{"@type":"ListItem","position":1,"name":"Domov","item":"https:\/\/www.ponteo.sk\/de\/"},{"@type":"ListItem","position":2,"name":"Restaurant","item":"https:\/\/www.ponteo.sk\/de\/restaurant\/"},{"@type":"ListItem","position":3,"name":"Getr\u00e4nkekarte","item":"https:\/\/www.ponteo.sk\/de\/restaurant\/getraenkekarte\/"},{"@type":"ListItem","position":4,"name":"Weinkarte"}]},{"@type":"WebSite","@id":"https:\/\/www.ponteo.sk\/#website","url":"https:\/\/www.ponteo.sk\/","name":"Hotel 4* PONTEO","description":"Miesto, ktor\u00e9 v\u00e1m zostane v srdci","potentialAction":[{"@type":"SearchAction","target":{"@type":"EntryPoint","urlTemplate":"https:\/\/www.ponteo.sk\/?s={search_term_string}"},"query-input":"required name=search_term_string"}],"inLanguage":"de"}]}},"_links":{"self":[{"href":"https:\/\/www.ponteo.sk\/de\/wp-json\/wp\/v2\/pages\/5356"}],"collection":[{"href":"https:\/\/www.ponteo.sk\/de\/wp-json\/wp\/v2\/pages"}],"about":[{"href":"https:\/\/www.ponteo.sk\/de\/wp-json\/wp\/v2\/types\/page"}],"author":[{"embeddable":true,"href":"https:\/\/www.ponteo.sk\/de\/wp-json\/wp\/v2\/users\/4"}],"replies":[{"embeddable":true,"href":"https:\/\/www.ponteo.sk\/de\/wp-json\/wp\/v2\/comments?post=5356"}],"version-history":[{"count":12,"href":"https:\/\/www.ponteo.sk\/de\/wp-json\/wp\/v2\/pages\/5356\/revisions"}],"predecessor-version":[{"id":43139,"href":"https:\/\/www.ponteo.sk\/de\/wp-json\/wp\/v2\/pages\/5356\/revisions\/43139"}],"up":[{"embeddable":true,"href":"https:\/\/www.ponteo.sk\/de\/wp-json\/wp\/v2\/pages\/4272"}],"wp:featuredmedia":[{"embeddable":true,"href":"https:\/\/www.ponteo.sk\/de\/wp-json\/wp\/v2\/media\/29932"}],"wp:attachment":[{"href":"https:\/\/www.ponteo.sk\/de\/wp-json\/wp\/v2\/media?parent=5356"}],"curies":[{"name":"wp","href":"https:\/\/api.w.org\/{rel}","templated":true}]}}