{"id":3957,"date":"2016-12-21T15:13:01","date_gmt":"2016-12-21T14:13:01","guid":{"rendered":"http:\/\/ponteo.sk\/?page_id=3957\/"},"modified":"2026-05-01T09:00:02","modified_gmt":"2026-05-01T07:00:02","slug":"restaurant","status":"publish","type":"page","link":"https:\/\/www.ponteo.sk\/en\/restaurant\/","title":{"rendered":"Restaurant"},"content":{"rendered":"<p><img loading=\"lazy\" decoding=\"async\" class=\"aligncenter wp-image-28266 size-full lazyload\" data-src=\"https:\/\/www.ponteo.sk\/wp-content\/uploads\/2024\/02\/restauracia-1100x550-Valentin-1024x512.jpg\" width=\"1100\" height=\"550\" src=\"data:image\/gif;base64,R0lGODlhAQABAAAAACH5BAEKAAEALAAAAAABAAEAAAICTAEAOw==\" style=\"--smush-placeholder-width: 1100px; --smush-placeholder-aspect-ratio: 1100\/550;\" \/><noscript><img loading=\"lazy\" decoding=\"async\" class=\"aligncenter wp-image-28266 size-full\" src=\"https:\/\/www.ponteo.sk\/wp-content\/uploads\/2024\/02\/restauracia-1100x550-Valentin-1024x512.jpg\" width=\"1100\" height=\"550\" \/><\/noscript><\/p>\n<p style=\"text-align: center;\"><a class=\"vfbutton2\" href=\"http:\/\/ponteo.sk\/rezervacny-formular-restauracia\/\">Reservation<\/a><\/p>\n<h1 style=\"text-align: center;\">RESTAURANT<\/h1>\n<h2 style=\"text-align: center;\">A place you will always have an appetite for<\/h2>\n<p style=\"text-align: center;\">Enjoy the pleasure of both domestic and international cuisine combined with comfortable seating in a stylish setting. All of our meals are our original recipes, taking into account the basic principles of our cuisine.<\/p>\n<p style=\"text-align: center;\">The comfortable restaurant with a fireplace, two cozy lounges, elegant winter garden, caf\u00e9 and outdoor terrace are the ideal place to host private or corporate events, family celebrations or weddings with a capacity of up to 120 people. The daylight which along with the winter garden create the atmosphere of a sunny day, can be found only in a few places. Top of the line sound system in the restaurant and its variability provides sufficient comfort for the most demanding clients.<\/p>\n<h4 style=\"text-align: center;\">Taste THE STORY OF REAL FOOD with us.<\/h4>\n<p style=\"text-align: center;\"><a class=\"vfbutton\" href=\"http:\/\/ponteo.sk\/en\/photo-galery\/restaurant\/\">Photo galery<\/a><a class=\"vfbutton\" href=\"https:\/\/www.tripadvisor.sk\/Hotel_Review-g1439609-d1520304-Reviews-Ponteo_Activity_Park_Rusovce-Rusovce_Bratislava_Region.html\">Tripadvisor<\/a><\/p>\n<hr style=\"color: #b9d986; background-color: #b9d986; height: 1px;\" \/>\n<div class=\"vf_bg4\">\n<p><a href=\"https:\/\/ponteo.sk\/en\/menu-and-drink-list\/\"><img loading=\"lazy\" decoding=\"async\" class=\"vf_pict_news alignleft wp-image-40572 size-full lazyload\" data-src=\"https:\/\/www.ponteo.sk\/wp-content\/uploads\/2024\/08\/restauracia-casnik-450x300-1.jpg\" alt=\"\" width=\"450\" height=\"300\" data-srcset=\"https:\/\/www.ponteo.sk\/wp-content\/uploads\/2024\/08\/restauracia-casnik-450x300-1.jpg 450w, https:\/\/www.ponteo.sk\/wp-content\/uploads\/2024\/08\/restauracia-casnik-450x300-1-300x200.jpg 300w\" data-sizes=\"(max-width: 450px) 100vw, 450px\" src=\"data:image\/gif;base64,R0lGODlhAQABAAAAACH5BAEKAAEALAAAAAABAAEAAAICTAEAOw==\" style=\"--smush-placeholder-width: 450px; --smush-placeholder-aspect-ratio: 450\/300;\" \/><noscript><img loading=\"lazy\" decoding=\"async\" class=\"vf_pict_news alignleft wp-image-40572 size-full\" src=\"https:\/\/www.ponteo.sk\/wp-content\/uploads\/2024\/08\/restauracia-casnik-450x300-1.jpg\" alt=\"\" width=\"450\" height=\"300\" srcset=\"https:\/\/www.ponteo.sk\/wp-content\/uploads\/2024\/08\/restauracia-casnik-450x300-1.jpg 450w, https:\/\/www.ponteo.sk\/wp-content\/uploads\/2024\/08\/restauracia-casnik-450x300-1-300x200.jpg 300w\" sizes=\"(max-width: 450px) 100vw, 450px\" \/><\/noscript><\/a><\/p>\n<h3><\/h3>\n<h3>The story of real food<\/h3>\n<ul>\n<li style=\"list-style-type: none;\">\n<ul>\n<li style=\"text-align: left;\">All our dishes are our original recipes taking into account <a href=\"http:\/\/ponteo.sk\/restauracia\/manifest-restauracie-ponteo\/\">the basic principles of our cuisine summarized in the Restaurant Manifesto<\/a>. Choose from our rich offer.<\/li>\n<li style=\"text-align: center;\">\u2022 <strong><a href=\"https:\/\/ponteo.sk\/en\/restaurant\/menu\/\">Menu<\/a><\/strong><\/li>\n<\/ul>\n<\/li>\n<\/ul>\n<ul>\n<li style=\"text-align: center;\">\u2022 <strong><a href=\"https:\/\/ponteo.sk\/en\/restaurant\/drinks-menu\/\">Drink menu<\/a><\/strong><\/li>\n<li style=\"text-align: center;\">\u2022 <strong><a href=\"https:\/\/ponteo.sk\/en\/restaurant\/childrens-menu\/\">Children&#8217;s menu<\/a><\/strong><\/li>\n<li><\/li>\n<li style=\"text-align: center;\"><a href=\"https:\/\/ponteo.sk\/en\/menu-and-drink-list\/\"><strong>MENU here<\/strong><\/a><\/li>\n<\/ul>\n<\/div>\n<div class=\"vf_bg4\">\n<p><a href=\"https:\/\/ponteo.sk\/en\/restaurant\/sitting-options\/\"><img loading=\"lazy\" decoding=\"async\" class=\"vf_pict_news alignright wp-image-22910 size-full lazyload\" data-src=\"https:\/\/ponteo.sk\/wp-content\/uploads\/2021\/05\/Salonik-gerulata-3-450x300-1.jpg\" alt=\"Sal\u00f3nik Gerulata re\u0161taur\u00e1cia Ponteo\" width=\"450\" height=\"300\" data-srcset=\"https:\/\/www.ponteo.sk\/wp-content\/uploads\/2021\/05\/Salonik-gerulata-3-450x300-1.jpg 450w, https:\/\/www.ponteo.sk\/wp-content\/uploads\/2021\/05\/Salonik-gerulata-3-450x300-1-300x200.jpg 300w\" data-sizes=\"(max-width: 450px) 100vw, 450px\" src=\"data:image\/gif;base64,R0lGODlhAQABAAAAACH5BAEKAAEALAAAAAABAAEAAAICTAEAOw==\" style=\"--smush-placeholder-width: 450px; --smush-placeholder-aspect-ratio: 450\/300;\" \/><noscript><img loading=\"lazy\" decoding=\"async\" class=\"vf_pict_news alignright wp-image-22910 size-full\" src=\"https:\/\/ponteo.sk\/wp-content\/uploads\/2021\/05\/Salonik-gerulata-3-450x300-1.jpg\" alt=\"Sal\u00f3nik Gerulata re\u0161taur\u00e1cia Ponteo\" width=\"450\" height=\"300\" srcset=\"https:\/\/www.ponteo.sk\/wp-content\/uploads\/2021\/05\/Salonik-gerulata-3-450x300-1.jpg 450w, https:\/\/www.ponteo.sk\/wp-content\/uploads\/2021\/05\/Salonik-gerulata-3-450x300-1-300x200.jpg 300w\" sizes=\"(max-width: 450px) 100vw, 450px\" \/><\/noscript><\/a><\/p>\n<h3><\/h3>\n<h3>Sitting options<\/h3>\n<ul>\n<li style=\"text-align: left;\">\u2022 Modern air-conditioned <span style=\"color: #3e6a27;\"><strong>restaurant<\/strong><\/span> with daylight, ventilated with fresh air, with top-quality sound system and colored backlighting of the premises according to your wishes,<\/li>\n<li style=\"text-align: left;\">\u2022 <strong><span style=\"color: #3e6a27;\">2 lounges<\/span><\/strong> with a fireplace suitable for family or business meetings<\/li>\n<li style=\"text-align: left;\">\u2022 <span style=\"color: #3e6a27;\"><strong>cafe<\/strong><\/span>\u00a0in a winter garden full of sunlight and green plants and fresh air<\/li>\n<li style=\"text-align: left;\">\u2022 sunny <strong><span style=\"color: #3e6a27;\">terrace<\/span> <\/strong>with a nearby children&#8217;s playground and petanque court<\/li>\n<li style=\"text-align: left;\">\u2022 <strong><a href=\"https:\/\/ponteo.sk\/sluzby-pre-firmy\/konferencie\/\">2 large and 2 small conference rooms<\/a><\/strong><\/li>\n<li>\n<h4><\/h4>\n<\/li>\n<li style=\"text-align: center;\"><a href=\"https:\/\/ponteo.sk\/restauracia\/moznosti-posedenia\/\"><strong>More info<\/strong><\/a><\/li>\n<\/ul>\n<\/div>\n<div class=\"vf_bg4\">\n<p><a href=\"https:\/\/ponteo.sk\/svadba-v-style-ponteo\/\"><img loading=\"lazy\" decoding=\"async\" class=\"vf_pict_news wp-image-19987 alignleft lazyload\" title=\"https:\/\/ponteo.sk\/svadba-v-style-ponteo\/\" data-src=\"https:\/\/ponteo.sk\/wp-content\/uploads\/2020\/05\/svadba-modrekvety5_450x300jpg.jpg\" alt=\"Svadba v \u0161t\u00fdle Ponteo\" width=\"450\" height=\"300\" data-srcset=\"https:\/\/www.ponteo.sk\/wp-content\/uploads\/2020\/05\/svadba-modrekvety5_450x300jpg.jpg 2000w, https:\/\/www.ponteo.sk\/wp-content\/uploads\/2020\/05\/svadba-modrekvety5_450x300jpg-300x200.jpg 300w, https:\/\/www.ponteo.sk\/wp-content\/uploads\/2020\/05\/svadba-modrekvety5_450x300jpg-1024x682.jpg 1024w, https:\/\/www.ponteo.sk\/wp-content\/uploads\/2020\/05\/svadba-modrekvety5_450x300jpg-768x512.jpg 768w, https:\/\/www.ponteo.sk\/wp-content\/uploads\/2020\/05\/svadba-modrekvety5_450x300jpg-1536x1024.jpg 1536w\" data-sizes=\"(max-width: 450px) 100vw, 450px\" src=\"data:image\/gif;base64,R0lGODlhAQABAAAAACH5BAEKAAEALAAAAAABAAEAAAICTAEAOw==\" style=\"--smush-placeholder-width: 450px; --smush-placeholder-aspect-ratio: 450\/300;\" \/><noscript><img loading=\"lazy\" decoding=\"async\" class=\"vf_pict_news wp-image-19987 alignleft\" title=\"https:\/\/ponteo.sk\/svadba-v-style-ponteo\/\" src=\"https:\/\/ponteo.sk\/wp-content\/uploads\/2020\/05\/svadba-modrekvety5_450x300jpg.jpg\" alt=\"Svadba v \u0161t\u00fdle Ponteo\" width=\"450\" height=\"300\" srcset=\"https:\/\/www.ponteo.sk\/wp-content\/uploads\/2020\/05\/svadba-modrekvety5_450x300jpg.jpg 2000w, https:\/\/www.ponteo.sk\/wp-content\/uploads\/2020\/05\/svadba-modrekvety5_450x300jpg-300x200.jpg 300w, https:\/\/www.ponteo.sk\/wp-content\/uploads\/2020\/05\/svadba-modrekvety5_450x300jpg-1024x682.jpg 1024w, https:\/\/www.ponteo.sk\/wp-content\/uploads\/2020\/05\/svadba-modrekvety5_450x300jpg-768x512.jpg 768w, https:\/\/www.ponteo.sk\/wp-content\/uploads\/2020\/05\/svadba-modrekvety5_450x300jpg-1536x1024.jpg 1536w\" sizes=\"(max-width: 450px) 100vw, 450px\" \/><\/noscript><\/a><\/p>\n<h3><\/h3>\n<h3>Wedding in Ponteo style<\/h3>\n<ul>\n<li style=\"text-align: left;\">Are you imagining an intimate <strong><span style=\"color: #3e6a27;\">wedding<\/span><\/strong> for 20 people\u00a0or great entertainment for 120 guests<\/li>\n<li style=\"text-align: left;\"><\/li>\n<li style=\"text-align: left;\">You want a <strong><span style=\"color: #3e6a27;\">ceremony<\/span><\/strong> in a stylish<strong><span style=\"color: #3e6a27;\"> interior<\/span><\/strong> or in the green <strong><span style=\"color: #3e6a27;\">exterior<\/span><\/strong> at sunset?<\/li>\n<li style=\"text-align: left;\"><\/li>\n<li style=\"text-align: left;\">Do you like the <strong><span style=\"color: #3e6a27;\">wedding reception<\/span><\/strong> held in the restaurant, in the lounge or on the terrace or in the garden of the hotel?<\/li>\n<\/ul>\n<p style=\"text-align: center;\"><a href=\"https:\/\/ponteo.sk\/svadba-v-style-ponteo\/\"><strong>More info<\/strong><\/a><\/p>\n<\/div>\n<div class=\"vf_bg4\">\n<p><a href=\"https:\/\/ponteo.sk\/rodinne-oslavy\/\"><img loading=\"lazy\" decoding=\"async\" class=\"vf_pict_news wp-image-6017 size-full alignright lazyload\" data-src=\"https:\/\/ponteo.sk\/wp-content\/uploads\/2017\/06\/Ponteo-oslavy-450x300.jpg\" alt=\"\" width=\"450\" height=\"300\" data-srcset=\"https:\/\/www.ponteo.sk\/wp-content\/uploads\/2017\/06\/Ponteo-oslavy-450x300.jpg 450w, https:\/\/www.ponteo.sk\/wp-content\/uploads\/2017\/06\/Ponteo-oslavy-450x300-300x200.jpg 300w\" data-sizes=\"(max-width: 450px) 100vw, 450px\" src=\"data:image\/gif;base64,R0lGODlhAQABAAAAACH5BAEKAAEALAAAAAABAAEAAAICTAEAOw==\" style=\"--smush-placeholder-width: 450px; --smush-placeholder-aspect-ratio: 450\/300;\" \/><noscript><img loading=\"lazy\" decoding=\"async\" class=\"vf_pict_news wp-image-6017 size-full alignright\" src=\"https:\/\/ponteo.sk\/wp-content\/uploads\/2017\/06\/Ponteo-oslavy-450x300.jpg\" alt=\"\" width=\"450\" height=\"300\" srcset=\"https:\/\/www.ponteo.sk\/wp-content\/uploads\/2017\/06\/Ponteo-oslavy-450x300.jpg 450w, https:\/\/www.ponteo.sk\/wp-content\/uploads\/2017\/06\/Ponteo-oslavy-450x300-300x200.jpg 300w\" sizes=\"(max-width: 450px) 100vw, 450px\" \/><\/noscript><\/a><\/p>\n<h3><\/h3>\n<h3>Family celebration or party<\/h3>\n<ul>\n<li style=\"text-align: left;\">Do you want a party full of rhythms, flavors and surprises? Or rather more decent entertainment in a piano tone in a closed company?<br \/>\nShare your idea with us and we will arrange everything else.<\/li>\n<li style=\"text-align: left;\">In addition to fantastic food in our restaurant, we offer convenient <strong><span style=\"color: #3e6a27;\">free parking<\/span><\/strong>, <strong><a href=\"https:\/\/ponteo.sk \/hotel\/\">accommodation<\/a><\/strong> in our hotel Ponteo****, endless fun in <strong><a href=\"https:\/\/ponteo.sk\/bowling-sport-bar\/\">Bar&amp;Bowling<\/a><\/strong>.<\/li>\n<\/ul>\n<p style=\"text-align: center;\"><a href=\"https:\/\/ponteo.sk\/rodinne-oslavy\/\"><strong>Viac info<\/strong><\/a><\/p>\n<\/div>\n<div class=\"csColumnGap\" style=\"margin: 0px; padding: 0px; float: left; width: 3%;\"><img decoding=\"async\" style=\"border: none;\" data-src=\"https:\/\/ponteo.sk\/wp-content\/plugins\/advanced-wp-columns\/assets\/js\/plugins\/views\/img\/1x1-pixel.png\" src=\"data:image\/gif;base64,R0lGODlhAQABAAAAACH5BAEKAAEALAAAAAABAAEAAAICTAEAOw==\" class=\"lazyload\" \/><noscript><img decoding=\"async\" style=\"border: none;\" src=\"https:\/\/ponteo.sk\/wp-content\/plugins\/advanced-wp-columns\/assets\/js\/plugins\/views\/img\/1x1-pixel.png\" \/><\/noscript><\/div>\n<div style=\"clear: both; float: none; display: block; visibility: hidden; width: 0px; font-size: 0px; line-height: 0;\"><\/div>\n<hr style=\"color: #b9d986; background-color: #b9d986; height: 1px;\" \/>\n<p><center><iframe loading=\"lazy\" style=\"border: 0;\" data-src=\"https:\/\/www.google.com\/maps\/embed?pb=!4v1659968767438!6m8!1m7!1sCAoSLEFGMVFpcE5UVXUxTFpPU3dRQ1p1X0FxcXZwaTg1aG1LUW9jaTVZc3BEZFBo!2m2!1d48.04170074335971!2d17.15830613929478!3f111.96019986106383!4f-2.5991055048324796!5f0.7820865974627469\" width=\"810\" height=\"435\" allowfullscreen=\"allowfullscreen\" src=\"data:image\/gif;base64,R0lGODlhAQABAAAAACH5BAEKAAEALAAAAAABAAEAAAICTAEAOw==\" class=\"lazyload\" data-load-mode=\"1\"><\/iframe><\/center><\/p>\n<hr style=\"color: #b9d986; background-color: #b9d986; height: 1px;\" \/>\n","protected":false},"excerpt":{"rendered":"<p>Reservation RESTAURANT A place you will always have an appetite for Enjoy the pleasure of both domestic and international cuisine combined with comfortable seating in a stylish setting. All of our meals are our original recipes, taking into account the<\/p>\n","protected":false},"author":4,"featured_media":39056,"parent":0,"menu_order":0,"comment_status":"closed","ping_status":"closed","template":"page-templates\/business-two.php","meta":{"footnotes":""},"yoast_head":"<!-- This site is optimized with the Yoast SEO plugin v23.2 - https:\/\/yoast.com\/wordpress\/plugins\/seo\/ -->\n<title>Restaurant | Hotel 4* PONTEO<\/title>\n<meta name=\"description\" content=\"Enjoy the pleasure of both domestic and international cuisine combined with comfortable seating in a stylish setting.\" \/>\n<meta name=\"robots\" content=\"index, follow, max-snippet:-1, max-image-preview:large, max-video-preview:-1\" \/>\n<link rel=\"canonical\" href=\"https:\/\/www.ponteo.sk\/en\/restaurant\/\" \/>\n<meta property=\"og:locale\" content=\"en_US\" \/>\n<meta property=\"og:type\" content=\"article\" \/>\n<meta property=\"og:title\" content=\"Restaurant | Hotel 4* PONTEO\" \/>\n<meta property=\"og:description\" content=\"Enjoy the pleasure of both domestic and international cuisine combined with comfortable seating in a stylish setting.\" \/>\n<meta property=\"og:url\" content=\"https:\/\/www.ponteo.sk\/en\/restaurant\/\" \/>\n<meta property=\"og:site_name\" content=\"Hotel 4* PONTEO\" \/>\n<meta property=\"article:publisher\" content=\"https:\/\/www.facebook.com\/ponteo\/\" \/>\n<meta property=\"article:modified_time\" content=\"2026-05-01T07:00:02+00:00\" \/>\n<meta property=\"og:image\" content=\"https:\/\/www.ponteo.sk\/wp-content\/uploads\/2024\/06\/restauracia-casnik-450x300-1-scaled.jpg\" \/>\n\t<meta property=\"og:image:width\" content=\"2560\" \/>\n\t<meta property=\"og:image:height\" content=\"1707\" \/>\n\t<meta property=\"og:image:type\" content=\"image\/jpeg\" \/>\n<meta name=\"twitter:card\" content=\"summary_large_image\" \/>\n<meta name=\"twitter:label1\" content=\"Est. reading time\" \/>\n\t<meta name=\"twitter:data1\" content=\"4 minutes\" \/>\n<script type=\"application\/ld+json\" class=\"yoast-schema-graph\">{\"@context\":\"https:\/\/schema.org\",\"@graph\":[{\"@type\":\"WebPage\",\"@id\":\"https:\/\/www.ponteo.sk\/en\/restaurant\/\",\"url\":\"https:\/\/www.ponteo.sk\/en\/restaurant\/\",\"name\":\"Restaurant | Hotel 4* PONTEO\",\"isPartOf\":{\"@id\":\"https:\/\/www.ponteo.sk\/#website\"},\"primaryImageOfPage\":{\"@id\":\"https:\/\/www.ponteo.sk\/en\/restaurant\/#primaryimage\"},\"image\":{\"@id\":\"https:\/\/www.ponteo.sk\/en\/restaurant\/#primaryimage\"},\"thumbnailUrl\":\"https:\/\/www.ponteo.sk\/wp-content\/uploads\/2024\/06\/restauracia-casnik-450x300-1-scaled.jpg\",\"datePublished\":\"2016-12-21T14:13:01+00:00\",\"dateModified\":\"2026-05-01T07:00:02+00:00\",\"description\":\"Enjoy the pleasure of both domestic and international cuisine combined with comfortable seating in a stylish setting.\",\"breadcrumb\":{\"@id\":\"https:\/\/www.ponteo.sk\/en\/restaurant\/#breadcrumb\"},\"inLanguage\":\"en-US\",\"potentialAction\":[{\"@type\":\"ReadAction\",\"target\":[\"https:\/\/www.ponteo.sk\/en\/restaurant\/\"]}]},{\"@type\":\"ImageObject\",\"inLanguage\":\"en-US\",\"@id\":\"https:\/\/www.ponteo.sk\/en\/restaurant\/#primaryimage\",\"url\":\"https:\/\/www.ponteo.sk\/wp-content\/uploads\/2024\/06\/restauracia-casnik-450x300-1-scaled.jpg\",\"contentUrl\":\"https:\/\/www.ponteo.sk\/wp-content\/uploads\/2024\/06\/restauracia-casnik-450x300-1-scaled.jpg\",\"width\":2560,\"height\":1707},{\"@type\":\"BreadcrumbList\",\"@id\":\"https:\/\/www.ponteo.sk\/en\/restaurant\/#breadcrumb\",\"itemListElement\":[{\"@type\":\"ListItem\",\"position\":1,\"name\":\"Domov\",\"item\":\"https:\/\/www.ponteo.sk\/en\/\"},{\"@type\":\"ListItem\",\"position\":2,\"name\":\"Restaurant\"}]},{\"@type\":\"WebSite\",\"@id\":\"https:\/\/www.ponteo.sk\/#website\",\"url\":\"https:\/\/www.ponteo.sk\/\",\"name\":\"Hotel 4* PONTEO\",\"description\":\"Miesto, ktor\u00e9 v\u00e1m zostane v srdci\",\"potentialAction\":[{\"@type\":\"SearchAction\",\"target\":{\"@type\":\"EntryPoint\",\"urlTemplate\":\"https:\/\/www.ponteo.sk\/?s={search_term_string}\"},\"query-input\":\"required name=search_term_string\"}],\"inLanguage\":\"en-US\"}]}<\/script>\n<!-- \/ Yoast SEO plugin. -->","yoast_head_json":{"title":"Restaurant | Hotel 4* PONTEO","description":"Enjoy the pleasure of both domestic and international cuisine combined with comfortable seating in a stylish setting.","robots":{"index":"index","follow":"follow","max-snippet":"max-snippet:-1","max-image-preview":"max-image-preview:large","max-video-preview":"max-video-preview:-1"},"canonical":"https:\/\/www.ponteo.sk\/en\/restaurant\/","og_locale":"en_US","og_type":"article","og_title":"Restaurant | Hotel 4* PONTEO","og_description":"Enjoy the pleasure of both domestic and international cuisine combined with comfortable seating in a stylish setting.","og_url":"https:\/\/www.ponteo.sk\/en\/restaurant\/","og_site_name":"Hotel 4* PONTEO","article_publisher":"https:\/\/www.facebook.com\/ponteo\/","article_modified_time":"2026-05-01T07:00:02+00:00","og_image":[{"width":2560,"height":1707,"url":"https:\/\/www.ponteo.sk\/wp-content\/uploads\/2024\/06\/restauracia-casnik-450x300-1-scaled.jpg","type":"image\/jpeg"}],"twitter_card":"summary_large_image","twitter_misc":{"Est. reading time":"4 minutes"},"schema":{"@context":"https:\/\/schema.org","@graph":[{"@type":"WebPage","@id":"https:\/\/www.ponteo.sk\/en\/restaurant\/","url":"https:\/\/www.ponteo.sk\/en\/restaurant\/","name":"Restaurant | Hotel 4* PONTEO","isPartOf":{"@id":"https:\/\/www.ponteo.sk\/#website"},"primaryImageOfPage":{"@id":"https:\/\/www.ponteo.sk\/en\/restaurant\/#primaryimage"},"image":{"@id":"https:\/\/www.ponteo.sk\/en\/restaurant\/#primaryimage"},"thumbnailUrl":"https:\/\/www.ponteo.sk\/wp-content\/uploads\/2024\/06\/restauracia-casnik-450x300-1-scaled.jpg","datePublished":"2016-12-21T14:13:01+00:00","dateModified":"2026-05-01T07:00:02+00:00","description":"Enjoy the pleasure of both domestic and international cuisine combined with comfortable seating in a stylish setting.","breadcrumb":{"@id":"https:\/\/www.ponteo.sk\/en\/restaurant\/#breadcrumb"},"inLanguage":"en-US","potentialAction":[{"@type":"ReadAction","target":["https:\/\/www.ponteo.sk\/en\/restaurant\/"]}]},{"@type":"ImageObject","inLanguage":"en-US","@id":"https:\/\/www.ponteo.sk\/en\/restaurant\/#primaryimage","url":"https:\/\/www.ponteo.sk\/wp-content\/uploads\/2024\/06\/restauracia-casnik-450x300-1-scaled.jpg","contentUrl":"https:\/\/www.ponteo.sk\/wp-content\/uploads\/2024\/06\/restauracia-casnik-450x300-1-scaled.jpg","width":2560,"height":1707},{"@type":"BreadcrumbList","@id":"https:\/\/www.ponteo.sk\/en\/restaurant\/#breadcrumb","itemListElement":[{"@type":"ListItem","position":1,"name":"Domov","item":"https:\/\/www.ponteo.sk\/en\/"},{"@type":"ListItem","position":2,"name":"Restaurant"}]},{"@type":"WebSite","@id":"https:\/\/www.ponteo.sk\/#website","url":"https:\/\/www.ponteo.sk\/","name":"Hotel 4* PONTEO","description":"Miesto, ktor\u00e9 v\u00e1m zostane v srdci","potentialAction":[{"@type":"SearchAction","target":{"@type":"EntryPoint","urlTemplate":"https:\/\/www.ponteo.sk\/?s={search_term_string}"},"query-input":"required name=search_term_string"}],"inLanguage":"en-US"}]}},"_links":{"self":[{"href":"https:\/\/www.ponteo.sk\/en\/wp-json\/wp\/v2\/pages\/3957"}],"collection":[{"href":"https:\/\/www.ponteo.sk\/en\/wp-json\/wp\/v2\/pages"}],"about":[{"href":"https:\/\/www.ponteo.sk\/en\/wp-json\/wp\/v2\/types\/page"}],"author":[{"embeddable":true,"href":"https:\/\/www.ponteo.sk\/en\/wp-json\/wp\/v2\/users\/4"}],"replies":[{"embeddable":true,"href":"https:\/\/www.ponteo.sk\/en\/wp-json\/wp\/v2\/comments?post=3957"}],"version-history":[{"count":57,"href":"https:\/\/www.ponteo.sk\/en\/wp-json\/wp\/v2\/pages\/3957\/revisions"}],"predecessor-version":[{"id":55014,"href":"https:\/\/www.ponteo.sk\/en\/wp-json\/wp\/v2\/pages\/3957\/revisions\/55014"}],"wp:featuredmedia":[{"embeddable":true,"href":"https:\/\/www.ponteo.sk\/en\/wp-json\/wp\/v2\/media\/39056"}],"wp:attachment":[{"href":"https:\/\/www.ponteo.sk\/en\/wp-json\/wp\/v2\/media?parent=3957"}],"curies":[{"name":"wp","href":"https:\/\/api.w.org\/{rel}","templated":true}]}}