{"id":45944,"date":"2025-06-30T13:32:17","date_gmt":"2025-06-30T11:32:17","guid":{"rendered":"https:\/\/www.ponteo.sk\/?page_id=45944"},"modified":"2025-07-01T12:27:16","modified_gmt":"2025-07-01T10:27:16","slug":"bratislava-lakes","status":"publish","type":"page","link":"https:\/\/www.ponteo.sk\/en\/hotel\/accommodation-packages\/bratislava-lakes\/","title":{"rendered":"Bratislava &#038; lakes"},"content":{"rendered":"<p><img loading=\"lazy\" decoding=\"async\" class=\"aligncenter wp-image-45841 size-full lazyload\" data-src=\"https:\/\/www.ponteo.sk\/wp-content\/uploads\/2025\/06\/Cunovske-jazero_4120-1100x550-1.jpg\" alt=\"\" width=\"1100\" height=\"550\" data-srcset=\"https:\/\/www.ponteo.sk\/wp-content\/uploads\/2025\/06\/Cunovske-jazero_4120-1100x550-1.jpg 1100w, https:\/\/www.ponteo.sk\/wp-content\/uploads\/2025\/06\/Cunovske-jazero_4120-1100x550-1-300x150.jpg 300w, https:\/\/www.ponteo.sk\/wp-content\/uploads\/2025\/06\/Cunovske-jazero_4120-1100x550-1-1024x512.jpg 1024w, https:\/\/www.ponteo.sk\/wp-content\/uploads\/2025\/06\/Cunovske-jazero_4120-1100x550-1-768x384.jpg 768w\" data-sizes=\"(max-width: 1100px) 100vw, 1100px\" src=\"data:image\/gif;base64,R0lGODlhAQABAAAAACH5BAEKAAEALAAAAAABAAEAAAICTAEAOw==\" style=\"--smush-placeholder-width: 1100px; --smush-placeholder-aspect-ratio: 1100\/550;\" \/><noscript><img loading=\"lazy\" decoding=\"async\" class=\"aligncenter wp-image-45841 size-full\" src=\"https:\/\/www.ponteo.sk\/wp-content\/uploads\/2025\/06\/Cunovske-jazero_4120-1100x550-1.jpg\" alt=\"\" width=\"1100\" height=\"550\" srcset=\"https:\/\/www.ponteo.sk\/wp-content\/uploads\/2025\/06\/Cunovske-jazero_4120-1100x550-1.jpg 1100w, https:\/\/www.ponteo.sk\/wp-content\/uploads\/2025\/06\/Cunovske-jazero_4120-1100x550-1-300x150.jpg 300w, https:\/\/www.ponteo.sk\/wp-content\/uploads\/2025\/06\/Cunovske-jazero_4120-1100x550-1-1024x512.jpg 1024w, https:\/\/www.ponteo.sk\/wp-content\/uploads\/2025\/06\/Cunovske-jazero_4120-1100x550-1-768x384.jpg 768w\" sizes=\"(max-width: 1100px) 100vw, 1100px\" \/><\/noscript><br \/>\n<!-- [xyz-ips snippet=\"avp\"] --><\/p>\n<p style=\"text-align: center;\"><a class=\"vfbutton2\" href=\"https:\/\/www.secure-hotel-booking.com\/Ponteo-Activity-Park-Rusovce\/2CU7\/en?hotelId=19103\">BOOK NOW<\/a><\/p>\n<h1 style=\"text-align: center;\">BRATISLAVA &amp; LAKES<\/h1>\n<h2 style=\"text-align: center;\">Summer tour of Bratislava and its surroundings<\/h2>\n<p class=\"p1\" style=\"text-align: center;\">Discover Bratislava from a completely different perspective. Combine refreshment by the clean lakes with exploring the cultural corners of the city of Bratislava. Stay at the 4* Ponteo hotel in Rusovce \u2013 an oasis of peace, just a short walk from the \u010cunovsk\u00e9 lakes, the beautiful nature of the Dunajsk\u00e9 luhy Protected Landscape Area, the Danube and the center of Bratislava. Discover Bratislava in a way that tourists usually don&#8217;t see it \u2013 through sports, nature and experiences that start right outside the doors of the Ponteo hotel.<\/p>\n<p class=\"p1\" style=\"text-align: center;\">The summer tour is perfect for families with children looking for active relaxation, couples longing for experiences as a couple or city explorers who don&#8217;t just want to wander the hot streets of Bratislava.<b> <\/b><\/p>\n<h4 class=\"p1\" style=\"text-align: center;\"><b>Summer in Bratislava has never been so refreshing.<\/b><\/h4>\n<hr style=\"color: #b9d986; background-color: #b9d986; height: 1px;\" \/>\n<h2 style=\"text-align: center;\">SUMMER STAY in Ponteo<\/h2>\n<h4 style=\"text-align: center;\">220 EUR\/ 2 people\/night<br \/>\n380 EUR\/ 2 people\/2 nights<\/h4>\n<hr style=\"color: #b9d986; background-color: #b9d986; width: 50%; height: 1px;\" \/>\n<h2 style=\"text-align: center;\">What can you expect?<\/h2>\n<div class=\"vf_bg4\">\n<p><img loading=\"lazy\" decoding=\"async\" class=\"vf_pict_news wp-image-45816 size-full alignleft lazyload\" data-src=\"https:\/\/www.ponteo.sk\/wp-content\/uploads\/2025\/06\/Cunovske-jazero_3861-450x300-1.jpg\" alt=\"\" width=\"450\" height=\"300\" data-srcset=\"https:\/\/www.ponteo.sk\/wp-content\/uploads\/2025\/06\/Cunovske-jazero_3861-450x300-1.jpg 450w, https:\/\/www.ponteo.sk\/wp-content\/uploads\/2025\/06\/Cunovske-jazero_3861-450x300-1-300x200.jpg 300w\" data-sizes=\"(max-width: 450px) 100vw, 450px\" src=\"data:image\/gif;base64,R0lGODlhAQABAAAAACH5BAEKAAEALAAAAAABAAEAAAICTAEAOw==\" style=\"--smush-placeholder-width: 450px; --smush-placeholder-aspect-ratio: 450\/300;\" \/><noscript><img loading=\"lazy\" decoding=\"async\" class=\"vf_pict_news wp-image-45816 size-full alignleft\" src=\"https:\/\/www.ponteo.sk\/wp-content\/uploads\/2025\/06\/Cunovske-jazero_3861-450x300-1.jpg\" alt=\"\" width=\"450\" height=\"300\" srcset=\"https:\/\/www.ponteo.sk\/wp-content\/uploads\/2025\/06\/Cunovske-jazero_3861-450x300-1.jpg 450w, https:\/\/www.ponteo.sk\/wp-content\/uploads\/2025\/06\/Cunovske-jazero_3861-450x300-1-300x200.jpg 300w\" sizes=\"(max-width: 450px) 100vw, 450px\" \/><\/noscript><\/p>\n<h3><\/h3>\n<h3 style=\"text-align: center;\">LAKES to swim in, a city to explore.<\/h3>\n<p class=\"p1\">Just a 10-minute walk from the Ponteo Hotel are the beautiful \u010cunovsk\u00e9 Lakes \u2013 an ideal place for summer refreshment. Swim in the clear water, sunbathe on the natural shore or enjoy paddleboarding on the lake. At the hotel we will be happy to lend you a paddleboard and a bicycle so that you can explore not only the water, but also the entire surroundings of Rusovce and the Danube Dam.<\/p>\n<p class=\"p1\"><strong>Active relaxation in the middle of nature is within reach \u2013 and all without having to leave Bratislava.<\/strong><\/p>\n<\/div>\n<div class=\"vf_bg4\">\n<p><img loading=\"lazy\" decoding=\"async\" class=\"vf_pict_news wp-image-45844 size-full alignright lazyload\" data-src=\"https:\/\/www.ponteo.sk\/wp-content\/uploads\/2025\/06\/Bratislava_leto-2020_Ba-hrad_dron_450x300.jpg\" alt=\"\" width=\"450\" height=\"300\" data-srcset=\"https:\/\/www.ponteo.sk\/wp-content\/uploads\/2025\/06\/Bratislava_leto-2020_Ba-hrad_dron_450x300.jpg 450w, https:\/\/www.ponteo.sk\/wp-content\/uploads\/2025\/06\/Bratislava_leto-2020_Ba-hrad_dron_450x300-300x200.jpg 300w\" data-sizes=\"(max-width: 450px) 100vw, 450px\" src=\"data:image\/gif;base64,R0lGODlhAQABAAAAACH5BAEKAAEALAAAAAABAAEAAAICTAEAOw==\" style=\"--smush-placeholder-width: 450px; --smush-placeholder-aspect-ratio: 450\/300;\" \/><noscript><img loading=\"lazy\" decoding=\"async\" class=\"vf_pict_news wp-image-45844 size-full alignright\" src=\"https:\/\/www.ponteo.sk\/wp-content\/uploads\/2025\/06\/Bratislava_leto-2020_Ba-hrad_dron_450x300.jpg\" alt=\"\" width=\"450\" height=\"300\" srcset=\"https:\/\/www.ponteo.sk\/wp-content\/uploads\/2025\/06\/Bratislava_leto-2020_Ba-hrad_dron_450x300.jpg 450w, https:\/\/www.ponteo.sk\/wp-content\/uploads\/2025\/06\/Bratislava_leto-2020_Ba-hrad_dron_450x300-300x200.jpg 300w\" sizes=\"(max-width: 450px) 100vw, 450px\" \/><\/noscript><\/p>\n<h3><\/h3>\n<ul style=\"text-align: center;\">\n<li>\n<h3>BRATISLAVA &#8211; history and art<\/h3>\n<p class=\"p1\" style=\"text-align: left;\">From the Ponteo Hotel you can reach the historical centre of Bratislava in 15 minutes by car. You can wander through the streets with pleasant caf\u00e9s and restaurants. But exploring can also be an experience in itself \u2013 for example by bike. Following the cycle path you can easily reach the old town, the Danubiana modern art gallery or the ancient Gerulata in Rusovce &#8211;\u00a0 a UNESCO World Heritage Site.<\/p>\n<\/li>\n<li>\n<p class=\"p1\" style=\"text-align: left;\"><strong>Combine exercise with exploring cultural monuments and art.<\/strong><\/p>\n<\/li>\n<\/ul>\n<\/div>\n<div class=\"vf_bg4\">\n<p><img loading=\"lazy\" decoding=\"async\" class=\"vf_pict_news alignleft wp-image-19846 size-full lazyload\" title=\"https:\/\/ponteo.sk\/wellness\/masaze\/\" data-src=\"https:\/\/www.ponteo.sk\/wp-content\/uploads\/2020\/04\/Wellness-kolaz-450x300-1.jpg\" alt=\"\" width=\"450\" height=\"300\" data-srcset=\"https:\/\/www.ponteo.sk\/wp-content\/uploads\/2020\/04\/Wellness-kolaz-450x300-1.jpg 450w, https:\/\/www.ponteo.sk\/wp-content\/uploads\/2020\/04\/Wellness-kolaz-450x300-1-300x200.jpg 300w\" data-sizes=\"(max-width: 450px) 100vw, 450px\" src=\"data:image\/gif;base64,R0lGODlhAQABAAAAACH5BAEKAAEALAAAAAABAAEAAAICTAEAOw==\" style=\"--smush-placeholder-width: 450px; --smush-placeholder-aspect-ratio: 450\/300;\" \/><noscript><img loading=\"lazy\" decoding=\"async\" class=\"vf_pict_news alignleft wp-image-19846 size-full\" title=\"https:\/\/ponteo.sk\/wellness\/masaze\/\" src=\"https:\/\/www.ponteo.sk\/wp-content\/uploads\/2020\/04\/Wellness-kolaz-450x300-1.jpg\" alt=\"\" width=\"450\" height=\"300\" srcset=\"https:\/\/www.ponteo.sk\/wp-content\/uploads\/2020\/04\/Wellness-kolaz-450x300-1.jpg 450w, https:\/\/www.ponteo.sk\/wp-content\/uploads\/2020\/04\/Wellness-kolaz-450x300-1-300x200.jpg 300w\" sizes=\"(max-width: 450px) 100vw, 450px\" \/><\/noscript><\/p>\n<h3 style=\"text-align: center;\"><\/h3>\n<h3 style=\"text-align: center;\">ENTERTAINMENT AND RELAXATION<\/h3>\n<ul style=\"text-align: center;\">\n<li style=\"text-align: left;\">\u2022 Treat yourself to relaxation or a massage in the stylish\u00a0 <strong><a href=\"https:\/\/www.ponteo.sk\/en\/wellness\/\">wellness center<\/a><\/strong>.<\/li>\n<li style=\"text-align: left;\">\n<h4><\/h4>\n<\/li>\n<li style=\"text-align: left;\">\u2022 If you are a lover of active holidays, take advantage of our outdoor tennis courts. Play <a href=\"https:\/\/www.ponteo.sk\/en\/sports-activities\/squash\/\">squash<\/a> or bowling in our <a href=\"https:\/\/www.ponteo.sk\/en\/ponteo-bar-bowling\/\">Bar&amp;Bowling<\/a>.<\/li>\n<li style=\"text-align: left;\">\n<h4><\/h4>\n<\/li>\n<li style=\"text-align: left;\">\u2022 We are on the border of 3 countries Slovakia, Hungary and Austria. Discover the surroundings of Bratislava &#8211; activities in the area.<\/li>\n<li style=\"text-align: left;\"><strong>After an active day, relax at the Ponteo hotel.<\/strong><\/li>\n<\/ul>\n<\/div>\n<h4><\/h4>\n<hr style=\"color: #b9d986; background-color: #b9d986; height: 1px;\" \/>\n<h4 style=\"text-align: center;\">The Price of the package includes:<\/h4>\n<ul>\n<li>\u2022 1 or 2x accomodation in a 2-bed room including a rich breakfast.<\/li>\n<li>\u2022 1 or 2x dinner in our stylish <a href=\"http:\/\/ponteo.sk\/restauracia\/\">restaurant<\/a> \/choice from three menus.<\/li>\n<li>\u2022 free bicycle rental for 2 persons (reservation required in advance)<\/li>\n<li>\u2022 free paddleboard rental (need to book in advance)<\/li>\n<li>\u2022 1x rental of the outdoor \u00a0<a href=\"https:\/\/ponteo.sk\/sport\/vonkajsie-ihriska\/\">sports ground<\/a>\u00a0or\u00a0<a href=\"http:\/\/ponteo.sk\/sport\/squash\/\">squash court<\/a>, rental of one\u00a0<a href=\"http:\/\/ponteo.sk\/bowling\/\">bowling alley<\/a>\u00a0with the associated equipment.<\/li>\n<li style=\"text-align: left;\">\u2022 1x entry into\u00a0<a href=\"http:\/\/ponteo.sk\/wellness\/\">wellness<\/a> (Finnish, Steam, Infrasauna) including a jacuzzi on an open terrace with a beautiful view of the sunset.<\/li>\n<li style=\"text-align: left;\">\u2022 Free entry into the <a href=\"http:\/\/ponteo.sk\/sport\/fitness\/\">fitness centre<\/a><\/li>\n<li style=\"text-align: left;\">\u2022 Wi-Fi in all the facilities for free<\/li>\n<li style=\"text-align: left;\">\u2022 Convenient parking in front of the hotel for free.<\/li>\n<\/ul>\n<p>During the stay you can use the services of the <a href=\"https:\/\/ponteo.sk\/en\/restaurant\/\">restaurant<\/a>, order a <a href=\"https:\/\/ponteo.sk\/en\/wellness\/massages\/\">massage<\/a> and other <a href=\"https:\/\/ponteo.sk\/en\/sports-activities\/\">sport<\/a> and <a href=\"https:\/\/ponteo.sk\/en\/wellness\/\">relax services<\/a> of Ponteo Activity Park billed according to the current price list.<\/p>\n<p><em>The package does not include the city tax 3,00 EUR\/person per day.\u00a0<\/em><\/p>\n<hr style=\"color: #b9d986; background-color: #b9d986; height: 1px;\" \/>\n","protected":false},"excerpt":{"rendered":"<p>BOOK NOW BRATISLAVA &amp; LAKES Summer tour of Bratislava and its surroundings Discover Bratislava from a completely different perspective. Combine refreshment by the clean lakes with exploring the cultural corners of the city of Bratislava. Stay at the 4* Ponteo<\/p>\n","protected":false},"author":4,"featured_media":45922,"parent":3979,"menu_order":0,"comment_status":"closed","ping_status":"closed","template":"page-templates\/business-two.php","meta":{"footnotes":""},"yoast_head":"<!-- This site is optimized with the Yoast SEO plugin v23.2 - https:\/\/yoast.com\/wordpress\/plugins\/seo\/ -->\n<title>Bratislava &amp; lakes | Hotel 4* PONTEO<\/title>\n<meta name=\"description\" content=\"Discover Bratislava from a completely different perspective. Combine refreshment by the clean lakes with exploring the city of Bratislava.\" \/>\n<meta name=\"robots\" content=\"index, follow, max-snippet:-1, max-image-preview:large, max-video-preview:-1\" \/>\n<link rel=\"canonical\" href=\"https:\/\/www.ponteo.sk\/en\/hotel\/accommodation-packages\/bratislava-lakes\/\" \/>\n<meta property=\"og:locale\" content=\"en_US\" \/>\n<meta property=\"og:type\" content=\"article\" \/>\n<meta property=\"og:title\" content=\"Bratislava &amp; lakes | Hotel 4* PONTEO\" \/>\n<meta property=\"og:description\" content=\"Discover Bratislava from a completely different perspective. Combine refreshment by the clean lakes with exploring the city of Bratislava.\" \/>\n<meta property=\"og:url\" content=\"https:\/\/www.ponteo.sk\/en\/hotel\/accommodation-packages\/bratislava-lakes\/\" \/>\n<meta property=\"og:site_name\" content=\"Hotel 4* PONTEO\" \/>\n<meta property=\"article:publisher\" content=\"https:\/\/www.facebook.com\/ponteo\/\" \/>\n<meta property=\"article:modified_time\" content=\"2025-07-01T10:27:16+00:00\" \/>\n<meta property=\"og:image\" content=\"https:\/\/www.ponteo.sk\/wp-content\/uploads\/2025\/06\/Cunovske-jazero_4120-340x230-1.jpg\" \/>\n\t<meta property=\"og:image:width\" content=\"340\" \/>\n\t<meta property=\"og:image:height\" content=\"230\" \/>\n\t<meta property=\"og:image:type\" content=\"image\/jpeg\" \/>\n<meta name=\"twitter:card\" content=\"summary_large_image\" \/>\n<meta name=\"twitter:label1\" content=\"Est. reading time\" \/>\n\t<meta name=\"twitter:data1\" content=\"5 minutes\" \/>\n<script type=\"application\/ld+json\" class=\"yoast-schema-graph\">{\"@context\":\"https:\/\/schema.org\",\"@graph\":[{\"@type\":\"WebPage\",\"@id\":\"https:\/\/www.ponteo.sk\/en\/hotel\/accommodation-packages\/bratislava-lakes\/\",\"url\":\"https:\/\/www.ponteo.sk\/en\/hotel\/accommodation-packages\/bratislava-lakes\/\",\"name\":\"Bratislava & lakes | Hotel 4* PONTEO\",\"isPartOf\":{\"@id\":\"https:\/\/www.ponteo.sk\/#website\"},\"primaryImageOfPage\":{\"@id\":\"https:\/\/www.ponteo.sk\/en\/hotel\/accommodation-packages\/bratislava-lakes\/#primaryimage\"},\"image\":{\"@id\":\"https:\/\/www.ponteo.sk\/en\/hotel\/accommodation-packages\/bratislava-lakes\/#primaryimage\"},\"thumbnailUrl\":\"https:\/\/www.ponteo.sk\/wp-content\/uploads\/2025\/06\/Cunovske-jazero_4120-340x230-1.jpg\",\"datePublished\":\"2025-06-30T11:32:17+00:00\",\"dateModified\":\"2025-07-01T10:27:16+00:00\",\"description\":\"Discover Bratislava from a completely different perspective. Combine refreshment by the clean lakes with exploring the city of Bratislava.\",\"breadcrumb\":{\"@id\":\"https:\/\/www.ponteo.sk\/en\/hotel\/accommodation-packages\/bratislava-lakes\/#breadcrumb\"},\"inLanguage\":\"en-US\",\"potentialAction\":[{\"@type\":\"ReadAction\",\"target\":[\"https:\/\/www.ponteo.sk\/en\/hotel\/accommodation-packages\/bratislava-lakes\/\"]}]},{\"@type\":\"ImageObject\",\"inLanguage\":\"en-US\",\"@id\":\"https:\/\/www.ponteo.sk\/en\/hotel\/accommodation-packages\/bratislava-lakes\/#primaryimage\",\"url\":\"https:\/\/www.ponteo.sk\/wp-content\/uploads\/2025\/06\/Cunovske-jazero_4120-340x230-1.jpg\",\"contentUrl\":\"https:\/\/www.ponteo.sk\/wp-content\/uploads\/2025\/06\/Cunovske-jazero_4120-340x230-1.jpg\",\"width\":340,\"height\":230},{\"@type\":\"BreadcrumbList\",\"@id\":\"https:\/\/www.ponteo.sk\/en\/hotel\/accommodation-packages\/bratislava-lakes\/#breadcrumb\",\"itemListElement\":[{\"@type\":\"ListItem\",\"position\":1,\"name\":\"Domov\",\"item\":\"https:\/\/www.ponteo.sk\/en\/\"},{\"@type\":\"ListItem\",\"position\":2,\"name\":\"Ponteo Hotel****\",\"item\":\"https:\/\/www.ponteo.sk\/en\/hotel\/\"},{\"@type\":\"ListItem\",\"position\":3,\"name\":\"Accommodation packages\",\"item\":\"https:\/\/www.ponteo.sk\/en\/hotel\/accommodation-packages\/\"},{\"@type\":\"ListItem\",\"position\":4,\"name\":\"Bratislava &#038; lakes\"}]},{\"@type\":\"WebSite\",\"@id\":\"https:\/\/www.ponteo.sk\/#website\",\"url\":\"https:\/\/www.ponteo.sk\/\",\"name\":\"Hotel 4* PONTEO\",\"description\":\"Miesto, ktor\u00e9 v\u00e1m zostane v srdci\",\"potentialAction\":[{\"@type\":\"SearchAction\",\"target\":{\"@type\":\"EntryPoint\",\"urlTemplate\":\"https:\/\/www.ponteo.sk\/?s={search_term_string}\"},\"query-input\":\"required name=search_term_string\"}],\"inLanguage\":\"en-US\"}]}<\/script>\n<!-- \/ Yoast SEO plugin. -->","yoast_head_json":{"title":"Bratislava & lakes | Hotel 4* PONTEO","description":"Discover Bratislava from a completely different perspective. Combine refreshment by the clean lakes with exploring the city of Bratislava.","robots":{"index":"index","follow":"follow","max-snippet":"max-snippet:-1","max-image-preview":"max-image-preview:large","max-video-preview":"max-video-preview:-1"},"canonical":"https:\/\/www.ponteo.sk\/en\/hotel\/accommodation-packages\/bratislava-lakes\/","og_locale":"en_US","og_type":"article","og_title":"Bratislava & lakes | Hotel 4* PONTEO","og_description":"Discover Bratislava from a completely different perspective. Combine refreshment by the clean lakes with exploring the city of Bratislava.","og_url":"https:\/\/www.ponteo.sk\/en\/hotel\/accommodation-packages\/bratislava-lakes\/","og_site_name":"Hotel 4* PONTEO","article_publisher":"https:\/\/www.facebook.com\/ponteo\/","article_modified_time":"2025-07-01T10:27:16+00:00","og_image":[{"width":340,"height":230,"url":"https:\/\/www.ponteo.sk\/wp-content\/uploads\/2025\/06\/Cunovske-jazero_4120-340x230-1.jpg","type":"image\/jpeg"}],"twitter_card":"summary_large_image","twitter_misc":{"Est. reading time":"5 minutes"},"schema":{"@context":"https:\/\/schema.org","@graph":[{"@type":"WebPage","@id":"https:\/\/www.ponteo.sk\/en\/hotel\/accommodation-packages\/bratislava-lakes\/","url":"https:\/\/www.ponteo.sk\/en\/hotel\/accommodation-packages\/bratislava-lakes\/","name":"Bratislava & lakes | Hotel 4* PONTEO","isPartOf":{"@id":"https:\/\/www.ponteo.sk\/#website"},"primaryImageOfPage":{"@id":"https:\/\/www.ponteo.sk\/en\/hotel\/accommodation-packages\/bratislava-lakes\/#primaryimage"},"image":{"@id":"https:\/\/www.ponteo.sk\/en\/hotel\/accommodation-packages\/bratislava-lakes\/#primaryimage"},"thumbnailUrl":"https:\/\/www.ponteo.sk\/wp-content\/uploads\/2025\/06\/Cunovske-jazero_4120-340x230-1.jpg","datePublished":"2025-06-30T11:32:17+00:00","dateModified":"2025-07-01T10:27:16+00:00","description":"Discover Bratislava from a completely different perspective. Combine refreshment by the clean lakes with exploring the city of Bratislava.","breadcrumb":{"@id":"https:\/\/www.ponteo.sk\/en\/hotel\/accommodation-packages\/bratislava-lakes\/#breadcrumb"},"inLanguage":"en-US","potentialAction":[{"@type":"ReadAction","target":["https:\/\/www.ponteo.sk\/en\/hotel\/accommodation-packages\/bratislava-lakes\/"]}]},{"@type":"ImageObject","inLanguage":"en-US","@id":"https:\/\/www.ponteo.sk\/en\/hotel\/accommodation-packages\/bratislava-lakes\/#primaryimage","url":"https:\/\/www.ponteo.sk\/wp-content\/uploads\/2025\/06\/Cunovske-jazero_4120-340x230-1.jpg","contentUrl":"https:\/\/www.ponteo.sk\/wp-content\/uploads\/2025\/06\/Cunovske-jazero_4120-340x230-1.jpg","width":340,"height":230},{"@type":"BreadcrumbList","@id":"https:\/\/www.ponteo.sk\/en\/hotel\/accommodation-packages\/bratislava-lakes\/#breadcrumb","itemListElement":[{"@type":"ListItem","position":1,"name":"Domov","item":"https:\/\/www.ponteo.sk\/en\/"},{"@type":"ListItem","position":2,"name":"Ponteo Hotel****","item":"https:\/\/www.ponteo.sk\/en\/hotel\/"},{"@type":"ListItem","position":3,"name":"Accommodation packages","item":"https:\/\/www.ponteo.sk\/en\/hotel\/accommodation-packages\/"},{"@type":"ListItem","position":4,"name":"Bratislava &#038; lakes"}]},{"@type":"WebSite","@id":"https:\/\/www.ponteo.sk\/#website","url":"https:\/\/www.ponteo.sk\/","name":"Hotel 4* PONTEO","description":"Miesto, ktor\u00e9 v\u00e1m zostane v srdci","potentialAction":[{"@type":"SearchAction","target":{"@type":"EntryPoint","urlTemplate":"https:\/\/www.ponteo.sk\/?s={search_term_string}"},"query-input":"required name=search_term_string"}],"inLanguage":"en-US"}]}},"_links":{"self":[{"href":"https:\/\/www.ponteo.sk\/en\/wp-json\/wp\/v2\/pages\/45944"}],"collection":[{"href":"https:\/\/www.ponteo.sk\/en\/wp-json\/wp\/v2\/pages"}],"about":[{"href":"https:\/\/www.ponteo.sk\/en\/wp-json\/wp\/v2\/types\/page"}],"author":[{"embeddable":true,"href":"https:\/\/www.ponteo.sk\/en\/wp-json\/wp\/v2\/users\/4"}],"replies":[{"embeddable":true,"href":"https:\/\/www.ponteo.sk\/en\/wp-json\/wp\/v2\/comments?post=45944"}],"version-history":[{"count":8,"href":"https:\/\/www.ponteo.sk\/en\/wp-json\/wp\/v2\/pages\/45944\/revisions"}],"predecessor-version":[{"id":45980,"href":"https:\/\/www.ponteo.sk\/en\/wp-json\/wp\/v2\/pages\/45944\/revisions\/45980"}],"up":[{"embeddable":true,"href":"https:\/\/www.ponteo.sk\/en\/wp-json\/wp\/v2\/pages\/3979"}],"wp:featuredmedia":[{"embeddable":true,"href":"https:\/\/www.ponteo.sk\/en\/wp-json\/wp\/v2\/media\/45922"}],"wp:attachment":[{"href":"https:\/\/www.ponteo.sk\/en\/wp-json\/wp\/v2\/media?parent=45944"}],"curies":[{"name":"wp","href":"https:\/\/api.w.org\/{rel}","templated":true}]}}